{"id":2,"date":"2023-10-13T11:02:31","date_gmt":"2023-10-13T09:02:31","guid":{"rendered":"http:\/\/ucatedravino.es\/?page_id=2"},"modified":"2023-11-04T12:56:32","modified_gmt":"2023-11-04T11:56:32","slug":"inicio","status":"publish","type":"page","link":"https:\/\/ucatedravino.es\/en\/","title":{"rendered":"Start"},"content":{"rendered":"<div class=\"grve-section grve-middle-content\" data-section-title=\"\" data-section-type=\"fullwidth-background\" data-image-type=\"none\" data-full-height=\"no\"  style=\"padding-top: 75px;padding-bottom: 75px;\"><div class=\"grve-row grve-bookmark\"><div class=\"wpb_column grve-column grve-bookmark grve-column-1\"><div class=\"grve-row grve-bookmark\"><div class=\"wpb_column grve-column grve-bookmark grve-column-1-3\"><div class=\"grve-element grve-image grve-align-center\" style=\"\"><a class=\"grve-image-popup\" href=\"https:\/\/ucatedravino.es\/wp-content\/uploads\/2023\/10\/serafin_catedravino-2.jpg\"><img loading=\"lazy\" decoding=\"async\" width=\"318\" height=\"625\" src=\"https:\/\/ucatedravino.es\/wp-content\/uploads\/2023\/10\/serafin_catedravino-2.jpg\" class=\"attachment-full size-full\" alt=\"\" srcset=\"https:\/\/ucatedravino.es\/wp-content\/uploads\/2023\/10\/serafin_catedravino-2.jpg 318w, https:\/\/ucatedravino.es\/wp-content\/uploads\/2023\/10\/serafin_catedravino-2-153x300.jpg 153w, https:\/\/ucatedravino.es\/wp-content\/uploads\/2023\/10\/serafin_catedravino-2-6x12.jpg 6w\" sizes=\"auto, (max-width: 318px) 100vw, 318px\" \/><\/a><\/div><\/div><div class=\"wpb_column grve-column grve-bookmark grve-column-2-3\"><h3 class=\"grve-element grve-align-left grve-title-line grve-h3\" style=\"\"><span>Presentation<\/span><\/h3><div class=\"grve-element grve-text\"><p style=\"text-align: justify;\">Bienvenidos a la C\u00e1tedra Vino, Sociedad y Sostenibilidad de la Universidad de C\u00e1diz, adscrita a la Facultad de Ciencias Sociales y de la Comunicaci\u00f3n y con el patronazgo de la Fundaci\u00f3n Caja Rural del Sur.<br \/>\nComo Director de la misma os invito a un espacio multidisciplinar y abierto para abordar el vino y su relaci\u00f3n con la sociedad y su entorno, siempre desde una perspectiva de objeto de estudio sostenible no s\u00f3lo para nosotros en la actualidad, sino tambi\u00e9n para generaciones futuras.<br \/>\nQueremos, como espacio multidisciplinar, sumarnos a las instituciones y organizaciones que tienen al vino como eje de su raz\u00f3n de ser. Bodegueros, Consejos Reguladores, Divulgadores, Hosteleros, Formadores, etc. Desde disciplinas como la Psicolog\u00eda Social, B\u00e1sica y Evolutiva; el Marketing, la Comunicaci\u00f3n, el An\u00e1lisis Geogr\u00e1fico o la Inform\u00e1tica, entre otras, queremos abordar cuestiones tan dispares, como esenciales, para el desarrollo y an\u00e1lisis del vino. Estudio de actitudes, evocaciones emocionales, Branding, an\u00e1lisis del consumidor, background cultural, comunicaci\u00f3n audiovisual, etc.<br \/>\nSomos una c\u00e1tedra abierta y desde aqu\u00ed, los profesionales acad\u00e9micos que la componen, os invitamos a participar en actividades de investigaci\u00f3n, transferencia y divulgaci\u00f3n de aquellos aspectos relevantes del mundo del vino incardinados en la sociedad.<br \/>\nBienvenidos a este viaje apasionante sobre uno de los elementos m\u00e1s relevantes, presente en todas las civilizaciones, cohesionador de las mismas y clave cultural de los pueblos.<\/p>\n<h6>Seraf\u00edn J. Cruces Montes<\/h6>\n<\/div><\/div><\/div><\/div> <\/div><div class=\"grve-background-wrapper\"><\/div><\/div><div class=\"grve-section grve-middle-content\" data-section-title=\"\" data-section-type=\"fullwidth-background\" data-image-type=\"parallax\" data-full-height=\"no\"  style=\"padding-top: 200px;padding-bottom: 200px;\"><div class=\"grve-row grve-bookmark\"><div class=\"wpb_column grve-column grve-bookmark grve-column-1\"><div class=\"grve-row grve-bookmark\"><div class=\"wpb_column grve-column grve-bookmark grve-column-1-2\"><h2 style=\"font-size: 45px;color: #ffffff;text-align: left;font-family:Open Sans;font-weight:800;font-style:normal\" class=\"vc_custom_heading\" >MAILING<\/h2><div class=\"grve-element grve-text\"><h4 style=\"text-align: left;\"><span style=\"color: #ffffff;\"><strong>\u00bfTe gustar\u00eda recibir m\u00e1s informaci\u00f3n?<\/strong><\/span><\/h4>\n<\/div>\n<div class=\"wpcf7 no-js\" id=\"wpcf7-f351-o1\" lang=\"es-ES\" dir=\"ltr\" data-wpcf7-id=\"351\">\n<div class=\"screen-reader-response\"><p role=\"status\" aria-live=\"polite\" aria-atomic=\"true\"><\/p> <ul><\/ul><\/div>\n<form action=\"\/en\/wp-json\/wp\/v2\/pages\/2#wpcf7-f351-o1\" method=\"post\" class=\"wpcf7-form init\" aria-label=\"Formulario de contacto\" novalidate=\"novalidate\" data-status=\"init\" data-trp-original-action=\"\/en\/wp-json\/wp\/v2\/pages\/2#wpcf7-f351-o1\">\n<fieldset class=\"hidden-fields-container\"><input type=\"hidden\" name=\"_wpcf7\" value=\"351\" \/><input type=\"hidden\" name=\"_wpcf7_version\" value=\"6.1.5\" \/><input type=\"hidden\" name=\"_wpcf7_locale\" value=\"es_ES\" \/><input type=\"hidden\" name=\"_wpcf7_unit_tag\" value=\"wpcf7-f351-o1\" \/><input type=\"hidden\" name=\"_wpcf7_container_post\" value=\"0\" \/><input type=\"hidden\" name=\"_wpcf7_posted_data_hash\" value=\"\" \/>\n<\/fieldset>\n<p><span class=\"wpcf7-form-control-wrap\" data-name=\"email-241\"><input size=\"40\" maxlength=\"400\" class=\"wpcf7-form-control wpcf7-email wpcf7-validates-as-required wpcf7-text wpcf7-validates-as-email\" aria-required=\"true\" aria-invalid=\"false\" value=\"Su correo electr\u00f3nico\" type=\"email\" name=\"email-241\" \/><\/span><br \/>\n<span class=\"wpcf7-form-control-wrap\" data-name=\"acceptance-891\"><span class=\"wpcf7-form-control wpcf7-acceptance\"><span class=\"wpcf7-list-item\"><label><input type=\"checkbox\" name=\"acceptance-891\" value=\"1\" aria-invalid=\"false\" \/><span class=\"wpcf7-list-item-label\">He le\u00eddo y acepto los t\u00e9rminos y condiciones<\/span><\/label><\/span><\/span><\/span><br \/>\n<input class=\"wpcf7-form-control wpcf7-submit has-spinner\" type=\"submit\" value=\"Suscr\u00edbase\" \/>\n<\/p><div class=\"wpcf7-response-output\" aria-hidden=\"true\"><\/div>\n<input type=\"hidden\" name=\"trp-form-language\" value=\"en\"\/><\/form>\n<\/div>\n<\/div><div class=\"wpb_column grve-column grve-bookmark grve-column-1-2\"><div class=\"grve-element grve-image grve-align-center\" style=\"\"><img loading=\"lazy\" decoding=\"async\" width=\"375\" height=\"375\" src=\"https:\/\/ucatedravino.es\/wp-content\/uploads\/2023\/11\/newsletter_catedravino-e1699037161463.png\" class=\"attachment-full size-full\" alt=\"\" \/><\/div><\/div><\/div><\/div> <\/div><div class=\"grve-background-wrapper\">  <div class=\"grve-dark-overlay grve-overlay-50\"><\/div>  <div class=\"grve-bg-image\" data-stellar-ratio=\"0.5\"  style=\"background-image: url(https:\/\/ucatedravino.es\/wp-content\/uploads\/2023\/10\/paralax_ucavino-1-1920x1282.jpg);\"><\/div><\/div><\/div><div class=\"grve-section\" data-section-title=\"\" data-section-type=\"fullwidth-background\" data-image-type=\"none\" data-full-height=\"no\"  style=\"padding-top: 75px;padding-bottom: 75px;\"><div class=\"grve-row grve-bookmark\"><div class=\"wpb_column grve-column grve-bookmark grve-column-1\"><h2 class=\"grve-element grve-align-center grve-title-line grve-h2\" style=\"\"><span>Entidades Patronas<\/span><\/h2><div class=\"vc_empty_space\"   style=\"height: 32px\"><span class=\"vc_empty_space_inner\"><\/span><\/div><div class=\"grve-row grve-bookmark\"><div class=\"wpb_column grve-column grve-bookmark grve-column-1-4\"><div class=\"grve-element grve-image grve-align-center\" style=\"\"><a href=\"https:\/\/fundacioncajaruraldelsur.com\/\" target=\"_blank\"><img loading=\"lazy\" decoding=\"async\" width=\"350\" height=\"200\" src=\"https:\/\/ucatedravino.es\/wp-content\/uploads\/2023\/10\/cajarural_ucavino.jpg\" class=\"attachment-full size-full\" alt=\"\" srcset=\"https:\/\/ucatedravino.es\/wp-content\/uploads\/2023\/10\/cajarural_ucavino.jpg 350w, https:\/\/ucatedravino.es\/wp-content\/uploads\/2023\/10\/cajarural_ucavino-300x171.jpg 300w, https:\/\/ucatedravino.es\/wp-content\/uploads\/2023\/10\/cajarural_ucavino-18x10.jpg 18w\" sizes=\"auto, (max-width: 350px) 100vw, 350px\" \/><\/a><\/div><\/div><div class=\"wpb_column grve-column grve-bookmark grve-column-1-4\"><div class=\"grve-element grve-image grve-align-center\" style=\"\"><a href=\"https:\/\/ccsociales.uca.es\/\" target=\"_blank\"><img loading=\"lazy\" decoding=\"async\" width=\"350\" height=\"200\" src=\"https:\/\/ucatedravino.es\/wp-content\/uploads\/2023\/10\/facultad_ucavino.jpg\" class=\"attachment-full size-full\" alt=\"\" srcset=\"https:\/\/ucatedravino.es\/wp-content\/uploads\/2023\/10\/facultad_ucavino.jpg 350w, https:\/\/ucatedravino.es\/wp-content\/uploads\/2023\/10\/facultad_ucavino-300x171.jpg 300w, https:\/\/ucatedravino.es\/wp-content\/uploads\/2023\/10\/facultad_ucavino-18x10.jpg 18w\" sizes=\"auto, (max-width: 350px) 100vw, 350px\" \/><\/a><\/div><\/div><div class=\"wpb_column grve-column grve-bookmark grve-column-1-4\"><div class=\"grve-element grve-image grve-align-center\" style=\"\"><a href=\"https:\/\/indess.uca.es\/\" target=\"_blank\"><img loading=\"lazy\" decoding=\"async\" width=\"350\" height=\"200\" src=\"https:\/\/ucatedravino.es\/wp-content\/uploads\/2023\/10\/indess_ucavino.jpg\" class=\"attachment-full size-full\" alt=\"\" srcset=\"https:\/\/ucatedravino.es\/wp-content\/uploads\/2023\/10\/indess_ucavino.jpg 350w, https:\/\/ucatedravino.es\/wp-content\/uploads\/2023\/10\/indess_ucavino-300x171.jpg 300w, https:\/\/ucatedravino.es\/wp-content\/uploads\/2023\/10\/indess_ucavino-18x10.jpg 18w\" sizes=\"auto, (max-width: 350px) 100vw, 350px\" \/><\/a><\/div><\/div><div class=\"wpb_column grve-column grve-bookmark grve-column-1-4\"><div class=\"grve-element grve-image grve-align-center\" style=\"\"><a href=\"https:\/\/www.uca.es\/los-campus\/jerez\/\" target=\"_blank\"><img loading=\"lazy\" decoding=\"async\" width=\"350\" height=\"200\" src=\"https:\/\/ucatedravino.es\/wp-content\/uploads\/2023\/10\/uca_ucavino.jpg\" class=\"attachment-full size-full\" alt=\"\" srcset=\"https:\/\/ucatedravino.es\/wp-content\/uploads\/2023\/10\/uca_ucavino.jpg 350w, https:\/\/ucatedravino.es\/wp-content\/uploads\/2023\/10\/uca_ucavino-300x171.jpg 300w, https:\/\/ucatedravino.es\/wp-content\/uploads\/2023\/10\/uca_ucavino-18x10.jpg 18w\" sizes=\"auto, (max-width: 350px) 100vw, 350px\" \/><\/a><\/div><\/div><\/div><\/div> <\/div><div class=\"grve-background-wrapper\"><\/div><\/div>","protected":false},"excerpt":{"rendered":"Presentaci\u00f3nBienvenidos a la C\u00e1tedra Vino, Sociedad y Sostenibilidad de la Universidad de C\u00e1diz, adscrita a la Facultad de Ciencias Sociales y de la Comunicaci\u00f3n y con el patronazgo de la Fundaci\u00f3n Caja Rural del Sur. Como Director de la misma os invito a un espacio multidisciplinar y abierto para abordar el vino y su relaci\u00f3n [...]","protected":false},"author":1,"featured_media":0,"parent":0,"menu_order":0,"comment_status":"closed","ping_status":"open","template":"","meta":{"footnotes":""},"class_list":["post-2","page","type-page","status-publish","hentry"],"yoast_head":"<!-- This site is optimized with the Yoast SEO plugin v27.4 - https:\/\/yoast.com\/product\/yoast-seo-wordpress\/ -->\n<title>Inicio - C\u00e1tedra Vino, Sociedad y Sostenibilidad<\/title>\n<meta name=\"robots\" content=\"index, follow, max-snippet:-1, max-image-preview:large, max-video-preview:-1\" \/>\n<link rel=\"canonical\" href=\"https:\/\/ucatedravino.es\/en\/\" \/>\n<meta property=\"og:locale\" content=\"en_GB\" \/>\n<meta property=\"og:type\" content=\"article\" \/>\n<meta property=\"og:title\" content=\"Inicio - C\u00e1tedra Vino, Sociedad y Sostenibilidad\" \/>\n<meta property=\"og:url\" content=\"https:\/\/ucatedravino.es\/en\/\" \/>\n<meta property=\"og:site_name\" content=\"C\u00e1tedra Vino, Sociedad y Sostenibilidad\" \/>\n<meta property=\"article:publisher\" content=\"https:\/\/www.facebook.com\/profile.php?id=61554673476914\" \/>\n<meta property=\"article:modified_time\" content=\"2023-11-04T11:56:32+00:00\" \/>\n<meta name=\"twitter:card\" content=\"summary_large_image\" \/>\n<meta name=\"twitter:label1\" content=\"Estimated reading time\" \/>\n\t<meta name=\"twitter:data1\" content=\"3 minutes\" \/>\n<script type=\"application\/ld+json\" class=\"yoast-schema-graph\">{\"@context\":\"https:\\\/\\\/schema.org\",\"@graph\":[{\"@type\":\"WebPage\",\"@id\":\"https:\\\/\\\/ucatedravino.es\\\/\",\"url\":\"https:\\\/\\\/ucatedravino.es\\\/\",\"name\":\"Inicio - C\u00e1tedra Vino, Sociedad y Sostenibilidad\",\"isPartOf\":{\"@id\":\"https:\\\/\\\/ucatedravino.es\\\/#website\"},\"datePublished\":\"2023-10-13T09:02:31+00:00\",\"dateModified\":\"2023-11-04T11:56:32+00:00\",\"breadcrumb\":{\"@id\":\"https:\\\/\\\/ucatedravino.es\\\/#breadcrumb\"},\"inLanguage\":\"en-GB\",\"potentialAction\":[{\"@type\":\"ReadAction\",\"target\":[\"https:\\\/\\\/ucatedravino.es\\\/\"]}]},{\"@type\":\"BreadcrumbList\",\"@id\":\"https:\\\/\\\/ucatedravino.es\\\/#breadcrumb\",\"itemListElement\":[{\"@type\":\"ListItem\",\"position\":1,\"name\":\"Portada\",\"item\":\"https:\\\/\\\/ucatedravino.es\\\/\"},{\"@type\":\"ListItem\",\"position\":2,\"name\":\"Inicio\"}]},{\"@type\":\"WebSite\",\"@id\":\"https:\\\/\\\/ucatedravino.es\\\/#website\",\"url\":\"https:\\\/\\\/ucatedravino.es\\\/\",\"name\":\"C\u00e1tedra Vino, Sociedad y Sostenibilidad\",\"description\":\"Facultad de CCSS y de la Comunicaci\u00f3n. Universidad de C\u00e1diz\",\"publisher\":{\"@id\":\"https:\\\/\\\/ucatedravino.es\\\/#organization\"},\"potentialAction\":[{\"@type\":\"SearchAction\",\"target\":{\"@type\":\"EntryPoint\",\"urlTemplate\":\"https:\\\/\\\/ucatedravino.es\\\/?s={search_term_string}\"},\"query-input\":{\"@type\":\"PropertyValueSpecification\",\"valueRequired\":true,\"valueName\":\"search_term_string\"}}],\"inLanguage\":\"en-GB\"},{\"@type\":\"Organization\",\"@id\":\"https:\\\/\\\/ucatedravino.es\\\/#organization\",\"name\":\"C\u00e1tedra Vino, Sociedad y Sostenibilidad\",\"url\":\"https:\\\/\\\/ucatedravino.es\\\/\",\"logo\":{\"@type\":\"ImageObject\",\"inLanguage\":\"en-GB\",\"@id\":\"https:\\\/\\\/ucatedravino.es\\\/#\\\/schema\\\/logo\\\/image\\\/\",\"url\":\"https:\\\/\\\/ucatedravino.es\\\/wp-content\\\/uploads\\\/2023\\\/11\\\/logo_catedraVino.png\",\"contentUrl\":\"https:\\\/\\\/ucatedravino.es\\\/wp-content\\\/uploads\\\/2023\\\/11\\\/logo_catedraVino.png\",\"width\":200,\"height\":93,\"caption\":\"C\u00e1tedra Vino, Sociedad y Sostenibilidad\"},\"image\":{\"@id\":\"https:\\\/\\\/ucatedravino.es\\\/#\\\/schema\\\/logo\\\/image\\\/\"},\"sameAs\":[\"https:\\\/\\\/www.facebook.com\\\/profile.php?id=61554673476914\",\"https:\\\/\\\/www.instagram.com\\\/ucatedravino\\\/\"]}]}<\/script>\n<!-- \/ Yoast SEO plugin. -->","yoast_head_json":{"title":"Inicio - C\u00e1tedra Vino, Sociedad y Sostenibilidad","robots":{"index":"index","follow":"follow","max-snippet":"max-snippet:-1","max-image-preview":"max-image-preview:large","max-video-preview":"max-video-preview:-1"},"canonical":"https:\/\/ucatedravino.es\/en\/","og_locale":"en_GB","og_type":"article","og_title":"Inicio - C\u00e1tedra Vino, Sociedad y Sostenibilidad","og_url":"https:\/\/ucatedravino.es\/en\/","og_site_name":"C\u00e1tedra Vino, Sociedad y Sostenibilidad","article_publisher":"https:\/\/www.facebook.com\/profile.php?id=61554673476914","article_modified_time":"2023-11-04T11:56:32+00:00","twitter_card":"summary_large_image","twitter_misc":{"Estimated reading time":"3 minutes"},"schema":{"@context":"https:\/\/schema.org","@graph":[{"@type":"WebPage","@id":"https:\/\/ucatedravino.es\/","url":"https:\/\/ucatedravino.es\/","name":"Inicio - C\u00e1tedra Vino, Sociedad y Sostenibilidad","isPartOf":{"@id":"https:\/\/ucatedravino.es\/#website"},"datePublished":"2023-10-13T09:02:31+00:00","dateModified":"2023-11-04T11:56:32+00:00","breadcrumb":{"@id":"https:\/\/ucatedravino.es\/#breadcrumb"},"inLanguage":"en-GB","potentialAction":[{"@type":"ReadAction","target":["https:\/\/ucatedravino.es\/"]}]},{"@type":"BreadcrumbList","@id":"https:\/\/ucatedravino.es\/#breadcrumb","itemListElement":[{"@type":"ListItem","position":1,"name":"Portada","item":"https:\/\/ucatedravino.es\/"},{"@type":"ListItem","position":2,"name":"Inicio"}]},{"@type":"WebSite","@id":"https:\/\/ucatedravino.es\/#website","url":"https:\/\/ucatedravino.es\/","name":"C\u00e1tedra Vino, Sociedad y Sostenibilidad","description":"Facultad de CCSS y de la Comunicaci\u00f3n. Universidad de C\u00e1diz","publisher":{"@id":"https:\/\/ucatedravino.es\/#organization"},"potentialAction":[{"@type":"SearchAction","target":{"@type":"EntryPoint","urlTemplate":"https:\/\/ucatedravino.es\/?s={search_term_string}"},"query-input":{"@type":"PropertyValueSpecification","valueRequired":true,"valueName":"search_term_string"}}],"inLanguage":"en-GB"},{"@type":"Organization","@id":"https:\/\/ucatedravino.es\/#organization","name":"C\u00e1tedra Vino, Sociedad y Sostenibilidad","url":"https:\/\/ucatedravino.es\/","logo":{"@type":"ImageObject","inLanguage":"en-GB","@id":"https:\/\/ucatedravino.es\/#\/schema\/logo\/image\/","url":"https:\/\/ucatedravino.es\/wp-content\/uploads\/2023\/11\/logo_catedraVino.png","contentUrl":"https:\/\/ucatedravino.es\/wp-content\/uploads\/2023\/11\/logo_catedraVino.png","width":200,"height":93,"caption":"C\u00e1tedra Vino, Sociedad y Sostenibilidad"},"image":{"@id":"https:\/\/ucatedravino.es\/#\/schema\/logo\/image\/"},"sameAs":["https:\/\/www.facebook.com\/profile.php?id=61554673476914","https:\/\/www.instagram.com\/ucatedravino\/"]}]}},"_links":{"self":[{"href":"https:\/\/ucatedravino.es\/en\/wp-json\/wp\/v2\/pages\/2","targetHints":{"allow":["GET"]}}],"collection":[{"href":"https:\/\/ucatedravino.es\/en\/wp-json\/wp\/v2\/pages"}],"about":[{"href":"https:\/\/ucatedravino.es\/en\/wp-json\/wp\/v2\/types\/page"}],"author":[{"embeddable":true,"href":"https:\/\/ucatedravino.es\/en\/wp-json\/wp\/v2\/users\/1"}],"replies":[{"embeddable":true,"href":"https:\/\/ucatedravino.es\/en\/wp-json\/wp\/v2\/comments?post=2"}],"version-history":[{"count":65,"href":"https:\/\/ucatedravino.es\/en\/wp-json\/wp\/v2\/pages\/2\/revisions"}],"predecessor-version":[{"id":353,"href":"https:\/\/ucatedravino.es\/en\/wp-json\/wp\/v2\/pages\/2\/revisions\/353"}],"wp:attachment":[{"href":"https:\/\/ucatedravino.es\/en\/wp-json\/wp\/v2\/media?parent=2"}],"curies":[{"name":"wp","href":"https:\/\/api.w.org\/{rel}","templated":true}]}}