{"id":23,"date":"2023-10-16T21:19:11","date_gmt":"2023-10-16T19:19:11","guid":{"rendered":"https:\/\/ucatedravino.es\/?page_id=23"},"modified":"2023-11-08T21:33:21","modified_gmt":"2023-11-08T20:33:21","slug":"la-catedra","status":"publish","type":"page","link":"https:\/\/ucatedravino.es\/en\/la-catedra\/","title":{"rendered":"The Chair"},"content":{"rendered":"<div class=\"grve-section\" data-section-title=\"\" data-section-type=\"fullwidth-background\" data-image-type=\"none\" data-full-height=\"no\"><div class=\"grve-row grve-bookmark\"><div class=\"wpb_column grve-column grve-bookmark grve-column-1\"><h2 class=\"grve-element grve-align-center grve-title-line grve-h2\" style=\"\"><span>VISI\u00d3N de la C\u00c1TEDRA<\/span><\/h2><div class=\"grve-element grve-text\"><p style=\"text-align: justify;\">La C\u00e1tedra Universitaria Vino, Sociedad y Sostenibilidad de la Universidad de C\u00e1diz, perteneciente a la Facultad de Ciencias Sociales y de la Comunicaci\u00f3n, en colaboraci\u00f3n con el Instituto de Desarrollo Social y Sostenible INDESS y patrocinada por la Fundaci\u00f3n Caja Rural del Sur viene a sumarse a otras instituciones y organismos de nuestro entorno que vehiculan su actividad en torno al vino.<br \/>\nSin embargo, nuestra orientaci\u00f3n acad\u00e9mica y universitaria, unida al hecho de estar adscrita a la Facultad de Ciencias Sociales y de la Comunicaci\u00f3n, plantea la necesidad de explorar nuevas perspectivas que nos ayuden a estudiar la complejidad del vino de cara aumentar nuestro conocimiento sobre el mismo, los consumidores y la manera de promocionar su consumo de forma responsable.<br \/>\nEsto incluye aspectos actitudinales, emocionales, psicosociales y el uso de t\u00e9cnicas innovadoras para el marketing y la publicidad, as\u00ed como tambi\u00e9n potenciar espacios de comunicaci\u00f3n audiovisual sobre el mismo. Esta C\u00e1tedra debe servir para abarcar y canalizar diferentes actividades (formativas, divulgativas y de investigaci\u00f3n) y desde este enfoque mejorar el conocimiento cient\u00edfico actual del sector y sus participantes.<br \/>\nAdem\u00e1s, todo ello brindar\u00e1 a las empresas que forman parte de la industria, de una manera directa o indirecta, la posibilidad de aplicar los resultados alcanzados en las investigaciones realizadas, as\u00ed como potenciar aquellas actividades de formaci\u00f3n, difusi\u00f3n, innovaci\u00f3n y transferencia que se puedan desarrollar en su seno.<br \/>\nEntre los objetivos de la C\u00e1tedra se encuentran:<br \/>\n\u25cf Promover la Investigaci\u00f3n, Desarrollo e Innovaci\u00f3n (I+D+i) permanente para potenciar la cultura del vino y la conservaci\u00f3n de los aspectos materiales e inmateriales del mismo.<br \/>\n\u25cf Participar en el desarrollo de nuevos canales de educaci\u00f3n, comunicaci\u00f3n y participaci\u00f3n para promover y potenciar el uso de los Vinos tanto del Marco de Jerez como de la Indicaci\u00f3n Geogr\u00e1fica Protegida (IGP) de los vinos de C\u00e1diz, como punto de partida.<br \/>\n\u25cf Colaborar en la tarea de fomentar la formaci\u00f3n t\u00e9cnica y profesional dirigida a profesionales del marketing, de la publicidad, del turismo, de la enolog\u00eda, as\u00ed como tambi\u00e9n para el p\u00fablico en general adoptando una vertiente tanto formativa como divulgativa.<br \/>\n\u25cf Participar en el desarrollo de nuevos canales de educaci\u00f3n, comunicaci\u00f3n y participaci\u00f3n para promover y potenciar el uso de los Vinos tanto del Marco de Jerez como de la Indicaci\u00f3n Geogr\u00e1fica Protegida (IGP) de los vinos de C\u00e1diz.<\/p>\n<\/div><\/div> <\/div><div class=\"grve-background-wrapper\"><\/div><\/div>","protected":false},"excerpt":{"rendered":"VISI\u00d3N de la C\u00c1TEDRALa C\u00e1tedra Universitaria Vino, Sociedad y Sostenibilidad de la Universidad de C\u00e1diz, perteneciente a la Facultad de Ciencias Sociales y de la Comunicaci\u00f3n, en colaboraci\u00f3n con el Instituto de Desarrollo Social y Sostenible INDESS y patrocinada por la Fundaci\u00f3n Caja Rural del Sur viene a sumarse a otras instituciones y organismos de [...]","protected":false},"author":2,"featured_media":0,"parent":0,"menu_order":0,"comment_status":"closed","ping_status":"closed","template":"","meta":{"footnotes":""},"class_list":["post-23","page","type-page","status-publish","hentry"],"yoast_head":"<!-- This site is optimized with the Yoast SEO plugin v27.4 - https:\/\/yoast.com\/product\/yoast-seo-wordpress\/ -->\n<title>La C\u00e1tedra - C\u00e1tedra Vino, Sociedad y Sostenibilidad<\/title>\n<meta name=\"robots\" content=\"index, follow, max-snippet:-1, max-image-preview:large, max-video-preview:-1\" \/>\n<link rel=\"canonical\" href=\"https:\/\/ucatedravino.es\/en\/la-catedra\/\" \/>\n<meta property=\"og:locale\" content=\"en_GB\" \/>\n<meta property=\"og:type\" content=\"article\" \/>\n<meta property=\"og:title\" content=\"La C\u00e1tedra - C\u00e1tedra Vino, Sociedad y Sostenibilidad\" \/>\n<meta property=\"og:url\" content=\"https:\/\/ucatedravino.es\/en\/la-catedra\/\" \/>\n<meta property=\"og:site_name\" content=\"C\u00e1tedra Vino, Sociedad y Sostenibilidad\" \/>\n<meta property=\"article:publisher\" content=\"https:\/\/www.facebook.com\/profile.php?id=61554673476914\" \/>\n<meta property=\"article:modified_time\" content=\"2023-11-08T20:33:21+00:00\" \/>\n<meta name=\"twitter:card\" content=\"summary_large_image\" \/>\n<meta name=\"twitter:label1\" content=\"Estimated reading time\" \/>\n\t<meta name=\"twitter:data1\" content=\"2 minutes\" \/>\n<script type=\"application\/ld+json\" class=\"yoast-schema-graph\">{\"@context\":\"https:\\\/\\\/schema.org\",\"@graph\":[{\"@type\":\"WebPage\",\"@id\":\"https:\\\/\\\/ucatedravino.es\\\/la-catedra\\\/\",\"url\":\"https:\\\/\\\/ucatedravino.es\\\/la-catedra\\\/\",\"name\":\"La C\u00e1tedra - C\u00e1tedra Vino, Sociedad y Sostenibilidad\",\"isPartOf\":{\"@id\":\"https:\\\/\\\/ucatedravino.es\\\/#website\"},\"datePublished\":\"2023-10-16T19:19:11+00:00\",\"dateModified\":\"2023-11-08T20:33:21+00:00\",\"breadcrumb\":{\"@id\":\"https:\\\/\\\/ucatedravino.es\\\/la-catedra\\\/#breadcrumb\"},\"inLanguage\":\"en-GB\",\"potentialAction\":[{\"@type\":\"ReadAction\",\"target\":[\"https:\\\/\\\/ucatedravino.es\\\/la-catedra\\\/\"]}]},{\"@type\":\"BreadcrumbList\",\"@id\":\"https:\\\/\\\/ucatedravino.es\\\/la-catedra\\\/#breadcrumb\",\"itemListElement\":[{\"@type\":\"ListItem\",\"position\":1,\"name\":\"Portada\",\"item\":\"https:\\\/\\\/ucatedravino.es\\\/\"},{\"@type\":\"ListItem\",\"position\":2,\"name\":\"La C\u00e1tedra\"}]},{\"@type\":\"WebSite\",\"@id\":\"https:\\\/\\\/ucatedravino.es\\\/#website\",\"url\":\"https:\\\/\\\/ucatedravino.es\\\/\",\"name\":\"C\u00e1tedra Vino, Sociedad y Sostenibilidad\",\"description\":\"Facultad de CCSS y de la Comunicaci\u00f3n. Universidad de C\u00e1diz\",\"publisher\":{\"@id\":\"https:\\\/\\\/ucatedravino.es\\\/#organization\"},\"potentialAction\":[{\"@type\":\"SearchAction\",\"target\":{\"@type\":\"EntryPoint\",\"urlTemplate\":\"https:\\\/\\\/ucatedravino.es\\\/?s={search_term_string}\"},\"query-input\":{\"@type\":\"PropertyValueSpecification\",\"valueRequired\":true,\"valueName\":\"search_term_string\"}}],\"inLanguage\":\"en-GB\"},{\"@type\":\"Organization\",\"@id\":\"https:\\\/\\\/ucatedravino.es\\\/#organization\",\"name\":\"C\u00e1tedra Vino, Sociedad y Sostenibilidad\",\"url\":\"https:\\\/\\\/ucatedravino.es\\\/\",\"logo\":{\"@type\":\"ImageObject\",\"inLanguage\":\"en-GB\",\"@id\":\"https:\\\/\\\/ucatedravino.es\\\/#\\\/schema\\\/logo\\\/image\\\/\",\"url\":\"https:\\\/\\\/ucatedravino.es\\\/wp-content\\\/uploads\\\/2023\\\/11\\\/logo_catedraVino.png\",\"contentUrl\":\"https:\\\/\\\/ucatedravino.es\\\/wp-content\\\/uploads\\\/2023\\\/11\\\/logo_catedraVino.png\",\"width\":200,\"height\":93,\"caption\":\"C\u00e1tedra Vino, Sociedad y Sostenibilidad\"},\"image\":{\"@id\":\"https:\\\/\\\/ucatedravino.es\\\/#\\\/schema\\\/logo\\\/image\\\/\"},\"sameAs\":[\"https:\\\/\\\/www.facebook.com\\\/profile.php?id=61554673476914\",\"https:\\\/\\\/www.instagram.com\\\/ucatedravino\\\/\"]}]}<\/script>\n<!-- \/ Yoast SEO plugin. -->","yoast_head_json":{"title":"La C\u00e1tedra - C\u00e1tedra Vino, Sociedad y Sostenibilidad","robots":{"index":"index","follow":"follow","max-snippet":"max-snippet:-1","max-image-preview":"max-image-preview:large","max-video-preview":"max-video-preview:-1"},"canonical":"https:\/\/ucatedravino.es\/en\/la-catedra\/","og_locale":"en_GB","og_type":"article","og_title":"La C\u00e1tedra - C\u00e1tedra Vino, Sociedad y Sostenibilidad","og_url":"https:\/\/ucatedravino.es\/en\/la-catedra\/","og_site_name":"C\u00e1tedra Vino, Sociedad y Sostenibilidad","article_publisher":"https:\/\/www.facebook.com\/profile.php?id=61554673476914","article_modified_time":"2023-11-08T20:33:21+00:00","twitter_card":"summary_large_image","twitter_misc":{"Estimated reading time":"2 minutes"},"schema":{"@context":"https:\/\/schema.org","@graph":[{"@type":"WebPage","@id":"https:\/\/ucatedravino.es\/la-catedra\/","url":"https:\/\/ucatedravino.es\/la-catedra\/","name":"La C\u00e1tedra - C\u00e1tedra Vino, Sociedad y Sostenibilidad","isPartOf":{"@id":"https:\/\/ucatedravino.es\/#website"},"datePublished":"2023-10-16T19:19:11+00:00","dateModified":"2023-11-08T20:33:21+00:00","breadcrumb":{"@id":"https:\/\/ucatedravino.es\/la-catedra\/#breadcrumb"},"inLanguage":"en-GB","potentialAction":[{"@type":"ReadAction","target":["https:\/\/ucatedravino.es\/la-catedra\/"]}]},{"@type":"BreadcrumbList","@id":"https:\/\/ucatedravino.es\/la-catedra\/#breadcrumb","itemListElement":[{"@type":"ListItem","position":1,"name":"Portada","item":"https:\/\/ucatedravino.es\/"},{"@type":"ListItem","position":2,"name":"La C\u00e1tedra"}]},{"@type":"WebSite","@id":"https:\/\/ucatedravino.es\/#website","url":"https:\/\/ucatedravino.es\/","name":"C\u00e1tedra Vino, Sociedad y Sostenibilidad","description":"Facultad de CCSS y de la Comunicaci\u00f3n. Universidad de C\u00e1diz","publisher":{"@id":"https:\/\/ucatedravino.es\/#organization"},"potentialAction":[{"@type":"SearchAction","target":{"@type":"EntryPoint","urlTemplate":"https:\/\/ucatedravino.es\/?s={search_term_string}"},"query-input":{"@type":"PropertyValueSpecification","valueRequired":true,"valueName":"search_term_string"}}],"inLanguage":"en-GB"},{"@type":"Organization","@id":"https:\/\/ucatedravino.es\/#organization","name":"C\u00e1tedra Vino, Sociedad y Sostenibilidad","url":"https:\/\/ucatedravino.es\/","logo":{"@type":"ImageObject","inLanguage":"en-GB","@id":"https:\/\/ucatedravino.es\/#\/schema\/logo\/image\/","url":"https:\/\/ucatedravino.es\/wp-content\/uploads\/2023\/11\/logo_catedraVino.png","contentUrl":"https:\/\/ucatedravino.es\/wp-content\/uploads\/2023\/11\/logo_catedraVino.png","width":200,"height":93,"caption":"C\u00e1tedra Vino, Sociedad y Sostenibilidad"},"image":{"@id":"https:\/\/ucatedravino.es\/#\/schema\/logo\/image\/"},"sameAs":["https:\/\/www.facebook.com\/profile.php?id=61554673476914","https:\/\/www.instagram.com\/ucatedravino\/"]}]}},"_links":{"self":[{"href":"https:\/\/ucatedravino.es\/en\/wp-json\/wp\/v2\/pages\/23","targetHints":{"allow":["GET"]}}],"collection":[{"href":"https:\/\/ucatedravino.es\/en\/wp-json\/wp\/v2\/pages"}],"about":[{"href":"https:\/\/ucatedravino.es\/en\/wp-json\/wp\/v2\/types\/page"}],"author":[{"embeddable":true,"href":"https:\/\/ucatedravino.es\/en\/wp-json\/wp\/v2\/users\/2"}],"replies":[{"embeddable":true,"href":"https:\/\/ucatedravino.es\/en\/wp-json\/wp\/v2\/comments?post=23"}],"version-history":[{"count":6,"href":"https:\/\/ucatedravino.es\/en\/wp-json\/wp\/v2\/pages\/23\/revisions"}],"predecessor-version":[{"id":363,"href":"https:\/\/ucatedravino.es\/en\/wp-json\/wp\/v2\/pages\/23\/revisions\/363"}],"wp:attachment":[{"href":"https:\/\/ucatedravino.es\/en\/wp-json\/wp\/v2\/media?parent=23"}],"curies":[{"name":"wp","href":"https:\/\/api.w.org\/{rel}","templated":true}]}}