{"id":291,"date":"2023-11-03T17:01:33","date_gmt":"2023-11-03T16:01:33","guid":{"rendered":"https:\/\/ucatedravino.es\/?page_id=291"},"modified":"2024-03-29T19:36:00","modified_gmt":"2024-03-29T18:36:00","slug":"dr-alberto-paramio-leiva","status":"publish","type":"page","link":"https:\/\/ucatedravino.es\/en\/dr-alberto-paramio-leiva\/","title":{"rendered":"Dr. Alberto Paramio Leiva"},"content":{"rendered":"<div class=\"grve-section\" data-section-title=\"\" data-section-type=\"fullwidth-background\" data-image-type=\"none\" data-full-height=\"no\"><div class=\"grve-row grve-bookmark\"><div class=\"wpb_column grve-column grve-bookmark grve-column-1\"><h1 class=\"grve-element grve-align-center grve-title-double-bottom-line grve-h1\" style=\"\"><span>Dr. Alberto Paramio Leiva<\/span><\/h1><div class=\"grve-element grve-text\"><p style=\"text-align: center;\">Email: <a href=\"mailto:alberto.paramio@uca.es\"><span data-sheets-formula-bar-text-style=\"font-size:13px;color:#000000;font-weight:normal;text-decoration:none;font-family:'Arial';font-style:normal;text-decoration-skip-ink:none;\">alberto.paramio@uca.es<\/span><\/a><\/p>\n<\/div><\/div> <\/div><div class=\"grve-background-wrapper\"><\/div><\/div><div class=\"grve-section\" data-section-title=\"\" data-section-type=\"fullwidth-background\" data-image-type=\"none\" data-full-height=\"no\"  style=\"background-color:#e5e5e5;padding-top: 50px;padding-bottom: 50px;\"><div class=\"grve-row grve-bookmark\"><div class=\"wpb_column grve-column grve-bookmark grve-column-1-2\"><div class=\"grve-element grve-image grve-align-left\" style=\"\"><img loading=\"lazy\" decoding=\"async\" width=\"500\" height=\"500\" src=\"https:\/\/ucatedravino.es\/wp-content\/uploads\/2023\/10\/alberto_catedravino.jpg\" class=\"attachment-full size-full\" alt=\"\" srcset=\"https:\/\/ucatedravino.es\/wp-content\/uploads\/2023\/10\/alberto_catedravino.jpg 500w, https:\/\/ucatedravino.es\/wp-content\/uploads\/2023\/10\/alberto_catedravino-300x300.jpg 300w, https:\/\/ucatedravino.es\/wp-content\/uploads\/2023\/10\/alberto_catedravino-150x150.jpg 150w, https:\/\/ucatedravino.es\/wp-content\/uploads\/2023\/10\/alberto_catedravino-12x12.jpg 12w, https:\/\/ucatedravino.es\/wp-content\/uploads\/2023\/10\/alberto_catedravino-80x80.jpg 80w\" sizes=\"auto, (max-width: 500px) 100vw, 500px\" \/><\/div><div class=\"vc_empty_space\"   style=\"height: 15px\"><span class=\"vc_empty_space_inner\"><\/span><\/div><\/div><div class=\"wpb_column grve-column grve-bookmark grve-column-1-2\"><h5 class=\"grve-element grve-align-left grve-title-line grve-h5\" style=\"\"><span>Curr\u00edculum<\/span><\/h5><div class=\"grve-element grve-text\"><p style=\"text-align: justify;\">Doctor en Ciencias de la Salud (Psicolog\u00eda). Profesor del Departamento de Psicolog\u00eda de la Universidad de C\u00e1diz. Se gradu\u00f3 en Psicolog\u00eda en la Universidad de C\u00e1diz y realiz\u00f3 el M\u00e1ster Interuniversitario de Iniciaci\u00f3n a la Investigaci\u00f3n en Salud Mental. Adem\u00e1s, es Experto en Estad\u00edstica Aplicada a Ciencias de la Salud por la Universidad Nacional de Educaci\u00f3n a Distancia en colaboraci\u00f3n con la Escuela Nacional de Sanidad y el Instituto de Salud Carlos III y Experto en Psicolog\u00eda Jur\u00eddica y Forense por la Universitat de Valencia. Ha trabajado como Investigador Titulado Superior en el Grupo PAIDI MELES CTS1019 en labores de apoyo a la docencia, metodolog\u00eda de investigaci\u00f3n y an\u00e1lisis estad\u00edstico.<\/p>\n<p style=\"text-align: justify;\">Es miembro del Grupo PAIDI INTELIGENCIA EMOCIONAL HUM843 y desarrolla su actividad investigadora como miembro asociado del Instituto Universitario de Investigaci\u00f3n para el Desarrollo Social Sostenible (INDESS), de la American Psychological Association (APA) y The International Society for Research on Emotion (ISRE).<\/p>\n<\/div><\/div><div class=\"wpb_column grve-column grve-bookmark grve-column-1\"><\/div> <\/div><div class=\"grve-background-wrapper\"><\/div><\/div><div class=\"grve-section\" data-section-title=\"\" data-section-type=\"fullwidth-background\" data-image-type=\"none\" data-full-height=\"no\"><div class=\"grve-row grve-bookmark\"><div class=\"wpb_column grve-column grve-bookmark grve-column-1-6\"><div class=\"grve-element grve-align-center\"><a class=\"grve-btn grve-btn-medium grve-round grve-bg-primary-1\" href=\"https:\/\/linktr.ee\/alparamio\" target=\"_blank\" style=\"\"><span>Web<\/span><\/a><\/div><\/div><div class=\"wpb_column grve-column grve-bookmark grve-column-1-6\"><div class=\"grve-element grve-align-center\"><a class=\"grve-btn grve-btn-medium grve-round grve-bg-primary-1\" href=\"https:\/\/orcid.org\/0000-0003-2904-1239\" target=\"_blank\" style=\"\"><span>ORCID<\/span><\/a><\/div><\/div><div class=\"wpb_column grve-column grve-bookmark grve-column-1-6\"><div class=\"grve-element grve-align-center\"><a class=\"grve-btn grve-btn-medium grve-round grve-bg-primary-1\" href=\"https:\/\/scholar.google.com\/citations?user=FcGIe-sAAAAJ&#038;hl=es&#038;authuser=1\" target=\"_blank\" style=\"\"><span>Google Scholar<\/span><\/a><\/div><\/div><div class=\"wpb_column grve-column grve-bookmark grve-column-1-6\"><div class=\"grve-element grve-align-center\"><a class=\"grve-btn grve-btn-medium grve-round grve-bg-primary-1\" href=\"https:\/\/www.webofscience.com\/wos\/author\/record\/J-2827-2018\" target=\"_blank\" style=\"\"><span>Web of Science<\/span><\/a><\/div><\/div><div class=\"wpb_column grve-column grve-bookmark grve-column-1-6\"><div class=\"grve-element grve-align-center\"><a class=\"grve-btn grve-btn-medium grve-round grve-bg-primary-1\" href=\"https:\/\/www.scopus.com\/authid\/detail.uri?authorId=57216361130\" target=\"_blank\" style=\"\"><span>Scopus<\/span><\/a><\/div><\/div><div class=\"wpb_column grve-column grve-bookmark grve-column-1-6\"><div class=\"grve-element grve-align-center\"><a class=\"grve-btn grve-btn-medium grve-round grve-bg-primary-1\" href=\"https:\/\/ucatedravino.es\/en\/dr-alberto-paramio-leiva\/\" target=\"_blank\" style=\"\"><span>LinkedIn<\/span><\/a><\/div><\/div> <\/div><div class=\"grve-background-wrapper\"><\/div><\/div>","protected":false},"excerpt":{"rendered":"Dr. Alberto Paramio LeivaEmail: alberto.paramio@uca.es Curr\u00edculumDoctor en Ciencias de la Salud (Psicolog\u00eda). Profesor del Departamento de Psicolog\u00eda de la Universidad de C\u00e1diz. Se gradu\u00f3 en Psicolog\u00eda en la Universidad de C\u00e1diz y realiz\u00f3 el M\u00e1ster Interuniversitario de Iniciaci\u00f3n a la Investigaci\u00f3n en Salud Mental. Adem\u00e1s, es Experto en Estad\u00edstica Aplicada a Ciencias de la Salud [...]","protected":false},"author":2,"featured_media":200,"parent":0,"menu_order":0,"comment_status":"closed","ping_status":"closed","template":"","meta":{"footnotes":""},"class_list":["post-291","page","type-page","status-publish","has-post-thumbnail","hentry"],"yoast_head":"<!-- This site is optimized with the Yoast SEO plugin v27.4 - https:\/\/yoast.com\/product\/yoast-seo-wordpress\/ -->\n<title>Dr. Alberto Paramio Leiva - C\u00e1tedra Vino, Sociedad y Sostenibilidad<\/title>\n<meta name=\"robots\" content=\"index, follow, max-snippet:-1, max-image-preview:large, max-video-preview:-1\" \/>\n<link rel=\"canonical\" href=\"https:\/\/ucatedravino.es\/en\/dr-alberto-paramio-leiva\/\" \/>\n<meta property=\"og:locale\" content=\"en_GB\" \/>\n<meta property=\"og:type\" content=\"article\" \/>\n<meta property=\"og:title\" content=\"Dr. Alberto Paramio Leiva - C\u00e1tedra Vino, Sociedad y Sostenibilidad\" \/>\n<meta property=\"og:url\" content=\"https:\/\/ucatedravino.es\/en\/dr-alberto-paramio-leiva\/\" \/>\n<meta property=\"og:site_name\" content=\"C\u00e1tedra Vino, Sociedad y Sostenibilidad\" \/>\n<meta property=\"article:publisher\" content=\"https:\/\/www.facebook.com\/profile.php?id=61554673476914\" \/>\n<meta property=\"article:modified_time\" content=\"2024-03-29T18:36:00+00:00\" \/>\n<meta property=\"og:image\" content=\"https:\/\/ucatedravino.es\/wp-content\/uploads\/2023\/10\/alberto_catedravino.jpg\" \/>\n\t<meta property=\"og:image:width\" content=\"500\" \/>\n\t<meta property=\"og:image:height\" content=\"500\" \/>\n\t<meta property=\"og:image:type\" content=\"image\/jpeg\" \/>\n<meta name=\"twitter:card\" content=\"summary_large_image\" \/>\n<meta name=\"twitter:label1\" content=\"Estimated reading time\" \/>\n\t<meta name=\"twitter:data1\" content=\"2 minutes\" \/>\n<script type=\"application\/ld+json\" class=\"yoast-schema-graph\">{\"@context\":\"https:\\\/\\\/schema.org\",\"@graph\":[{\"@type\":\"WebPage\",\"@id\":\"https:\\\/\\\/ucatedravino.es\\\/dr-alberto-paramio-leiva\\\/\",\"url\":\"https:\\\/\\\/ucatedravino.es\\\/dr-alberto-paramio-leiva\\\/\",\"name\":\"Dr. Alberto Paramio Leiva - C\u00e1tedra Vino, Sociedad y Sostenibilidad\",\"isPartOf\":{\"@id\":\"https:\\\/\\\/ucatedravino.es\\\/#website\"},\"primaryImageOfPage\":{\"@id\":\"https:\\\/\\\/ucatedravino.es\\\/dr-alberto-paramio-leiva\\\/#primaryimage\"},\"image\":{\"@id\":\"https:\\\/\\\/ucatedravino.es\\\/dr-alberto-paramio-leiva\\\/#primaryimage\"},\"thumbnailUrl\":\"https:\\\/\\\/ucatedravino.es\\\/wp-content\\\/uploads\\\/2023\\\/10\\\/alberto_catedravino.jpg\",\"datePublished\":\"2023-11-03T16:01:33+00:00\",\"dateModified\":\"2024-03-29T18:36:00+00:00\",\"breadcrumb\":{\"@id\":\"https:\\\/\\\/ucatedravino.es\\\/dr-alberto-paramio-leiva\\\/#breadcrumb\"},\"inLanguage\":\"en-GB\",\"potentialAction\":[{\"@type\":\"ReadAction\",\"target\":[\"https:\\\/\\\/ucatedravino.es\\\/dr-alberto-paramio-leiva\\\/\"]}]},{\"@type\":\"ImageObject\",\"inLanguage\":\"en-GB\",\"@id\":\"https:\\\/\\\/ucatedravino.es\\\/dr-alberto-paramio-leiva\\\/#primaryimage\",\"url\":\"https:\\\/\\\/ucatedravino.es\\\/wp-content\\\/uploads\\\/2023\\\/10\\\/alberto_catedravino.jpg\",\"contentUrl\":\"https:\\\/\\\/ucatedravino.es\\\/wp-content\\\/uploads\\\/2023\\\/10\\\/alberto_catedravino.jpg\",\"width\":500,\"height\":500},{\"@type\":\"BreadcrumbList\",\"@id\":\"https:\\\/\\\/ucatedravino.es\\\/dr-alberto-paramio-leiva\\\/#breadcrumb\",\"itemListElement\":[{\"@type\":\"ListItem\",\"position\":1,\"name\":\"Portada\",\"item\":\"https:\\\/\\\/ucatedravino.es\\\/\"},{\"@type\":\"ListItem\",\"position\":2,\"name\":\"Dr. Alberto Paramio Leiva\"}]},{\"@type\":\"WebSite\",\"@id\":\"https:\\\/\\\/ucatedravino.es\\\/#website\",\"url\":\"https:\\\/\\\/ucatedravino.es\\\/\",\"name\":\"C\u00e1tedra Vino, Sociedad y Sostenibilidad\",\"description\":\"Facultad de CCSS y de la Comunicaci\u00f3n. Universidad de C\u00e1diz\",\"publisher\":{\"@id\":\"https:\\\/\\\/ucatedravino.es\\\/#organization\"},\"potentialAction\":[{\"@type\":\"SearchAction\",\"target\":{\"@type\":\"EntryPoint\",\"urlTemplate\":\"https:\\\/\\\/ucatedravino.es\\\/?s={search_term_string}\"},\"query-input\":{\"@type\":\"PropertyValueSpecification\",\"valueRequired\":true,\"valueName\":\"search_term_string\"}}],\"inLanguage\":\"en-GB\"},{\"@type\":\"Organization\",\"@id\":\"https:\\\/\\\/ucatedravino.es\\\/#organization\",\"name\":\"C\u00e1tedra Vino, Sociedad y Sostenibilidad\",\"url\":\"https:\\\/\\\/ucatedravino.es\\\/\",\"logo\":{\"@type\":\"ImageObject\",\"inLanguage\":\"en-GB\",\"@id\":\"https:\\\/\\\/ucatedravino.es\\\/#\\\/schema\\\/logo\\\/image\\\/\",\"url\":\"https:\\\/\\\/ucatedravino.es\\\/wp-content\\\/uploads\\\/2023\\\/11\\\/logo_catedraVino.png\",\"contentUrl\":\"https:\\\/\\\/ucatedravino.es\\\/wp-content\\\/uploads\\\/2023\\\/11\\\/logo_catedraVino.png\",\"width\":200,\"height\":93,\"caption\":\"C\u00e1tedra Vino, Sociedad y Sostenibilidad\"},\"image\":{\"@id\":\"https:\\\/\\\/ucatedravino.es\\\/#\\\/schema\\\/logo\\\/image\\\/\"},\"sameAs\":[\"https:\\\/\\\/www.facebook.com\\\/profile.php?id=61554673476914\",\"https:\\\/\\\/www.instagram.com\\\/ucatedravino\\\/\"]}]}<\/script>\n<!-- \/ Yoast SEO plugin. -->","yoast_head_json":{"title":"Dr. Alberto Paramio Leiva - C\u00e1tedra Vino, Sociedad y Sostenibilidad","robots":{"index":"index","follow":"follow","max-snippet":"max-snippet:-1","max-image-preview":"max-image-preview:large","max-video-preview":"max-video-preview:-1"},"canonical":"https:\/\/ucatedravino.es\/en\/dr-alberto-paramio-leiva\/","og_locale":"en_GB","og_type":"article","og_title":"Dr. Alberto Paramio Leiva - C\u00e1tedra Vino, Sociedad y Sostenibilidad","og_url":"https:\/\/ucatedravino.es\/en\/dr-alberto-paramio-leiva\/","og_site_name":"C\u00e1tedra Vino, Sociedad y Sostenibilidad","article_publisher":"https:\/\/www.facebook.com\/profile.php?id=61554673476914","article_modified_time":"2024-03-29T18:36:00+00:00","og_image":[{"width":500,"height":500,"url":"https:\/\/ucatedravino.es\/wp-content\/uploads\/2023\/10\/alberto_catedravino.jpg","type":"image\/jpeg"}],"twitter_card":"summary_large_image","twitter_misc":{"Estimated reading time":"2 minutes"},"schema":{"@context":"https:\/\/schema.org","@graph":[{"@type":"WebPage","@id":"https:\/\/ucatedravino.es\/dr-alberto-paramio-leiva\/","url":"https:\/\/ucatedravino.es\/dr-alberto-paramio-leiva\/","name":"Dr. Alberto Paramio Leiva - C\u00e1tedra Vino, Sociedad y Sostenibilidad","isPartOf":{"@id":"https:\/\/ucatedravino.es\/#website"},"primaryImageOfPage":{"@id":"https:\/\/ucatedravino.es\/dr-alberto-paramio-leiva\/#primaryimage"},"image":{"@id":"https:\/\/ucatedravino.es\/dr-alberto-paramio-leiva\/#primaryimage"},"thumbnailUrl":"https:\/\/ucatedravino.es\/wp-content\/uploads\/2023\/10\/alberto_catedravino.jpg","datePublished":"2023-11-03T16:01:33+00:00","dateModified":"2024-03-29T18:36:00+00:00","breadcrumb":{"@id":"https:\/\/ucatedravino.es\/dr-alberto-paramio-leiva\/#breadcrumb"},"inLanguage":"en-GB","potentialAction":[{"@type":"ReadAction","target":["https:\/\/ucatedravino.es\/dr-alberto-paramio-leiva\/"]}]},{"@type":"ImageObject","inLanguage":"en-GB","@id":"https:\/\/ucatedravino.es\/dr-alberto-paramio-leiva\/#primaryimage","url":"https:\/\/ucatedravino.es\/wp-content\/uploads\/2023\/10\/alberto_catedravino.jpg","contentUrl":"https:\/\/ucatedravino.es\/wp-content\/uploads\/2023\/10\/alberto_catedravino.jpg","width":500,"height":500},{"@type":"BreadcrumbList","@id":"https:\/\/ucatedravino.es\/dr-alberto-paramio-leiva\/#breadcrumb","itemListElement":[{"@type":"ListItem","position":1,"name":"Portada","item":"https:\/\/ucatedravino.es\/"},{"@type":"ListItem","position":2,"name":"Dr. Alberto Paramio Leiva"}]},{"@type":"WebSite","@id":"https:\/\/ucatedravino.es\/#website","url":"https:\/\/ucatedravino.es\/","name":"C\u00e1tedra Vino, Sociedad y Sostenibilidad","description":"Facultad de CCSS y de la Comunicaci\u00f3n. Universidad de C\u00e1diz","publisher":{"@id":"https:\/\/ucatedravino.es\/#organization"},"potentialAction":[{"@type":"SearchAction","target":{"@type":"EntryPoint","urlTemplate":"https:\/\/ucatedravino.es\/?s={search_term_string}"},"query-input":{"@type":"PropertyValueSpecification","valueRequired":true,"valueName":"search_term_string"}}],"inLanguage":"en-GB"},{"@type":"Organization","@id":"https:\/\/ucatedravino.es\/#organization","name":"C\u00e1tedra Vino, Sociedad y Sostenibilidad","url":"https:\/\/ucatedravino.es\/","logo":{"@type":"ImageObject","inLanguage":"en-GB","@id":"https:\/\/ucatedravino.es\/#\/schema\/logo\/image\/","url":"https:\/\/ucatedravino.es\/wp-content\/uploads\/2023\/11\/logo_catedraVino.png","contentUrl":"https:\/\/ucatedravino.es\/wp-content\/uploads\/2023\/11\/logo_catedraVino.png","width":200,"height":93,"caption":"C\u00e1tedra Vino, Sociedad y Sostenibilidad"},"image":{"@id":"https:\/\/ucatedravino.es\/#\/schema\/logo\/image\/"},"sameAs":["https:\/\/www.facebook.com\/profile.php?id=61554673476914","https:\/\/www.instagram.com\/ucatedravino\/"]}]}},"_links":{"self":[{"href":"https:\/\/ucatedravino.es\/en\/wp-json\/wp\/v2\/pages\/291","targetHints":{"allow":["GET"]}}],"collection":[{"href":"https:\/\/ucatedravino.es\/en\/wp-json\/wp\/v2\/pages"}],"about":[{"href":"https:\/\/ucatedravino.es\/en\/wp-json\/wp\/v2\/types\/page"}],"author":[{"embeddable":true,"href":"https:\/\/ucatedravino.es\/en\/wp-json\/wp\/v2\/users\/2"}],"replies":[{"embeddable":true,"href":"https:\/\/ucatedravino.es\/en\/wp-json\/wp\/v2\/comments?post=291"}],"version-history":[{"count":6,"href":"https:\/\/ucatedravino.es\/en\/wp-json\/wp\/v2\/pages\/291\/revisions"}],"predecessor-version":[{"id":423,"href":"https:\/\/ucatedravino.es\/en\/wp-json\/wp\/v2\/pages\/291\/revisions\/423"}],"wp:featuredmedia":[{"embeddable":true,"href":"https:\/\/ucatedravino.es\/en\/wp-json\/wp\/v2\/media\/200"}],"wp:attachment":[{"href":"https:\/\/ucatedravino.es\/en\/wp-json\/wp\/v2\/media?parent=291"}],"curies":[{"name":"wp","href":"https:\/\/api.w.org\/{rel}","templated":true}]}}