{"id":316,"date":"2023-11-03T18:32:11","date_gmt":"2023-11-03T17:32:11","guid":{"rendered":"https:\/\/ucatedravino.es\/?page_id=316"},"modified":"2024-03-29T19:37:33","modified_gmt":"2024-03-29T18:37:33","slug":"diego-gomez-carmona","status":"publish","type":"page","link":"https:\/\/ucatedravino.es\/en\/diego-gomez-carmona\/","title":{"rendered":"Dr. Diego G\u00f3mez Carmona"},"content":{"rendered":"<div class=\"grve-section\" data-section-title=\"\" data-section-type=\"fullwidth-background\" data-image-type=\"none\" data-full-height=\"no\"><div class=\"grve-row grve-bookmark\"><div class=\"wpb_column grve-column grve-bookmark grve-column-1\"><h1 class=\"grve-element grve-align-center grve-title-double-bottom-line grve-h1\" style=\"\"><span>Diego G\u00f3mez Carmona<\/span><\/h1><div class=\"grve-element grve-text\"><p style=\"text-align: center;\">Email: <a href=\"mailto:diego.gomezcarmona@uca.es\"><span data-sheets-formula-bar-text-style=\"font-size:13px;color:#000000;font-weight:normal;text-decoration:none;font-family:'Arial';font-style:normal;text-decoration-skip-ink:none;\">diego.gomezcarmona@uca.es<\/span><\/a><\/p>\n<\/div><\/div> <\/div><div class=\"grve-background-wrapper\"><\/div><\/div><div class=\"grve-section\" data-section-title=\"\" data-section-type=\"fullwidth-background\" data-image-type=\"none\" data-full-height=\"no\"  style=\"background-color:#e5e5e5;padding-top: 50px;padding-bottom: 50px;\"><div class=\"grve-row grve-bookmark\"><div class=\"wpb_column grve-column grve-bookmark grve-column-1-2\"><div class=\"grve-element grve-image grve-align-left\" style=\"\"><img loading=\"lazy\" decoding=\"async\" width=\"500\" height=\"500\" src=\"https:\/\/ucatedravino.es\/wp-content\/uploads\/2023\/10\/diego_catedravino.jpg\" class=\"attachment-full size-full\" alt=\"\" srcset=\"https:\/\/ucatedravino.es\/wp-content\/uploads\/2023\/10\/diego_catedravino.jpg 500w, https:\/\/ucatedravino.es\/wp-content\/uploads\/2023\/10\/diego_catedravino-300x300.jpg 300w, https:\/\/ucatedravino.es\/wp-content\/uploads\/2023\/10\/diego_catedravino-150x150.jpg 150w, https:\/\/ucatedravino.es\/wp-content\/uploads\/2023\/10\/diego_catedravino-12x12.jpg 12w, https:\/\/ucatedravino.es\/wp-content\/uploads\/2023\/10\/diego_catedravino-80x80.jpg 80w\" sizes=\"auto, (max-width: 500px) 100vw, 500px\" \/><\/div><div class=\"vc_empty_space\"   style=\"height: 15px\"><span class=\"vc_empty_space_inner\"><\/span><\/div><\/div><div class=\"wpb_column grve-column grve-bookmark grve-column-1-2\"><h5 class=\"grve-element grve-align-left grve-title-line grve-h5\" style=\"\"><span>Curr\u00edculum<\/span><\/h5><div class=\"grve-element grve-text\"><p style=\"text-align: justify;\">El profesor G\u00f3mez Carmona es doctor en Ciencias Econ\u00f3micas y Empresariales por la<br \/>\nUniversidad de Granada, posee un M\u00e1ster en Marketing y Comportamiento del Consumidor, es Licenciado en Administraci\u00f3n y Direcci\u00f3n de Empresas y Diplomado en Ciencias Empresariales. Su vinculaci\u00f3n como profesor con la Universidad de Granada comienza en 2016 y finaliza en 2017, a\u00f1o en que comienza a trabajar en la Universidad de C\u00e1diz donde actualemnte realiza sus funciones como docente. En la actualidad dirige una tesis doctoral, y dos trabajos fin de m\u00e1ster (TFM). Su principal l\u00ednea de investigaci\u00f3n es el comportamiento del consumidor desde una perspectiva neurocient\u00edfica. Ha publicado 22 art\u00edculos cient\u00edficos en revistas indexadas en WoS, de los cuales 13 est\u00e1n recogidos por la base JCR, en revistas como: Physiology and Behavior, Environmental Communicati\u00f3n, Journal of Cleaner Production, Foods, Journal of Theoretical and Applied Electronic Commerce Research, Food Engineering Reviews, Journal of Destination Marketing &amp; Management, entre otras. A parte otros 9 recogidos en SCOPUS, IN-RECS o revistas ESCI.<br \/>\nHa publicado 22 cap\u00edtulos de libro, la mayor\u00eda de ellos publicados por editoriales<br \/>\ninternacionales de prestigio como IGI-Global, Thomson Reuters Aranzadi, Dykinson. Asiste como ponente regularmente a los Congresos m\u00e1s prestigiosos en el campo del marketing y la comunicaci\u00f3n a nivel nacional (Congreso Internacional de Marketing AEMARK) e internacional (Jornadas Hispano-Lusas de Gesti\u00f3n Cient\u00edfica). Con ello ha dado divulgaci\u00f3n a sus resultados de investigaci\u00f3n en 36 contribuciones a congresos de \u00e1mbito internacional, acudiendo anualmente desde 2017. Ha obtenido varios premiosde investigaci\u00f3n a nivel Internacional. Ha colaborado con la Universidad de M\u00e1laga como miembro investigador de dos proyectos de transferencia (Ref.8.06\/5.14.4738 y Ref.8.06\/5.14.4711).<\/p>\n<\/div><\/div><div class=\"wpb_column grve-column grve-bookmark grve-column-1\"><\/div> <\/div><div class=\"grve-background-wrapper\"><\/div><\/div><div class=\"grve-section\" data-section-title=\"\" data-section-type=\"fullwidth-background\" data-image-type=\"none\" data-full-height=\"no\"><div class=\"grve-row grve-bookmark\"><div class=\"wpb_column grve-column grve-bookmark grve-column-1-6\"><div class=\"grve-element grve-align-center\"><a class=\"grve-btn grve-btn-medium grve-round grve-bg-primary-1\" href=\"https:\/\/produccioncientifica.uca.es\/investigadores\/112649\/publicaciones\" target=\"_blank\" style=\"\"><span>Web<\/span><\/a><\/div><\/div><div class=\"wpb_column grve-column grve-bookmark grve-column-1-6\"><div class=\"grve-element grve-align-center\"><a class=\"grve-btn grve-btn-medium grve-round grve-bg-primary-1\" href=\"https:\/\/orcid.org\/0000-0002-0146-5956\" target=\"_blank\" style=\"\"><span>Orcid<\/span><\/a><\/div><\/div><div class=\"wpb_column grve-column grve-bookmark grve-column-1-6\"><div class=\"grve-element grve-align-center\"><a class=\"grve-btn grve-btn-medium grve-round grve-bg-primary-1\" href=\"https:\/\/scholar.google.es\/citations?user=WPYEpdYAAAAJ&#038;hl=es&#038;oi=ao\" target=\"_blank\" style=\"\"><span>Google Scholar<\/span><\/a><\/div><\/div><div class=\"wpb_column grve-column grve-bookmark grve-column-1-6\"><div class=\"grve-element grve-align-center\"><a class=\"grve-btn grve-btn-medium grve-round grve-bg-primary-1\" href=\"https:\/\/www.researchgate.net\/profile\/Diego-Gomez-Carmona\" target=\"_blank\" style=\"\"><span>Research<br \/>\nGate<\/span><\/a><\/div><\/div><div class=\"wpb_column grve-column grve-bookmark grve-column-1-6\"><div class=\"grve-element grve-align-center\"><a class=\"grve-btn grve-btn-medium grve-round grve-bg-primary-1\" href=\"https:\/\/es.linkedin.com\/in\/diego-g%C3%B3mez-carmona-b3ab3049\" target=\"_blank\" style=\"\"><span>LinkedIn<\/span><\/a><\/div><\/div><div class=\"wpb_column grve-column grve-bookmark grve-column-1-6\"><\/div> <\/div><div class=\"grve-background-wrapper\"><\/div><\/div>","protected":false},"excerpt":{"rendered":"Diego G\u00f3mez CarmonaEmail: diego.gomezcarmona@uca.es Curr\u00edculumEl profesor G\u00f3mez Carmona es doctor en Ciencias Econ\u00f3micas y Empresariales por la Universidad de Granada, posee un M\u00e1ster en Marketing y Comportamiento del Consumidor, es Licenciado en Administraci\u00f3n y Direcci\u00f3n de Empresas y Diplomado en Ciencias Empresariales. Su vinculaci\u00f3n como profesor con la Universidad de Granada comienza en 2016 y [...]","protected":false},"author":2,"featured_media":207,"parent":0,"menu_order":0,"comment_status":"closed","ping_status":"closed","template":"","meta":{"footnotes":""},"class_list":["post-316","page","type-page","status-publish","has-post-thumbnail","hentry"],"yoast_head":"<!-- This site is optimized with the Yoast SEO plugin v27.4 - https:\/\/yoast.com\/product\/yoast-seo-wordpress\/ -->\n<title>Dr. Diego G\u00f3mez Carmona - C\u00e1tedra Vino, Sociedad y Sostenibilidad<\/title>\n<meta name=\"robots\" content=\"index, follow, max-snippet:-1, max-image-preview:large, max-video-preview:-1\" \/>\n<link rel=\"canonical\" href=\"https:\/\/ucatedravino.es\/en\/diego-gomez-carmona\/\" \/>\n<meta property=\"og:locale\" content=\"en_GB\" \/>\n<meta property=\"og:type\" content=\"article\" \/>\n<meta property=\"og:title\" content=\"Dr. Diego G\u00f3mez Carmona - C\u00e1tedra Vino, Sociedad y Sostenibilidad\" \/>\n<meta property=\"og:url\" content=\"https:\/\/ucatedravino.es\/en\/diego-gomez-carmona\/\" \/>\n<meta property=\"og:site_name\" content=\"C\u00e1tedra Vino, Sociedad y Sostenibilidad\" \/>\n<meta property=\"article:publisher\" content=\"https:\/\/www.facebook.com\/profile.php?id=61554673476914\" \/>\n<meta property=\"article:modified_time\" content=\"2024-03-29T18:37:33+00:00\" \/>\n<meta property=\"og:image\" content=\"https:\/\/ucatedravino.es\/wp-content\/uploads\/2023\/10\/diego_catedravino.jpg\" \/>\n\t<meta property=\"og:image:width\" content=\"500\" \/>\n\t<meta property=\"og:image:height\" content=\"500\" \/>\n\t<meta property=\"og:image:type\" content=\"image\/jpeg\" \/>\n<meta name=\"twitter:card\" content=\"summary_large_image\" \/>\n<meta name=\"twitter:label1\" content=\"Estimated reading time\" \/>\n\t<meta name=\"twitter:data1\" content=\"3 minutes\" \/>\n<script type=\"application\/ld+json\" class=\"yoast-schema-graph\">{\"@context\":\"https:\\\/\\\/schema.org\",\"@graph\":[{\"@type\":\"WebPage\",\"@id\":\"https:\\\/\\\/ucatedravino.es\\\/diego-gomez-carmona\\\/\",\"url\":\"https:\\\/\\\/ucatedravino.es\\\/diego-gomez-carmona\\\/\",\"name\":\"Dr. Diego G\u00f3mez Carmona - C\u00e1tedra Vino, Sociedad y Sostenibilidad\",\"isPartOf\":{\"@id\":\"https:\\\/\\\/ucatedravino.es\\\/#website\"},\"primaryImageOfPage\":{\"@id\":\"https:\\\/\\\/ucatedravino.es\\\/diego-gomez-carmona\\\/#primaryimage\"},\"image\":{\"@id\":\"https:\\\/\\\/ucatedravino.es\\\/diego-gomez-carmona\\\/#primaryimage\"},\"thumbnailUrl\":\"https:\\\/\\\/ucatedravino.es\\\/wp-content\\\/uploads\\\/2023\\\/10\\\/diego_catedravino.jpg\",\"datePublished\":\"2023-11-03T17:32:11+00:00\",\"dateModified\":\"2024-03-29T18:37:33+00:00\",\"breadcrumb\":{\"@id\":\"https:\\\/\\\/ucatedravino.es\\\/diego-gomez-carmona\\\/#breadcrumb\"},\"inLanguage\":\"en-GB\",\"potentialAction\":[{\"@type\":\"ReadAction\",\"target\":[\"https:\\\/\\\/ucatedravino.es\\\/diego-gomez-carmona\\\/\"]}]},{\"@type\":\"ImageObject\",\"inLanguage\":\"en-GB\",\"@id\":\"https:\\\/\\\/ucatedravino.es\\\/diego-gomez-carmona\\\/#primaryimage\",\"url\":\"https:\\\/\\\/ucatedravino.es\\\/wp-content\\\/uploads\\\/2023\\\/10\\\/diego_catedravino.jpg\",\"contentUrl\":\"https:\\\/\\\/ucatedravino.es\\\/wp-content\\\/uploads\\\/2023\\\/10\\\/diego_catedravino.jpg\",\"width\":500,\"height\":500},{\"@type\":\"BreadcrumbList\",\"@id\":\"https:\\\/\\\/ucatedravino.es\\\/diego-gomez-carmona\\\/#breadcrumb\",\"itemListElement\":[{\"@type\":\"ListItem\",\"position\":1,\"name\":\"Portada\",\"item\":\"https:\\\/\\\/ucatedravino.es\\\/\"},{\"@type\":\"ListItem\",\"position\":2,\"name\":\"Dr. Diego G\u00f3mez Carmona\"}]},{\"@type\":\"WebSite\",\"@id\":\"https:\\\/\\\/ucatedravino.es\\\/#website\",\"url\":\"https:\\\/\\\/ucatedravino.es\\\/\",\"name\":\"C\u00e1tedra Vino, Sociedad y Sostenibilidad\",\"description\":\"Facultad de CCSS y de la Comunicaci\u00f3n. Universidad de C\u00e1diz\",\"publisher\":{\"@id\":\"https:\\\/\\\/ucatedravino.es\\\/#organization\"},\"potentialAction\":[{\"@type\":\"SearchAction\",\"target\":{\"@type\":\"EntryPoint\",\"urlTemplate\":\"https:\\\/\\\/ucatedravino.es\\\/?s={search_term_string}\"},\"query-input\":{\"@type\":\"PropertyValueSpecification\",\"valueRequired\":true,\"valueName\":\"search_term_string\"}}],\"inLanguage\":\"en-GB\"},{\"@type\":\"Organization\",\"@id\":\"https:\\\/\\\/ucatedravino.es\\\/#organization\",\"name\":\"C\u00e1tedra Vino, Sociedad y Sostenibilidad\",\"url\":\"https:\\\/\\\/ucatedravino.es\\\/\",\"logo\":{\"@type\":\"ImageObject\",\"inLanguage\":\"en-GB\",\"@id\":\"https:\\\/\\\/ucatedravino.es\\\/#\\\/schema\\\/logo\\\/image\\\/\",\"url\":\"https:\\\/\\\/ucatedravino.es\\\/wp-content\\\/uploads\\\/2023\\\/11\\\/logo_catedraVino.png\",\"contentUrl\":\"https:\\\/\\\/ucatedravino.es\\\/wp-content\\\/uploads\\\/2023\\\/11\\\/logo_catedraVino.png\",\"width\":200,\"height\":93,\"caption\":\"C\u00e1tedra Vino, Sociedad y Sostenibilidad\"},\"image\":{\"@id\":\"https:\\\/\\\/ucatedravino.es\\\/#\\\/schema\\\/logo\\\/image\\\/\"},\"sameAs\":[\"https:\\\/\\\/www.facebook.com\\\/profile.php?id=61554673476914\",\"https:\\\/\\\/www.instagram.com\\\/ucatedravino\\\/\"]}]}<\/script>\n<!-- \/ Yoast SEO plugin. -->","yoast_head_json":{"title":"Dr. Diego G\u00f3mez Carmona - C\u00e1tedra Vino, Sociedad y Sostenibilidad","robots":{"index":"index","follow":"follow","max-snippet":"max-snippet:-1","max-image-preview":"max-image-preview:large","max-video-preview":"max-video-preview:-1"},"canonical":"https:\/\/ucatedravino.es\/en\/diego-gomez-carmona\/","og_locale":"en_GB","og_type":"article","og_title":"Dr. Diego G\u00f3mez Carmona - C\u00e1tedra Vino, Sociedad y Sostenibilidad","og_url":"https:\/\/ucatedravino.es\/en\/diego-gomez-carmona\/","og_site_name":"C\u00e1tedra Vino, Sociedad y Sostenibilidad","article_publisher":"https:\/\/www.facebook.com\/profile.php?id=61554673476914","article_modified_time":"2024-03-29T18:37:33+00:00","og_image":[{"width":500,"height":500,"url":"https:\/\/ucatedravino.es\/wp-content\/uploads\/2023\/10\/diego_catedravino.jpg","type":"image\/jpeg"}],"twitter_card":"summary_large_image","twitter_misc":{"Estimated reading time":"3 minutes"},"schema":{"@context":"https:\/\/schema.org","@graph":[{"@type":"WebPage","@id":"https:\/\/ucatedravino.es\/diego-gomez-carmona\/","url":"https:\/\/ucatedravino.es\/diego-gomez-carmona\/","name":"Dr. Diego G\u00f3mez Carmona - C\u00e1tedra Vino, Sociedad y Sostenibilidad","isPartOf":{"@id":"https:\/\/ucatedravino.es\/#website"},"primaryImageOfPage":{"@id":"https:\/\/ucatedravino.es\/diego-gomez-carmona\/#primaryimage"},"image":{"@id":"https:\/\/ucatedravino.es\/diego-gomez-carmona\/#primaryimage"},"thumbnailUrl":"https:\/\/ucatedravino.es\/wp-content\/uploads\/2023\/10\/diego_catedravino.jpg","datePublished":"2023-11-03T17:32:11+00:00","dateModified":"2024-03-29T18:37:33+00:00","breadcrumb":{"@id":"https:\/\/ucatedravino.es\/diego-gomez-carmona\/#breadcrumb"},"inLanguage":"en-GB","potentialAction":[{"@type":"ReadAction","target":["https:\/\/ucatedravino.es\/diego-gomez-carmona\/"]}]},{"@type":"ImageObject","inLanguage":"en-GB","@id":"https:\/\/ucatedravino.es\/diego-gomez-carmona\/#primaryimage","url":"https:\/\/ucatedravino.es\/wp-content\/uploads\/2023\/10\/diego_catedravino.jpg","contentUrl":"https:\/\/ucatedravino.es\/wp-content\/uploads\/2023\/10\/diego_catedravino.jpg","width":500,"height":500},{"@type":"BreadcrumbList","@id":"https:\/\/ucatedravino.es\/diego-gomez-carmona\/#breadcrumb","itemListElement":[{"@type":"ListItem","position":1,"name":"Portada","item":"https:\/\/ucatedravino.es\/"},{"@type":"ListItem","position":2,"name":"Dr. Diego G\u00f3mez Carmona"}]},{"@type":"WebSite","@id":"https:\/\/ucatedravino.es\/#website","url":"https:\/\/ucatedravino.es\/","name":"C\u00e1tedra Vino, Sociedad y Sostenibilidad","description":"Facultad de CCSS y de la Comunicaci\u00f3n. Universidad de C\u00e1diz","publisher":{"@id":"https:\/\/ucatedravino.es\/#organization"},"potentialAction":[{"@type":"SearchAction","target":{"@type":"EntryPoint","urlTemplate":"https:\/\/ucatedravino.es\/?s={search_term_string}"},"query-input":{"@type":"PropertyValueSpecification","valueRequired":true,"valueName":"search_term_string"}}],"inLanguage":"en-GB"},{"@type":"Organization","@id":"https:\/\/ucatedravino.es\/#organization","name":"C\u00e1tedra Vino, Sociedad y Sostenibilidad","url":"https:\/\/ucatedravino.es\/","logo":{"@type":"ImageObject","inLanguage":"en-GB","@id":"https:\/\/ucatedravino.es\/#\/schema\/logo\/image\/","url":"https:\/\/ucatedravino.es\/wp-content\/uploads\/2023\/11\/logo_catedraVino.png","contentUrl":"https:\/\/ucatedravino.es\/wp-content\/uploads\/2023\/11\/logo_catedraVino.png","width":200,"height":93,"caption":"C\u00e1tedra Vino, Sociedad y Sostenibilidad"},"image":{"@id":"https:\/\/ucatedravino.es\/#\/schema\/logo\/image\/"},"sameAs":["https:\/\/www.facebook.com\/profile.php?id=61554673476914","https:\/\/www.instagram.com\/ucatedravino\/"]}]}},"_links":{"self":[{"href":"https:\/\/ucatedravino.es\/en\/wp-json\/wp\/v2\/pages\/316","targetHints":{"allow":["GET"]}}],"collection":[{"href":"https:\/\/ucatedravino.es\/en\/wp-json\/wp\/v2\/pages"}],"about":[{"href":"https:\/\/ucatedravino.es\/en\/wp-json\/wp\/v2\/types\/page"}],"author":[{"embeddable":true,"href":"https:\/\/ucatedravino.es\/en\/wp-json\/wp\/v2\/users\/2"}],"replies":[{"embeddable":true,"href":"https:\/\/ucatedravino.es\/en\/wp-json\/wp\/v2\/comments?post=316"}],"version-history":[{"count":3,"href":"https:\/\/ucatedravino.es\/en\/wp-json\/wp\/v2\/pages\/316\/revisions"}],"predecessor-version":[{"id":427,"href":"https:\/\/ucatedravino.es\/en\/wp-json\/wp\/v2\/pages\/316\/revisions\/427"}],"wp:featuredmedia":[{"embeddable":true,"href":"https:\/\/ucatedravino.es\/en\/wp-json\/wp\/v2\/media\/207"}],"wp:attachment":[{"href":"https:\/\/ucatedravino.es\/en\/wp-json\/wp\/v2\/media?parent=316"}],"curies":[{"name":"wp","href":"https:\/\/api.w.org\/{rel}","templated":true}]}}