{"id":330,"date":"2023-11-03T19:09:05","date_gmt":"2023-11-03T18:09:05","guid":{"rendered":"https:\/\/ucatedravino.es\/?page_id=330"},"modified":"2024-03-29T19:38:40","modified_gmt":"2024-03-29T18:38:40","slug":"dra-rocio-guil-bozal","status":"publish","type":"page","link":"https:\/\/ucatedravino.es\/en\/dra-rocio-guil-bozal\/","title":{"rendered":"Dra. Roc\u00edo Guil Bozal"},"content":{"rendered":"<div class=\"grve-section\" data-section-title=\"\" data-section-type=\"fullwidth-background\" data-image-type=\"none\" data-full-height=\"no\"><div class=\"grve-row grve-bookmark\"><div class=\"wpb_column grve-column grve-bookmark grve-column-1\"><h1 class=\"grve-element grve-align-center grve-title-double-bottom-line grve-h1\" style=\"\"><span>Dra. Roc\u00edo Guil Bozal<\/span><\/h1><div class=\"grve-element grve-text\"><p style=\"text-align: center;\">Email: <a href=\"mailto:rocio.guil@uca.es\">rocio.guil@uca.es<\/a><\/p>\n<\/div><\/div> <\/div><div class=\"grve-background-wrapper\"><\/div><\/div><div class=\"grve-section\" data-section-title=\"\" data-section-type=\"fullwidth-background\" data-image-type=\"none\" data-full-height=\"no\"  style=\"background-color:#e5e5e5;padding-top: 50px;padding-bottom: 50px;\"><div class=\"grve-row grve-bookmark\"><div class=\"wpb_column grve-column grve-bookmark grve-column-1-2\"><div class=\"grve-element grve-image grve-align-left\" style=\"\"><img loading=\"lazy\" decoding=\"async\" width=\"500\" height=\"500\" src=\"https:\/\/ucatedravino.es\/wp-content\/uploads\/2023\/10\/rocio_catedravino-1.jpg\" class=\"attachment-full size-full\" alt=\"\" srcset=\"https:\/\/ucatedravino.es\/wp-content\/uploads\/2023\/10\/rocio_catedravino-1.jpg 500w, https:\/\/ucatedravino.es\/wp-content\/uploads\/2023\/10\/rocio_catedravino-1-300x300.jpg 300w, https:\/\/ucatedravino.es\/wp-content\/uploads\/2023\/10\/rocio_catedravino-1-150x150.jpg 150w, https:\/\/ucatedravino.es\/wp-content\/uploads\/2023\/10\/rocio_catedravino-1-12x12.jpg 12w, https:\/\/ucatedravino.es\/wp-content\/uploads\/2023\/10\/rocio_catedravino-1-80x80.jpg 80w\" sizes=\"auto, (max-width: 500px) 100vw, 500px\" \/><\/div><div class=\"vc_empty_space\"   style=\"height: 15px\"><span class=\"vc_empty_space_inner\"><\/span><\/div><\/div><div class=\"wpb_column grve-column grve-bookmark grve-column-1-2\"><h5 class=\"grve-element grve-align-left grve-title-line grve-h5\" style=\"\"><span>Curr\u00edculum<\/span><\/h5><div class=\"grve-element grve-text\"><p style=\"text-align: justify;\">Doctora en Psicolog\u00eda por la Universidad de Sevilla, Catedr\u00e1tica de Escuela Universitaria de Psicolog\u00eda Social en la Universidad de C\u00e1diz (UCA), responsable de los grupos de investigaci\u00f3n del PAIDI, HUM-843 \u201cInteligencia Emocional\u201d (EI) y del grupo Asociado del Instituto de Investigaci\u00f3n e Innovaci\u00f3n Biom\u00e9dica de C\u00e1diz INiBICA, IN46 \u201cFactores psicol\u00f3gicos, sociales y emocionales vinculados a la calidad de vida\u201d. Directora del laboratorio EI y miembro del Instituto Universitario de Investigaci\u00f3n para el Desarrollo Social Sostenible (INDESS).<\/p>\n<p style=\"text-align: justify;\">En 2000 y 2007, realiz\u00f3 sendas estancias cient\u00edficas en la Universidad De Yale, invitada por el Prof. Dr. Peter Salovey. Desde ese momento, comenzaron un trabajo colaborativo, basado en su modelo EI, e identificando habilidades socioemocionales vinculadas a la adaptaci\u00f3n, detectando perfiles de riesgo y desarrollando e implementando programas de intervenci\u00f3n.<br \/>\nDesde 2005, es miembro de la Sociedad Espa\u00f1ola de Psicoterapia y T\u00e9cnicas Grupales, donde ha verificado la utilidad de la din\u00e1mica grupal para mejorar las habilidades de afrontamiento y la gesti\u00f3n de estados emocionales, as\u00ed como para desarrollar competencias socio-emocionales.<br \/>\nCon base en estas experiencias, inici\u00f3 la direcci\u00f3n de esta nueva \u00e1rea de investigaci\u00f3n que brinda apoyo emp\u00edrico. As\u00ed, en los \u00faltimos a\u00f1os, la Prof. Roc\u00edo Guil Bozal ha centrado su investigaci\u00f3n en las implicaciones de la Inteligencia Emocional (IE) y diversos indicadores de salud percibida y Calidad de Vida (CV), cuyos resultados han sido publicados en diversos foros y revistas cient\u00edficas de alta calidad registradas en el Journal Citation Reports. Adem\u00e1s, ha sido directora de 14 tesis doctorales, las \u00faltimas sobre bienestar psicol\u00f3gico y CV.<\/p>\n<\/div><\/div><div class=\"wpb_column grve-column grve-bookmark grve-column-1\"><\/div> <\/div><div class=\"grve-background-wrapper\"><\/div><\/div><div class=\"grve-section\" data-section-title=\"\" data-section-type=\"fullwidth-background\" data-image-type=\"none\" data-full-height=\"no\"><div class=\"grve-row grve-bookmark\"><div class=\"wpb_column grve-column grve-bookmark grve-column-1-6\"><div class=\"grve-element grve-align-center\"><a class=\"grve-btn grve-btn-medium grve-round grve-bg-primary-1\" href=\"https:\/\/produccioncientifica.uca.es\/investigadores\/112730\/detalle\" target=\"_blank\" style=\"\"><span>Web<\/span><\/a><\/div><\/div><div class=\"wpb_column grve-column grve-bookmark grve-column-1-6\"><div class=\"grve-element grve-align-center\"><a class=\"grve-btn grve-btn-medium grve-round grve-bg-primary-1\" href=\"https:\/\/orcid.org\/0000-0003-4425-2800\" target=\"_blank\" style=\"\"><span>Orcid<\/span><\/a><\/div><\/div><div class=\"wpb_column grve-column grve-bookmark grve-column-1-6\"><div class=\"grve-element grve-align-center\"><a class=\"grve-btn grve-btn-medium grve-round grve-bg-primary-1\" href=\"https:\/\/scholar.google.es\/citations?user=0TZonWQAAAAJ&#038;hl=es\" target=\"_blank\" style=\"\"><span>Google Scholar<\/span><\/a><\/div><\/div><div class=\"wpb_column grve-column grve-bookmark grve-column-1-6\"><div class=\"grve-element grve-align-center\"><a class=\"grve-btn grve-btn-medium grve-round grve-bg-primary-1\" href=\"https:\/\/www.researchgate.net\/profile\/Rocio-Guil\" target=\"_blank\" style=\"\"><span>Research<br \/>\nGate<\/span><\/a><\/div><\/div><div class=\"wpb_column grve-column grve-bookmark grve-column-1-6\"><div class=\"grve-element grve-align-center\"><a class=\"grve-btn grve-btn-medium grve-round grve-bg-primary-1\" href=\"https:\/\/www.scopus.com\/authid\/detail.uri?authorId=15052185900\" target=\"_blank\" style=\"\"><span>Scopus<\/span><\/a><\/div><\/div><div class=\"wpb_column grve-column grve-bookmark grve-column-1-6\"><\/div> <\/div><div class=\"grve-background-wrapper\"><\/div><\/div>","protected":false},"excerpt":{"rendered":"Dra. Roc\u00edo Guil BozalEmail: rocio.guil@uca.es Curr\u00edculumDoctora en Psicolog\u00eda por la Universidad de Sevilla, Catedr\u00e1tica de Escuela Universitaria de Psicolog\u00eda Social en la Universidad de C\u00e1diz (UCA), responsable de los grupos de investigaci\u00f3n del PAIDI, HUM-843 \u201cInteligencia Emocional\u201d (EI) y del grupo Asociado del Instituto de Investigaci\u00f3n e Innovaci\u00f3n Biom\u00e9dica de C\u00e1diz INiBICA, IN46 \u201cFactores psicol\u00f3gicos, [...]","protected":false},"author":2,"featured_media":222,"parent":0,"menu_order":0,"comment_status":"closed","ping_status":"closed","template":"","meta":{"footnotes":""},"class_list":["post-330","page","type-page","status-publish","has-post-thumbnail","hentry"],"yoast_head":"<!-- This site is optimized with the Yoast SEO plugin v27.4 - https:\/\/yoast.com\/product\/yoast-seo-wordpress\/ -->\n<title>Dra. Roc\u00edo Guil Bozal - C\u00e1tedra Vino, Sociedad y Sostenibilidad<\/title>\n<meta name=\"robots\" content=\"index, follow, max-snippet:-1, max-image-preview:large, max-video-preview:-1\" \/>\n<link rel=\"canonical\" href=\"https:\/\/ucatedravino.es\/en\/dra-rocio-guil-bozal\/\" \/>\n<meta property=\"og:locale\" content=\"en_GB\" \/>\n<meta property=\"og:type\" content=\"article\" \/>\n<meta property=\"og:title\" content=\"Dra. Roc\u00edo Guil Bozal - C\u00e1tedra Vino, Sociedad y Sostenibilidad\" \/>\n<meta property=\"og:url\" content=\"https:\/\/ucatedravino.es\/en\/dra-rocio-guil-bozal\/\" \/>\n<meta property=\"og:site_name\" content=\"C\u00e1tedra Vino, Sociedad y Sostenibilidad\" \/>\n<meta property=\"article:publisher\" content=\"https:\/\/www.facebook.com\/profile.php?id=61554673476914\" \/>\n<meta property=\"article:modified_time\" content=\"2024-03-29T18:38:40+00:00\" \/>\n<meta property=\"og:image\" content=\"https:\/\/ucatedravino.es\/wp-content\/uploads\/2023\/10\/rocio_catedravino-1.jpg\" \/>\n\t<meta property=\"og:image:width\" content=\"500\" \/>\n\t<meta property=\"og:image:height\" content=\"500\" \/>\n\t<meta property=\"og:image:type\" content=\"image\/jpeg\" \/>\n<meta name=\"twitter:card\" content=\"summary_large_image\" \/>\n<meta name=\"twitter:label1\" content=\"Estimated reading time\" \/>\n\t<meta name=\"twitter:data1\" content=\"3 minutes\" \/>\n<script type=\"application\/ld+json\" class=\"yoast-schema-graph\">{\"@context\":\"https:\\\/\\\/schema.org\",\"@graph\":[{\"@type\":\"WebPage\",\"@id\":\"https:\\\/\\\/ucatedravino.es\\\/dra-rocio-guil-bozal\\\/\",\"url\":\"https:\\\/\\\/ucatedravino.es\\\/dra-rocio-guil-bozal\\\/\",\"name\":\"Dra. Roc\u00edo Guil Bozal - C\u00e1tedra Vino, Sociedad y Sostenibilidad\",\"isPartOf\":{\"@id\":\"https:\\\/\\\/ucatedravino.es\\\/#website\"},\"primaryImageOfPage\":{\"@id\":\"https:\\\/\\\/ucatedravino.es\\\/dra-rocio-guil-bozal\\\/#primaryimage\"},\"image\":{\"@id\":\"https:\\\/\\\/ucatedravino.es\\\/dra-rocio-guil-bozal\\\/#primaryimage\"},\"thumbnailUrl\":\"https:\\\/\\\/ucatedravino.es\\\/wp-content\\\/uploads\\\/2023\\\/10\\\/rocio_catedravino-1.jpg\",\"datePublished\":\"2023-11-03T18:09:05+00:00\",\"dateModified\":\"2024-03-29T18:38:40+00:00\",\"breadcrumb\":{\"@id\":\"https:\\\/\\\/ucatedravino.es\\\/dra-rocio-guil-bozal\\\/#breadcrumb\"},\"inLanguage\":\"en-GB\",\"potentialAction\":[{\"@type\":\"ReadAction\",\"target\":[\"https:\\\/\\\/ucatedravino.es\\\/dra-rocio-guil-bozal\\\/\"]}]},{\"@type\":\"ImageObject\",\"inLanguage\":\"en-GB\",\"@id\":\"https:\\\/\\\/ucatedravino.es\\\/dra-rocio-guil-bozal\\\/#primaryimage\",\"url\":\"https:\\\/\\\/ucatedravino.es\\\/wp-content\\\/uploads\\\/2023\\\/10\\\/rocio_catedravino-1.jpg\",\"contentUrl\":\"https:\\\/\\\/ucatedravino.es\\\/wp-content\\\/uploads\\\/2023\\\/10\\\/rocio_catedravino-1.jpg\",\"width\":500,\"height\":500},{\"@type\":\"BreadcrumbList\",\"@id\":\"https:\\\/\\\/ucatedravino.es\\\/dra-rocio-guil-bozal\\\/#breadcrumb\",\"itemListElement\":[{\"@type\":\"ListItem\",\"position\":1,\"name\":\"Portada\",\"item\":\"https:\\\/\\\/ucatedravino.es\\\/\"},{\"@type\":\"ListItem\",\"position\":2,\"name\":\"Dra. Roc\u00edo Guil Bozal\"}]},{\"@type\":\"WebSite\",\"@id\":\"https:\\\/\\\/ucatedravino.es\\\/#website\",\"url\":\"https:\\\/\\\/ucatedravino.es\\\/\",\"name\":\"C\u00e1tedra Vino, Sociedad y Sostenibilidad\",\"description\":\"Facultad de CCSS y de la Comunicaci\u00f3n. Universidad de C\u00e1diz\",\"publisher\":{\"@id\":\"https:\\\/\\\/ucatedravino.es\\\/#organization\"},\"potentialAction\":[{\"@type\":\"SearchAction\",\"target\":{\"@type\":\"EntryPoint\",\"urlTemplate\":\"https:\\\/\\\/ucatedravino.es\\\/?s={search_term_string}\"},\"query-input\":{\"@type\":\"PropertyValueSpecification\",\"valueRequired\":true,\"valueName\":\"search_term_string\"}}],\"inLanguage\":\"en-GB\"},{\"@type\":\"Organization\",\"@id\":\"https:\\\/\\\/ucatedravino.es\\\/#organization\",\"name\":\"C\u00e1tedra Vino, Sociedad y Sostenibilidad\",\"url\":\"https:\\\/\\\/ucatedravino.es\\\/\",\"logo\":{\"@type\":\"ImageObject\",\"inLanguage\":\"en-GB\",\"@id\":\"https:\\\/\\\/ucatedravino.es\\\/#\\\/schema\\\/logo\\\/image\\\/\",\"url\":\"https:\\\/\\\/ucatedravino.es\\\/wp-content\\\/uploads\\\/2023\\\/11\\\/logo_catedraVino.png\",\"contentUrl\":\"https:\\\/\\\/ucatedravino.es\\\/wp-content\\\/uploads\\\/2023\\\/11\\\/logo_catedraVino.png\",\"width\":200,\"height\":93,\"caption\":\"C\u00e1tedra Vino, Sociedad y Sostenibilidad\"},\"image\":{\"@id\":\"https:\\\/\\\/ucatedravino.es\\\/#\\\/schema\\\/logo\\\/image\\\/\"},\"sameAs\":[\"https:\\\/\\\/www.facebook.com\\\/profile.php?id=61554673476914\",\"https:\\\/\\\/www.instagram.com\\\/ucatedravino\\\/\"]}]}<\/script>\n<!-- \/ Yoast SEO plugin. -->","yoast_head_json":{"title":"Dra. Roc\u00edo Guil Bozal - C\u00e1tedra Vino, Sociedad y Sostenibilidad","robots":{"index":"index","follow":"follow","max-snippet":"max-snippet:-1","max-image-preview":"max-image-preview:large","max-video-preview":"max-video-preview:-1"},"canonical":"https:\/\/ucatedravino.es\/en\/dra-rocio-guil-bozal\/","og_locale":"en_GB","og_type":"article","og_title":"Dra. Roc\u00edo Guil Bozal - C\u00e1tedra Vino, Sociedad y Sostenibilidad","og_url":"https:\/\/ucatedravino.es\/en\/dra-rocio-guil-bozal\/","og_site_name":"C\u00e1tedra Vino, Sociedad y Sostenibilidad","article_publisher":"https:\/\/www.facebook.com\/profile.php?id=61554673476914","article_modified_time":"2024-03-29T18:38:40+00:00","og_image":[{"width":500,"height":500,"url":"https:\/\/ucatedravino.es\/wp-content\/uploads\/2023\/10\/rocio_catedravino-1.jpg","type":"image\/jpeg"}],"twitter_card":"summary_large_image","twitter_misc":{"Estimated reading time":"3 minutes"},"schema":{"@context":"https:\/\/schema.org","@graph":[{"@type":"WebPage","@id":"https:\/\/ucatedravino.es\/dra-rocio-guil-bozal\/","url":"https:\/\/ucatedravino.es\/dra-rocio-guil-bozal\/","name":"Dra. Roc\u00edo Guil Bozal - C\u00e1tedra Vino, Sociedad y Sostenibilidad","isPartOf":{"@id":"https:\/\/ucatedravino.es\/#website"},"primaryImageOfPage":{"@id":"https:\/\/ucatedravino.es\/dra-rocio-guil-bozal\/#primaryimage"},"image":{"@id":"https:\/\/ucatedravino.es\/dra-rocio-guil-bozal\/#primaryimage"},"thumbnailUrl":"https:\/\/ucatedravino.es\/wp-content\/uploads\/2023\/10\/rocio_catedravino-1.jpg","datePublished":"2023-11-03T18:09:05+00:00","dateModified":"2024-03-29T18:38:40+00:00","breadcrumb":{"@id":"https:\/\/ucatedravino.es\/dra-rocio-guil-bozal\/#breadcrumb"},"inLanguage":"en-GB","potentialAction":[{"@type":"ReadAction","target":["https:\/\/ucatedravino.es\/dra-rocio-guil-bozal\/"]}]},{"@type":"ImageObject","inLanguage":"en-GB","@id":"https:\/\/ucatedravino.es\/dra-rocio-guil-bozal\/#primaryimage","url":"https:\/\/ucatedravino.es\/wp-content\/uploads\/2023\/10\/rocio_catedravino-1.jpg","contentUrl":"https:\/\/ucatedravino.es\/wp-content\/uploads\/2023\/10\/rocio_catedravino-1.jpg","width":500,"height":500},{"@type":"BreadcrumbList","@id":"https:\/\/ucatedravino.es\/dra-rocio-guil-bozal\/#breadcrumb","itemListElement":[{"@type":"ListItem","position":1,"name":"Portada","item":"https:\/\/ucatedravino.es\/"},{"@type":"ListItem","position":2,"name":"Dra. Roc\u00edo Guil Bozal"}]},{"@type":"WebSite","@id":"https:\/\/ucatedravino.es\/#website","url":"https:\/\/ucatedravino.es\/","name":"C\u00e1tedra Vino, Sociedad y Sostenibilidad","description":"Facultad de CCSS y de la Comunicaci\u00f3n. Universidad de C\u00e1diz","publisher":{"@id":"https:\/\/ucatedravino.es\/#organization"},"potentialAction":[{"@type":"SearchAction","target":{"@type":"EntryPoint","urlTemplate":"https:\/\/ucatedravino.es\/?s={search_term_string}"},"query-input":{"@type":"PropertyValueSpecification","valueRequired":true,"valueName":"search_term_string"}}],"inLanguage":"en-GB"},{"@type":"Organization","@id":"https:\/\/ucatedravino.es\/#organization","name":"C\u00e1tedra Vino, Sociedad y Sostenibilidad","url":"https:\/\/ucatedravino.es\/","logo":{"@type":"ImageObject","inLanguage":"en-GB","@id":"https:\/\/ucatedravino.es\/#\/schema\/logo\/image\/","url":"https:\/\/ucatedravino.es\/wp-content\/uploads\/2023\/11\/logo_catedraVino.png","contentUrl":"https:\/\/ucatedravino.es\/wp-content\/uploads\/2023\/11\/logo_catedraVino.png","width":200,"height":93,"caption":"C\u00e1tedra Vino, Sociedad y Sostenibilidad"},"image":{"@id":"https:\/\/ucatedravino.es\/#\/schema\/logo\/image\/"},"sameAs":["https:\/\/www.facebook.com\/profile.php?id=61554673476914","https:\/\/www.instagram.com\/ucatedravino\/"]}]}},"_links":{"self":[{"href":"https:\/\/ucatedravino.es\/en\/wp-json\/wp\/v2\/pages\/330","targetHints":{"allow":["GET"]}}],"collection":[{"href":"https:\/\/ucatedravino.es\/en\/wp-json\/wp\/v2\/pages"}],"about":[{"href":"https:\/\/ucatedravino.es\/en\/wp-json\/wp\/v2\/types\/page"}],"author":[{"embeddable":true,"href":"https:\/\/ucatedravino.es\/en\/wp-json\/wp\/v2\/users\/2"}],"replies":[{"embeddable":true,"href":"https:\/\/ucatedravino.es\/en\/wp-json\/wp\/v2\/comments?post=330"}],"version-history":[{"count":3,"href":"https:\/\/ucatedravino.es\/en\/wp-json\/wp\/v2\/pages\/330\/revisions"}],"predecessor-version":[{"id":430,"href":"https:\/\/ucatedravino.es\/en\/wp-json\/wp\/v2\/pages\/330\/revisions\/430"}],"wp:featuredmedia":[{"embeddable":true,"href":"https:\/\/ucatedravino.es\/en\/wp-json\/wp\/v2\/media\/222"}],"wp:attachment":[{"href":"https:\/\/ucatedravino.es\/en\/wp-json\/wp\/v2\/media?parent=330"}],"curies":[{"name":"wp","href":"https:\/\/api.w.org\/{rel}","templated":true}]}}