{"id":336,"date":"2023-11-03T19:23:37","date_gmt":"2023-11-03T18:23:37","guid":{"rendered":"https:\/\/ucatedravino.es\/?page_id=336"},"modified":"2023-11-03T19:23:40","modified_gmt":"2023-11-03T18:23:40","slug":"dr-jose-antonio-lopez-sanchez","status":"publish","type":"page","link":"https:\/\/ucatedravino.es\/en\/dr-jose-antonio-lopez-sanchez\/","title":{"rendered":"Dr. Jos\u00e9 Antonio L\u00f3pez S\u00e1nchez"},"content":{"rendered":"<div class=\"grve-section\" data-section-title=\"\" data-section-type=\"fullwidth-background\" data-image-type=\"none\" data-full-height=\"no\"><div class=\"grve-row grve-bookmark\"><div class=\"wpb_column grve-column grve-bookmark grve-column-1\"><h1 class=\"grve-element grve-align-center grve-title-double-bottom-line grve-h1\" style=\"\"><span> Dr. Jos\u00e9 Antonio L\u00f3pez S\u00e1nchez<\/span><\/h1><div class=\"grve-element grve-text\"><p style=\"text-align: center;\">Email: <a href=\"mailto:joseantonio.lopez@uca.es\">joseantonio.lopez@uca.es<\/a><\/p>\n<\/div><\/div> <\/div><div class=\"grve-background-wrapper\"><\/div><\/div><div class=\"grve-section\" data-section-title=\"\" data-section-type=\"fullwidth-background\" data-image-type=\"none\" data-full-height=\"no\"  style=\"background-color:#e5e5e5;padding-top: 50px;padding-bottom: 50px;\"><div class=\"grve-row grve-bookmark\"><div class=\"wpb_column grve-column grve-bookmark grve-column-1-2\"><div class=\"grve-element grve-image grve-align-left\" style=\"\"><img loading=\"lazy\" decoding=\"async\" width=\"500\" height=\"500\" src=\"https:\/\/ucatedravino.es\/wp-content\/uploads\/2023\/11\/jalopez_catedravino.jpg\" class=\"attachment-full size-full\" alt=\"\" srcset=\"https:\/\/ucatedravino.es\/wp-content\/uploads\/2023\/11\/jalopez_catedravino.jpg 500w, https:\/\/ucatedravino.es\/wp-content\/uploads\/2023\/11\/jalopez_catedravino-300x300.jpg 300w, https:\/\/ucatedravino.es\/wp-content\/uploads\/2023\/11\/jalopez_catedravino-150x150.jpg 150w, https:\/\/ucatedravino.es\/wp-content\/uploads\/2023\/11\/jalopez_catedravino-12x12.jpg 12w, https:\/\/ucatedravino.es\/wp-content\/uploads\/2023\/11\/jalopez_catedravino-80x80.jpg 80w\" sizes=\"auto, (max-width: 500px) 100vw, 500px\" \/><\/div><div class=\"vc_empty_space\"   style=\"height: 15px\"><span class=\"vc_empty_space_inner\"><\/span><\/div><\/div><div class=\"wpb_column grve-column grve-bookmark grve-column-1-2\"><h5 class=\"grve-element grve-align-left grve-title-line grve-h5\" style=\"\"><span>Curr\u00edculum<\/span><\/h5><div class=\"grve-element grve-text\"><p style=\"text-align: justify;\">Doctor por la Univ. de C\u00e1diz y Licenciado en Geograf\u00eda e Historia por la de Sevilla. Ha realizado estancias de car\u00e1cter cient\u00edfico en la Univ. de Bolivia, la Ling\u00fc\u00edstica de Mosc\u00fa, la Univ. Abdemalek Essadi, Instituto Especializado de Educaci\u00f3n Superior para la Formaci\u00f3n Diplom\u00e1tica de El Salvador. Reconocido un sexenio de investigaci\u00f3n. Resoluci\u00f3n positiva para el periodo 2007-2012 (CNEAI). Ha participado en Proyectos Internacionales de Investigaci\u00f3n como IP. Director de la Tesis doctoral de Jes\u00fas Rodr\u00edguez Torrej\u00f3n denominada \u201cLas Gu\u00edas de Buenas Pr\u00e1cticas para el desarrollo del Turismo Sostenible: El caso de Sierra de las Nieves\u201d. 2013. Director de la Tesis doctoral de Mar\u00eda Jos\u00e9 Ar\u00e9valo Guti\u00e9rrez denominada \u201cLa importancia del Legado Sefard\u00ed para la creaci\u00f3n de una ruta tur\u00edstica: el caso de Jerez de la Frontera\u201d. 2015 Coordinador de la Diplomatura de Turismo como experiencia piloto de Espacio Europea de Educaci\u00f3n Superior. Vicedecano de Espacio europeo y pr\u00e1cticas externas de la Facultad de Ciencias Sociales y de la Comunicaci\u00f3n 2008-2014. Coordinador del M\u00e1ster en Direcci\u00f3n Tur\u00edstica de la Universidad de C\u00e1diz (2011 hasta la actualidad) Director de Instituto Universitario de Investigaci\u00f3n para el Desarrollo Social Sostenible (INDESS) 2012 hasta la actualidad.<\/p>\n<p style=\"text-align: justify;\">En lo que respecta a la docencia ha desarrollado tareas docentes en el Departamento de Historia, Geograf\u00eda y Filosof\u00eda de la Universidad de C\u00e1diz desde 1995 hasta la actualidad. Durante este periodo fue profesor asociado a tiempo completo en la Escuela Universitaria Adscrita \u201cVirgen de Europa\u201d hasta 2001, Posteriormente en el 2002 entr\u00f3 a formar parte, a tiempo parcial, del claustro de profesores del Centro Universitario de Estudios Sociales en Jerez y en el 2003 hasta 2005 fue profesor asociado en la Facultad de Ciencias Sociales y de la Comunicaci\u00f3n, profesor colaborador hasta 2008 y contratado doctor desde 2009. En ese tiempo ha sido profesor responsable de las asignaturas de las titulaciones de Magisterio, Geograf\u00eda e Historia de Espa\u00f1a, Cultura Andaluza, Introducci\u00f3n a la Did\u00e1ctica de las Ciencias Sociales, Conocimiento del medio Social y Cultural; en el CUES de la asignatura de Itinerarios Tur\u00edsticos. En la Licenciatura de Humanidades imparti\u00f3 Geograf\u00eda del Mundo \u00c1rabe; historia, Geograf\u00eda Regional del Mundo Actual y en la diplomatura\/Grado en turismo Recursos Territoriales Tur\u00edsticos y Practicum. Adem\u00e1s ha impartido en los \u00faltimos a\u00f1os docencia en diferentes Master (Gesti\u00f3n Integrada de las \u00c1reas Litorales, Direcci\u00f3n Tur\u00edstica, Comunicaci\u00f3n, Cooperaci\u00f3n al Desarrollo y Gesti\u00f3n de Proyectos\u2026) y postgrados, sobre todo en temas relacionados con el Turismo sostenible, principal l\u00ednea de investigaci\u00f3n. La mayor\u00eda de la docencia impartida en ellos se relaciona bien con sus \u00e1mbitos de especializaci\u00f3n investigadora. Por otro lado cabe destacar la participaci\u00f3n en distintos proyectos de innovaci\u00f3n docente relacionados con el Espacio Europeo de Educaci\u00f3n Superior y en la elaboraci\u00f3n de materiales docentes (gu\u00edas docentes de car\u00e1cter impreso y digital) desde la implantaci\u00f3n en la titulaci\u00f3n en Turismo. Tambi\u00e9n ha participado como miembro de la Comisi\u00f3n de evaluaci\u00f3n para los proyectos de innovaci\u00f3n docente de la Universidad de C\u00e1diz. Su integraci\u00f3n en las labores universitarias le ha llevado a participar en diferentes \u00f3rganos de la Universidad. De esta forma, actualmente es miembro electo de la Junta de Facultad de la facultad de Ciencias Sociales y de la Comunicaci\u00f3n iniciandose su pertenencia en febrero de 2006 como miembro nato. En 2009 el solicitante obtiene el Certificado DOCENTIA de la Calidad de la Actividad Docente emitido por el Vicerrectorado de Planificaci\u00f3n y Calidad de la Universidad de C\u00e1diz con una puntuaci\u00f3n de EXCELENTE (con una validez de cinco a\u00f1os), en el a\u00f1o 2014 ha solicitado de nuevo el Certificado DOCENTIA de la Calidad de la Actividad Docente al Vicerrectorado de Planificaci\u00f3n y Calidad de la Universidad de C\u00e1diz (R.D.1312\/2007, de 5 de octubre) obteniendo de nuevo la puntuaci\u00f3n de EXCELENTE (la m\u00e1xima posible). Tanto la actividad docente como investigadora han sido evaluadas en los procesos para la obtenci\u00f3n de la acreditaci\u00f3n y evaluaci\u00f3n del profesorado universitario de la Agencia Nacional de Evaluaci\u00f3n de la Calidad y Acreditaci\u00f3n (ANECA) para la contrataci\u00f3n de profesorado universitario en la figura de Profesor Colaborador y de la Agencia Andaluza de Evaluaci\u00f3n (AGAE) para la contrataci\u00f3n de profesorado universitario en la figura de Profesor Contratado Doctor y Titular de Universidad.<\/p>\n<p style=\"text-align: justify;\">Premio 1: l Comit\u00e9 Cient\u00edfico del I\u00ba Congreso Internacional de Turismo Enol\u00f3gico, certifica que la comunicaci\u00f3n titulada \u201cJerez. La ciudad del vino. An\u00e1lisis interdisciplinario de la imagen tur\u00edstico a trav\u00e9s del vino\u201d. Comunicaci\u00f3n premiada con 600. Universidad de C\u00e1diz, 5 de diciembre de 2007. Premio 2: La Universidad de C\u00e1diz otorga el Premio HUMAN 2009 a la Transferencia de Conocimiento en el \u00e1rea de las Ciencias Sociales y Human\u00edsticas en la modalidad grupo de investigaci\u00f3n al grupo \u201cPLANIFICACI\u00d3N Y GESTI\u00d3N LITORAL (HUM-117)\u201d y a D. Jos\u00e9 Antonio L\u00f3pez S\u00e1nchez como miembro de dicho grupo de investigaci\u00f3n. Premio 3: La Universidad de C\u00e1diz otorga el premio atr\u00e9BT! en la modalidad de Ideas de Empresa de Base Human\u00edstica a \u201cViajes Logia\u201d y a D. Jos\u00e9 Antonio L\u00f3pez S\u00e1nchez como miembro de dicho grupo de investigaci\u00f3n.<\/p>\n<\/div><\/div><div class=\"wpb_column grve-column grve-bookmark grve-column-1\"><\/div> <\/div><div class=\"grve-background-wrapper\"><\/div><\/div>","protected":false},"excerpt":{"rendered":"Dr. Jos\u00e9 Antonio L\u00f3pez S\u00e1nchezEmail: joseantonio.lopez@uca.es Curr\u00edculumDoctor por la Univ. de C\u00e1diz y Licenciado en Geograf\u00eda e Historia por la de Sevilla. Ha realizado estancias de car\u00e1cter cient\u00edfico en la Univ. de Bolivia, la Ling\u00fc\u00edstica de Mosc\u00fa, la Univ. Abdemalek Essadi, Instituto Especializado de Educaci\u00f3n Superior para la Formaci\u00f3n Diplom\u00e1tica de El Salvador. Reconocido un [...]","protected":false},"author":2,"featured_media":333,"parent":0,"menu_order":0,"comment_status":"closed","ping_status":"closed","template":"","meta":{"footnotes":""},"class_list":["post-336","page","type-page","status-publish","has-post-thumbnail","hentry"],"yoast_head":"<!-- This site is optimized with the Yoast SEO plugin v27.4 - https:\/\/yoast.com\/product\/yoast-seo-wordpress\/ -->\n<title>Dr. Jos\u00e9 Antonio L\u00f3pez S\u00e1nchez - C\u00e1tedra Vino, Sociedad y Sostenibilidad<\/title>\n<meta name=\"robots\" content=\"index, follow, max-snippet:-1, max-image-preview:large, max-video-preview:-1\" \/>\n<link rel=\"canonical\" href=\"https:\/\/ucatedravino.es\/en\/dr-jose-antonio-lopez-sanchez\/\" \/>\n<meta property=\"og:locale\" content=\"en_GB\" \/>\n<meta property=\"og:type\" content=\"article\" \/>\n<meta property=\"og:title\" content=\"Dr. Jos\u00e9 Antonio L\u00f3pez S\u00e1nchez - C\u00e1tedra Vino, Sociedad y Sostenibilidad\" \/>\n<meta property=\"og:url\" content=\"https:\/\/ucatedravino.es\/en\/dr-jose-antonio-lopez-sanchez\/\" \/>\n<meta property=\"og:site_name\" content=\"C\u00e1tedra Vino, Sociedad y Sostenibilidad\" \/>\n<meta property=\"article:publisher\" content=\"https:\/\/www.facebook.com\/profile.php?id=61554673476914\" \/>\n<meta property=\"article:modified_time\" content=\"2023-11-03T18:23:40+00:00\" \/>\n<meta property=\"og:image\" content=\"https:\/\/ucatedravino.es\/wp-content\/uploads\/2023\/11\/jalopez_catedravino.jpg\" \/>\n\t<meta property=\"og:image:width\" content=\"500\" \/>\n\t<meta property=\"og:image:height\" content=\"500\" \/>\n\t<meta property=\"og:image:type\" content=\"image\/jpeg\" \/>\n<meta name=\"twitter:card\" content=\"summary_large_image\" \/>\n<meta name=\"twitter:label1\" content=\"Estimated reading time\" \/>\n\t<meta name=\"twitter:data1\" content=\"5 minutes\" \/>\n<script type=\"application\/ld+json\" class=\"yoast-schema-graph\">{\"@context\":\"https:\\\/\\\/schema.org\",\"@graph\":[{\"@type\":\"WebPage\",\"@id\":\"https:\\\/\\\/ucatedravino.es\\\/dr-jose-antonio-lopez-sanchez\\\/\",\"url\":\"https:\\\/\\\/ucatedravino.es\\\/dr-jose-antonio-lopez-sanchez\\\/\",\"name\":\"Dr. Jos\u00e9 Antonio L\u00f3pez S\u00e1nchez - C\u00e1tedra Vino, Sociedad y Sostenibilidad\",\"isPartOf\":{\"@id\":\"https:\\\/\\\/ucatedravino.es\\\/#website\"},\"primaryImageOfPage\":{\"@id\":\"https:\\\/\\\/ucatedravino.es\\\/dr-jose-antonio-lopez-sanchez\\\/#primaryimage\"},\"image\":{\"@id\":\"https:\\\/\\\/ucatedravino.es\\\/dr-jose-antonio-lopez-sanchez\\\/#primaryimage\"},\"thumbnailUrl\":\"https:\\\/\\\/ucatedravino.es\\\/wp-content\\\/uploads\\\/2023\\\/11\\\/jalopez_catedravino.jpg\",\"datePublished\":\"2023-11-03T18:23:37+00:00\",\"dateModified\":\"2023-11-03T18:23:40+00:00\",\"breadcrumb\":{\"@id\":\"https:\\\/\\\/ucatedravino.es\\\/dr-jose-antonio-lopez-sanchez\\\/#breadcrumb\"},\"inLanguage\":\"en-GB\",\"potentialAction\":[{\"@type\":\"ReadAction\",\"target\":[\"https:\\\/\\\/ucatedravino.es\\\/dr-jose-antonio-lopez-sanchez\\\/\"]}]},{\"@type\":\"ImageObject\",\"inLanguage\":\"en-GB\",\"@id\":\"https:\\\/\\\/ucatedravino.es\\\/dr-jose-antonio-lopez-sanchez\\\/#primaryimage\",\"url\":\"https:\\\/\\\/ucatedravino.es\\\/wp-content\\\/uploads\\\/2023\\\/11\\\/jalopez_catedravino.jpg\",\"contentUrl\":\"https:\\\/\\\/ucatedravino.es\\\/wp-content\\\/uploads\\\/2023\\\/11\\\/jalopez_catedravino.jpg\",\"width\":500,\"height\":500},{\"@type\":\"BreadcrumbList\",\"@id\":\"https:\\\/\\\/ucatedravino.es\\\/dr-jose-antonio-lopez-sanchez\\\/#breadcrumb\",\"itemListElement\":[{\"@type\":\"ListItem\",\"position\":1,\"name\":\"Portada\",\"item\":\"https:\\\/\\\/ucatedravino.es\\\/\"},{\"@type\":\"ListItem\",\"position\":2,\"name\":\"Dr. Jos\u00e9 Antonio L\u00f3pez S\u00e1nchez\"}]},{\"@type\":\"WebSite\",\"@id\":\"https:\\\/\\\/ucatedravino.es\\\/#website\",\"url\":\"https:\\\/\\\/ucatedravino.es\\\/\",\"name\":\"C\u00e1tedra Vino, Sociedad y Sostenibilidad\",\"description\":\"Facultad de CCSS y de la Comunicaci\u00f3n. Universidad de C\u00e1diz\",\"publisher\":{\"@id\":\"https:\\\/\\\/ucatedravino.es\\\/#organization\"},\"potentialAction\":[{\"@type\":\"SearchAction\",\"target\":{\"@type\":\"EntryPoint\",\"urlTemplate\":\"https:\\\/\\\/ucatedravino.es\\\/?s={search_term_string}\"},\"query-input\":{\"@type\":\"PropertyValueSpecification\",\"valueRequired\":true,\"valueName\":\"search_term_string\"}}],\"inLanguage\":\"en-GB\"},{\"@type\":\"Organization\",\"@id\":\"https:\\\/\\\/ucatedravino.es\\\/#organization\",\"name\":\"C\u00e1tedra Vino, Sociedad y Sostenibilidad\",\"url\":\"https:\\\/\\\/ucatedravino.es\\\/\",\"logo\":{\"@type\":\"ImageObject\",\"inLanguage\":\"en-GB\",\"@id\":\"https:\\\/\\\/ucatedravino.es\\\/#\\\/schema\\\/logo\\\/image\\\/\",\"url\":\"https:\\\/\\\/ucatedravino.es\\\/wp-content\\\/uploads\\\/2023\\\/11\\\/logo_catedraVino.png\",\"contentUrl\":\"https:\\\/\\\/ucatedravino.es\\\/wp-content\\\/uploads\\\/2023\\\/11\\\/logo_catedraVino.png\",\"width\":200,\"height\":93,\"caption\":\"C\u00e1tedra Vino, Sociedad y Sostenibilidad\"},\"image\":{\"@id\":\"https:\\\/\\\/ucatedravino.es\\\/#\\\/schema\\\/logo\\\/image\\\/\"},\"sameAs\":[\"https:\\\/\\\/www.facebook.com\\\/profile.php?id=61554673476914\",\"https:\\\/\\\/www.instagram.com\\\/ucatedravino\\\/\"]}]}<\/script>\n<!-- \/ Yoast SEO plugin. -->","yoast_head_json":{"title":"Dr. Jos\u00e9 Antonio L\u00f3pez S\u00e1nchez - C\u00e1tedra Vino, Sociedad y Sostenibilidad","robots":{"index":"index","follow":"follow","max-snippet":"max-snippet:-1","max-image-preview":"max-image-preview:large","max-video-preview":"max-video-preview:-1"},"canonical":"https:\/\/ucatedravino.es\/en\/dr-jose-antonio-lopez-sanchez\/","og_locale":"en_GB","og_type":"article","og_title":"Dr. Jos\u00e9 Antonio L\u00f3pez S\u00e1nchez - C\u00e1tedra Vino, Sociedad y Sostenibilidad","og_url":"https:\/\/ucatedravino.es\/en\/dr-jose-antonio-lopez-sanchez\/","og_site_name":"C\u00e1tedra Vino, Sociedad y Sostenibilidad","article_publisher":"https:\/\/www.facebook.com\/profile.php?id=61554673476914","article_modified_time":"2023-11-03T18:23:40+00:00","og_image":[{"width":500,"height":500,"url":"https:\/\/ucatedravino.es\/wp-content\/uploads\/2023\/11\/jalopez_catedravino.jpg","type":"image\/jpeg"}],"twitter_card":"summary_large_image","twitter_misc":{"Estimated reading time":"5 minutes"},"schema":{"@context":"https:\/\/schema.org","@graph":[{"@type":"WebPage","@id":"https:\/\/ucatedravino.es\/dr-jose-antonio-lopez-sanchez\/","url":"https:\/\/ucatedravino.es\/dr-jose-antonio-lopez-sanchez\/","name":"Dr. Jos\u00e9 Antonio L\u00f3pez S\u00e1nchez - C\u00e1tedra Vino, Sociedad y Sostenibilidad","isPartOf":{"@id":"https:\/\/ucatedravino.es\/#website"},"primaryImageOfPage":{"@id":"https:\/\/ucatedravino.es\/dr-jose-antonio-lopez-sanchez\/#primaryimage"},"image":{"@id":"https:\/\/ucatedravino.es\/dr-jose-antonio-lopez-sanchez\/#primaryimage"},"thumbnailUrl":"https:\/\/ucatedravino.es\/wp-content\/uploads\/2023\/11\/jalopez_catedravino.jpg","datePublished":"2023-11-03T18:23:37+00:00","dateModified":"2023-11-03T18:23:40+00:00","breadcrumb":{"@id":"https:\/\/ucatedravino.es\/dr-jose-antonio-lopez-sanchez\/#breadcrumb"},"inLanguage":"en-GB","potentialAction":[{"@type":"ReadAction","target":["https:\/\/ucatedravino.es\/dr-jose-antonio-lopez-sanchez\/"]}]},{"@type":"ImageObject","inLanguage":"en-GB","@id":"https:\/\/ucatedravino.es\/dr-jose-antonio-lopez-sanchez\/#primaryimage","url":"https:\/\/ucatedravino.es\/wp-content\/uploads\/2023\/11\/jalopez_catedravino.jpg","contentUrl":"https:\/\/ucatedravino.es\/wp-content\/uploads\/2023\/11\/jalopez_catedravino.jpg","width":500,"height":500},{"@type":"BreadcrumbList","@id":"https:\/\/ucatedravino.es\/dr-jose-antonio-lopez-sanchez\/#breadcrumb","itemListElement":[{"@type":"ListItem","position":1,"name":"Portada","item":"https:\/\/ucatedravino.es\/"},{"@type":"ListItem","position":2,"name":"Dr. Jos\u00e9 Antonio L\u00f3pez S\u00e1nchez"}]},{"@type":"WebSite","@id":"https:\/\/ucatedravino.es\/#website","url":"https:\/\/ucatedravino.es\/","name":"C\u00e1tedra Vino, Sociedad y Sostenibilidad","description":"Facultad de CCSS y de la Comunicaci\u00f3n. Universidad de C\u00e1diz","publisher":{"@id":"https:\/\/ucatedravino.es\/#organization"},"potentialAction":[{"@type":"SearchAction","target":{"@type":"EntryPoint","urlTemplate":"https:\/\/ucatedravino.es\/?s={search_term_string}"},"query-input":{"@type":"PropertyValueSpecification","valueRequired":true,"valueName":"search_term_string"}}],"inLanguage":"en-GB"},{"@type":"Organization","@id":"https:\/\/ucatedravino.es\/#organization","name":"C\u00e1tedra Vino, Sociedad y Sostenibilidad","url":"https:\/\/ucatedravino.es\/","logo":{"@type":"ImageObject","inLanguage":"en-GB","@id":"https:\/\/ucatedravino.es\/#\/schema\/logo\/image\/","url":"https:\/\/ucatedravino.es\/wp-content\/uploads\/2023\/11\/logo_catedraVino.png","contentUrl":"https:\/\/ucatedravino.es\/wp-content\/uploads\/2023\/11\/logo_catedraVino.png","width":200,"height":93,"caption":"C\u00e1tedra Vino, Sociedad y Sostenibilidad"},"image":{"@id":"https:\/\/ucatedravino.es\/#\/schema\/logo\/image\/"},"sameAs":["https:\/\/www.facebook.com\/profile.php?id=61554673476914","https:\/\/www.instagram.com\/ucatedravino\/"]}]}},"_links":{"self":[{"href":"https:\/\/ucatedravino.es\/en\/wp-json\/wp\/v2\/pages\/336","targetHints":{"allow":["GET"]}}],"collection":[{"href":"https:\/\/ucatedravino.es\/en\/wp-json\/wp\/v2\/pages"}],"about":[{"href":"https:\/\/ucatedravino.es\/en\/wp-json\/wp\/v2\/types\/page"}],"author":[{"embeddable":true,"href":"https:\/\/ucatedravino.es\/en\/wp-json\/wp\/v2\/users\/2"}],"replies":[{"embeddable":true,"href":"https:\/\/ucatedravino.es\/en\/wp-json\/wp\/v2\/comments?post=336"}],"version-history":[{"count":1,"href":"https:\/\/ucatedravino.es\/en\/wp-json\/wp\/v2\/pages\/336\/revisions"}],"predecessor-version":[{"id":337,"href":"https:\/\/ucatedravino.es\/en\/wp-json\/wp\/v2\/pages\/336\/revisions\/337"}],"wp:featuredmedia":[{"embeddable":true,"href":"https:\/\/ucatedravino.es\/en\/wp-json\/wp\/v2\/media\/333"}],"wp:attachment":[{"href":"https:\/\/ucatedravino.es\/en\/wp-json\/wp\/v2\/media?parent=336"}],"curies":[{"name":"wp","href":"https:\/\/api.w.org\/{rel}","templated":true}]}}