{"id":34,"date":"2023-10-16T21:21:23","date_gmt":"2023-10-16T19:21:23","guid":{"rendered":"https:\/\/ucatedravino.es\/?page_id=34"},"modified":"2025-06-06T11:07:24","modified_gmt":"2025-06-06T09:07:24","slug":"proyectos-y-publicaciones-destacadas","status":"publish","type":"page","link":"https:\/\/ucatedravino.es\/en\/proyectos-y-publicaciones-destacadas\/","title":{"rendered":"Proyectos y Publicaciones Destacadas"},"content":{"rendered":"<div class=\"grve-section\" data-section-title=\"\" data-section-type=\"fullwidth-background\" data-image-type=\"none\" data-full-height=\"no\"><div class=\"grve-row grve-bookmark\"><div class=\"wpb_column grve-column grve-bookmark grve-column-1\"><h4 class=\"grve-element grve-align-left grve-title-line grve-h4\" style=\"\"><span>PUBLICACIONES<\/span><\/h4><div class=\"grve-element grve-text\"><p>Cruces-Montes, S. J., Merch\u00e1n-Clavellino, A.*, Romero-Moreno, A., &amp; Paramio, A. (2020). Perception of the Attributes of Sherry Wine and Its Consumption in Young People in the South of Spain. Foods, 9(4), 417. Q2. DOI: <a href=\"https:\/\/doi.org\/10.3390\/foods9040417\">https:\/\/doi.org\/10.3390\/foods9040417<\/a><\/p>\n<p>G\u00f3mez-Carmona, D.*, Cruces-Montes, S. J., Mar\u00edn-Due\u00f1as, P. P., Serrano-Dom\u00ednguez, C, Paramio, A., &amp; Zayas, A. (2021). Do you see it clearly? The effect of packaging and label format on Google ads. Journal of Theoretical and Applied Electronic Commerce Research, 16(5). 1648-1666. Q2. DOI: <a href=\"https:\/\/doi.org\/10.3390\/jtaer16050093\">https:\/\/doi.org\/10.3390\/jtaer16050093<\/a><\/p>\n<p>G\u00f3mez-Carmona, D., Paramio, A., Cruces-Montes, S. J., Mar\u00edn-Due\u00f1as, P. P.*, Aguirre-Montero, A., &amp; Romero-Moreno, A (2023). The effect of the wine tourism experience. Journal of Destination Marketing &amp; Management, 29, 100793. Q1. DOI:<a href=\"https:\/\/doi.org\/10.1016\/j.jdmm.2023.100793\">https:\/\/doi.org\/10.1016\/j.jdmm.2023.100793<\/a><\/p>\n<p>Cruces-Montes, S., Paramio, A., G\u00f3mez-Carmona, D., &amp; Zayas, A. (2023). Wine Attitude Scale for Consumer Research (WASCR): Scale Development and Validation in Spanish population. IN PRESS. DOI:\u00a0<a href=\"https:\/\/doi.org\/10.1177\/2158244023121915\">https:\/\/doi.org\/10.1177\/2158244023121915<\/a><\/p>\n<p>Paramio, A., Cruces-Montes, S., G\u00f3mez-Carmona, D., &amp; Romero-Moreno, A. (2024). Emotional response sherry wines and its relationship with Emotional Intelligence. A blind tasting comparing experts and regular consumers. IN PRESS. DOI:\u00a0<a href=\"https:\/\/doi.org\/10.1016\/j.foodres.2024.114835\">https:\/\/doi.org\/10.1016\/j.foodres.2024.114835<\/a><\/p>\n<p>Paramio, A., Cruces-Montes, S., G\u00f3mez-Carmona, D., Romero-Moreno, A., &amp; Zayas, A. (2024). Emotional response to sherry wines and its relationship with emotional intelligence, level of expertise and gender. Food Research International, 192, 114835. DOI:\u00a0<a href=\"https:\/\/doi.org\/10.1016\/j.foodres.2024.114835\">https:\/\/doi.org\/10.1016\/j.foodres.2024.114835<\/a><\/p>\n<p>G\u00f3mez Carmona, D., Mar\u00edn Due\u00f1as, P. P., &amp; Cano Tenorio, R. (2024). Eficacia Publicitaria en Facebook: Un Estudio de Eye-tracking Aplicado al Enoturismo. VISUAL REVIEW: International Visual Culture Review\/Revista Internacional de Cultura Visual, 16(8).\u00a0<a href=\"https:\/\/doi.org\/10.62161\/revvisual.v16.5413\">https:\/\/doi.org\/10.62161\/revvisual.v16.5413<\/a><\/p>\n<p>G\u00f3mez-Carmona, D., Pablo Mar\u00edn-Due\u00f1as, P., B. Correia, M., Toribio Escobar, M, \u00a0S. deMatos, N. &amp; \u00a0Cruces-Montes S. (2025). A Bibliometric Analysis: Wine Tourism in the Sector. International Journal of Sustainable Development and Planning, 20 (3). DOI: <a href=\"https:\/\/doi.org\/10.18280\/ijsdp.200301\">https:\/\/doi.org\/10.18280\/ijsdp.200301<\/a><\/p>\n<\/div><h4 class=\"grve-element grve-align-left grve-title-line grve-h4\" style=\"\"><span>APORTACIONES A CONGRESOS<\/span><\/h4><div class=\"grve-element grve-text\"><p>Cruces-Montes, S., Guil, R., Zayas, A., &amp; Paramio, A. (2019) An\u00e1lisis emocionales y biom\u00e9tricos aplicados al vino. Potencialidades y \u00e1mbitos de aplicaci\u00f3n. En Garc\u00eda, A. y Ceballos M. (Eds.) Nuevos retos internacionales del vino en Andaluc\u00eda. Academia Andaluza de Ciencia Regional. Diputaci\u00f3n de C\u00e1diz. Pags. 437-444. ISBN: 978-84-09-14495-2.<\/p>\n<p>Cruces-Montes, S., G\u00f3mez-Carmona, D., &amp; Paramio, A. (2023). Segmentation of Sherry Wine consumers into 3 clusters according to their consumption frequency using unsupervised machine learning. 44\u00b0 CONGRESO MUNDIAL DE LA VID Y EL VINO.<\/p>\n<p>Montes, S. J. C. (2024). C\u00e1tedra Vino, Sociedad y Sostenibilidad. C\u00e1tedra Externa UCA. Fundaci\u00f3n Caja Rural del Sur. In International congress on sustainable social development and INDESS workshop (pp. 37-38). Dykinson. Recuperado en: <a href=\"https:\/\/dialnet.unirioja.es\/servlet\/articulo?codigo=9638393\">https:\/\/dialnet.unirioja.es\/servlet\/articulo?codigo=9638393<\/a><\/p>\n<p>Escobar, M. T., Carmona, D. G., &amp; Montes, S. J. C. (2024). El estado del arte del enoturismo. In International congress on sustainable social development and INDESS workshop (p. 80). Dykinson. Recuperado en: <a href=\"https:\/\/dialnet.unirioja.es\/servlet\/articulo?codigo=9642879\">https:\/\/dialnet.unirioja.es\/servlet\/articulo?codigo=9642879<\/a><\/p>\n<p>Outes, I. T., Carmona, D. G., Tenorio, R. C., &amp; Montes, S. J. C. (2024). La efectividad publicitaria enotur\u00edstica: una comparativa de Instagram vs Facebook mediante t\u00e9cnicas de neuromarketing. In Entre pantallas y realidades: una traves\u00eda por el universo audiovisual (pp. 871-892). McGraw Hill Espa\u00f1a. Recuperado en: <a href=\"https:\/\/dialnet.unirioja.es\/servlet\/articulo?codigo=9627109\">https:\/\/dialnet.unirioja.es\/servlet\/articulo?codigo=9627109<\/a><\/p>\n<p>Carmona, D. G., Leiva, A. P., &amp; Montes, S. J. C. (2024). Tener o tener experiencia: un estudio sobre el consumo de vinos de Jerez. In International congress on sustainable social development and INDESS workshop (p. 87).<br \/>\nDykinson. Recuperado en: <a href=\"https:\/\/dialnet.unirioja.es\/servlet\/articulo?codigo=9642872\">https:\/\/dialnet.unirioja.es\/servlet\/articulo?codigo=9642872<\/a><\/p>\n<\/div><h4 class=\"grve-element grve-align-left grve-title-line grve-h4\" style=\"\"><span>PROYECTOS<\/span><\/h4><div class=\"grve-element grve-text\"><p>An\u00e1lisis emocional de los vinos del marco de Jerez mediante t\u00e9cnicas de medidas de l\u00e9xico, grupales, biom\u00e9tricas y psicofisiol\u00f3gicas (2018-2019). Plan Propio. Universidad de C\u00e1diz (Ref. PR2017-039).<\/p>\n<p>Work shop sobre vino sociedad y sostenibilidad en el congreso: ICOSSOD 2024<\/p>\n<\/div><h4 class=\"grve-element grve-align-left grve-title-line grve-h4\" style=\"\"><span>PROPIEDADES INTELECTUALES<\/span><\/h4><div class=\"grve-element grve-text\"><p>Escala Actitudinal del Vino para el Estudio del Consumidor \u2013 Wine Attitude Scale for Consumer Research (WASCR). N.A.R: 04 \/ 2019 \/ 2325.<\/p>\n<\/div><\/div> <\/div><div class=\"grve-background-wrapper\"><\/div><\/div>","protected":false},"excerpt":{"rendered":"PUBLICACIONESCruces-Montes, S. J., Merch\u00e1n-Clavellino, A.*, Romero-Moreno, A., &amp; Paramio, A. (2020). Perception of the Attributes of Sherry Wine and Its Consumption in Young People in the South of Spain. Foods, 9(4), 417. Q2. DOI: https:\/\/doi.org\/10.3390\/foods9040417 G\u00f3mez-Carmona, D.*, Cruces-Montes, S. J., Mar\u00edn-Due\u00f1as, P. P., Serrano-Dom\u00ednguez, C, Paramio, A., &amp; Zayas, A. (2021). Do you see it [...]","protected":false},"author":2,"featured_media":0,"parent":0,"menu_order":0,"comment_status":"closed","ping_status":"closed","template":"","meta":{"footnotes":""},"class_list":["post-34","page","type-page","status-publish","hentry"],"yoast_head":"<!-- This site is optimized with the Yoast SEO plugin v27.4 - https:\/\/yoast.com\/product\/yoast-seo-wordpress\/ -->\n<title>Proyectos y Publicaciones Destacadas - C\u00e1tedra Vino, Sociedad y Sostenibilidad<\/title>\n<meta name=\"robots\" content=\"index, follow, max-snippet:-1, max-image-preview:large, max-video-preview:-1\" \/>\n<link rel=\"canonical\" href=\"https:\/\/ucatedravino.es\/en\/proyectos-y-publicaciones-destacadas\/\" \/>\n<meta property=\"og:locale\" content=\"en_GB\" \/>\n<meta property=\"og:type\" content=\"article\" \/>\n<meta property=\"og:title\" content=\"Proyectos y Publicaciones Destacadas - C\u00e1tedra Vino, Sociedad y Sostenibilidad\" \/>\n<meta property=\"og:url\" content=\"https:\/\/ucatedravino.es\/en\/proyectos-y-publicaciones-destacadas\/\" \/>\n<meta property=\"og:site_name\" content=\"C\u00e1tedra Vino, Sociedad y Sostenibilidad\" \/>\n<meta property=\"article:publisher\" content=\"https:\/\/www.facebook.com\/profile.php?id=61554673476914\" \/>\n<meta property=\"article:modified_time\" content=\"2025-06-06T09:07:24+00:00\" \/>\n<meta name=\"twitter:card\" content=\"summary_large_image\" \/>\n<meta name=\"twitter:label1\" content=\"Estimated reading time\" \/>\n\t<meta name=\"twitter:data1\" content=\"3 minutes\" \/>\n<script type=\"application\/ld+json\" class=\"yoast-schema-graph\">{\"@context\":\"https:\\\/\\\/schema.org\",\"@graph\":[{\"@type\":\"WebPage\",\"@id\":\"https:\\\/\\\/ucatedravino.es\\\/proyectos-y-publicaciones-destacadas\\\/\",\"url\":\"https:\\\/\\\/ucatedravino.es\\\/proyectos-y-publicaciones-destacadas\\\/\",\"name\":\"Proyectos y Publicaciones Destacadas - C\u00e1tedra Vino, Sociedad y Sostenibilidad\",\"isPartOf\":{\"@id\":\"https:\\\/\\\/ucatedravino.es\\\/#website\"},\"datePublished\":\"2023-10-16T19:21:23+00:00\",\"dateModified\":\"2025-06-06T09:07:24+00:00\",\"breadcrumb\":{\"@id\":\"https:\\\/\\\/ucatedravino.es\\\/proyectos-y-publicaciones-destacadas\\\/#breadcrumb\"},\"inLanguage\":\"en-GB\",\"potentialAction\":[{\"@type\":\"ReadAction\",\"target\":[\"https:\\\/\\\/ucatedravino.es\\\/proyectos-y-publicaciones-destacadas\\\/\"]}]},{\"@type\":\"BreadcrumbList\",\"@id\":\"https:\\\/\\\/ucatedravino.es\\\/proyectos-y-publicaciones-destacadas\\\/#breadcrumb\",\"itemListElement\":[{\"@type\":\"ListItem\",\"position\":1,\"name\":\"Portada\",\"item\":\"https:\\\/\\\/ucatedravino.es\\\/\"},{\"@type\":\"ListItem\",\"position\":2,\"name\":\"Proyectos y Publicaciones Destacadas\"}]},{\"@type\":\"WebSite\",\"@id\":\"https:\\\/\\\/ucatedravino.es\\\/#website\",\"url\":\"https:\\\/\\\/ucatedravino.es\\\/\",\"name\":\"C\u00e1tedra Vino, Sociedad y Sostenibilidad\",\"description\":\"Facultad de CCSS y de la Comunicaci\u00f3n. Universidad de C\u00e1diz\",\"publisher\":{\"@id\":\"https:\\\/\\\/ucatedravino.es\\\/#organization\"},\"potentialAction\":[{\"@type\":\"SearchAction\",\"target\":{\"@type\":\"EntryPoint\",\"urlTemplate\":\"https:\\\/\\\/ucatedravino.es\\\/?s={search_term_string}\"},\"query-input\":{\"@type\":\"PropertyValueSpecification\",\"valueRequired\":true,\"valueName\":\"search_term_string\"}}],\"inLanguage\":\"en-GB\"},{\"@type\":\"Organization\",\"@id\":\"https:\\\/\\\/ucatedravino.es\\\/#organization\",\"name\":\"C\u00e1tedra Vino, Sociedad y Sostenibilidad\",\"url\":\"https:\\\/\\\/ucatedravino.es\\\/\",\"logo\":{\"@type\":\"ImageObject\",\"inLanguage\":\"en-GB\",\"@id\":\"https:\\\/\\\/ucatedravino.es\\\/#\\\/schema\\\/logo\\\/image\\\/\",\"url\":\"https:\\\/\\\/ucatedravino.es\\\/wp-content\\\/uploads\\\/2023\\\/11\\\/logo_catedraVino.png\",\"contentUrl\":\"https:\\\/\\\/ucatedravino.es\\\/wp-content\\\/uploads\\\/2023\\\/11\\\/logo_catedraVino.png\",\"width\":200,\"height\":93,\"caption\":\"C\u00e1tedra Vino, Sociedad y Sostenibilidad\"},\"image\":{\"@id\":\"https:\\\/\\\/ucatedravino.es\\\/#\\\/schema\\\/logo\\\/image\\\/\"},\"sameAs\":[\"https:\\\/\\\/www.facebook.com\\\/profile.php?id=61554673476914\",\"https:\\\/\\\/www.instagram.com\\\/ucatedravino\\\/\"]}]}<\/script>\n<!-- \/ Yoast SEO plugin. -->","yoast_head_json":{"title":"Proyectos y Publicaciones Destacadas - C\u00e1tedra Vino, Sociedad y Sostenibilidad","robots":{"index":"index","follow":"follow","max-snippet":"max-snippet:-1","max-image-preview":"max-image-preview:large","max-video-preview":"max-video-preview:-1"},"canonical":"https:\/\/ucatedravino.es\/en\/proyectos-y-publicaciones-destacadas\/","og_locale":"en_GB","og_type":"article","og_title":"Proyectos y Publicaciones Destacadas - C\u00e1tedra Vino, Sociedad y Sostenibilidad","og_url":"https:\/\/ucatedravino.es\/en\/proyectos-y-publicaciones-destacadas\/","og_site_name":"C\u00e1tedra Vino, Sociedad y Sostenibilidad","article_publisher":"https:\/\/www.facebook.com\/profile.php?id=61554673476914","article_modified_time":"2025-06-06T09:07:24+00:00","twitter_card":"summary_large_image","twitter_misc":{"Estimated reading time":"3 minutes"},"schema":{"@context":"https:\/\/schema.org","@graph":[{"@type":"WebPage","@id":"https:\/\/ucatedravino.es\/proyectos-y-publicaciones-destacadas\/","url":"https:\/\/ucatedravino.es\/proyectos-y-publicaciones-destacadas\/","name":"Proyectos y Publicaciones Destacadas - C\u00e1tedra Vino, Sociedad y Sostenibilidad","isPartOf":{"@id":"https:\/\/ucatedravino.es\/#website"},"datePublished":"2023-10-16T19:21:23+00:00","dateModified":"2025-06-06T09:07:24+00:00","breadcrumb":{"@id":"https:\/\/ucatedravino.es\/proyectos-y-publicaciones-destacadas\/#breadcrumb"},"inLanguage":"en-GB","potentialAction":[{"@type":"ReadAction","target":["https:\/\/ucatedravino.es\/proyectos-y-publicaciones-destacadas\/"]}]},{"@type":"BreadcrumbList","@id":"https:\/\/ucatedravino.es\/proyectos-y-publicaciones-destacadas\/#breadcrumb","itemListElement":[{"@type":"ListItem","position":1,"name":"Portada","item":"https:\/\/ucatedravino.es\/"},{"@type":"ListItem","position":2,"name":"Proyectos y Publicaciones Destacadas"}]},{"@type":"WebSite","@id":"https:\/\/ucatedravino.es\/#website","url":"https:\/\/ucatedravino.es\/","name":"C\u00e1tedra Vino, Sociedad y Sostenibilidad","description":"Facultad de CCSS y de la Comunicaci\u00f3n. Universidad de C\u00e1diz","publisher":{"@id":"https:\/\/ucatedravino.es\/#organization"},"potentialAction":[{"@type":"SearchAction","target":{"@type":"EntryPoint","urlTemplate":"https:\/\/ucatedravino.es\/?s={search_term_string}"},"query-input":{"@type":"PropertyValueSpecification","valueRequired":true,"valueName":"search_term_string"}}],"inLanguage":"en-GB"},{"@type":"Organization","@id":"https:\/\/ucatedravino.es\/#organization","name":"C\u00e1tedra Vino, Sociedad y Sostenibilidad","url":"https:\/\/ucatedravino.es\/","logo":{"@type":"ImageObject","inLanguage":"en-GB","@id":"https:\/\/ucatedravino.es\/#\/schema\/logo\/image\/","url":"https:\/\/ucatedravino.es\/wp-content\/uploads\/2023\/11\/logo_catedraVino.png","contentUrl":"https:\/\/ucatedravino.es\/wp-content\/uploads\/2023\/11\/logo_catedraVino.png","width":200,"height":93,"caption":"C\u00e1tedra Vino, Sociedad y Sostenibilidad"},"image":{"@id":"https:\/\/ucatedravino.es\/#\/schema\/logo\/image\/"},"sameAs":["https:\/\/www.facebook.com\/profile.php?id=61554673476914","https:\/\/www.instagram.com\/ucatedravino\/"]}]}},"_links":{"self":[{"href":"https:\/\/ucatedravino.es\/en\/wp-json\/wp\/v2\/pages\/34","targetHints":{"allow":["GET"]}}],"collection":[{"href":"https:\/\/ucatedravino.es\/en\/wp-json\/wp\/v2\/pages"}],"about":[{"href":"https:\/\/ucatedravino.es\/en\/wp-json\/wp\/v2\/types\/page"}],"author":[{"embeddable":true,"href":"https:\/\/ucatedravino.es\/en\/wp-json\/wp\/v2\/users\/2"}],"replies":[{"embeddable":true,"href":"https:\/\/ucatedravino.es\/en\/wp-json\/wp\/v2\/comments?post=34"}],"version-history":[{"count":14,"href":"https:\/\/ucatedravino.es\/en\/wp-json\/wp\/v2\/pages\/34\/revisions"}],"predecessor-version":[{"id":604,"href":"https:\/\/ucatedravino.es\/en\/wp-json\/wp\/v2\/pages\/34\/revisions\/604"}],"wp:attachment":[{"href":"https:\/\/ucatedravino.es\/en\/wp-json\/wp\/v2\/media?parent=34"}],"curies":[{"name":"wp","href":"https:\/\/api.w.org\/{rel}","templated":true}]}}