{"id":343,"date":"2023-11-03T19:30:44","date_gmt":"2023-11-03T18:30:44","guid":{"rendered":"https:\/\/ucatedravino.es\/?page_id=343"},"modified":"2023-11-03T19:31:12","modified_gmt":"2023-11-03T18:31:12","slug":"texto-lopd","status":"publish","type":"page","link":"https:\/\/ucatedravino.es\/en\/texto-lopd\/","title":{"rendered":"LOPD"},"content":{"rendered":"<div class=\"grve-section\" data-section-title=\"\" data-section-type=\"fullwidth-background\" data-image-type=\"none\" data-full-height=\"no\"><div class=\"grve-row grve-bookmark\"><div class=\"wpb_column grve-column grve-bookmark grve-column-1\"><div class=\"grve-element grve-text\"><h3 style=\"text-align: justify;\"><b>Texto LOPD<\/b><\/h3>\n<div style=\"text-align: justify;\"><\/div>\n<div style=\"text-align: justify;\">\n<p>Por favor, lea el siguiente texto con atenci\u00f3n:<\/p>\n<p>En virtud de lo que se dispone en la Ley Org\u00e1nica 3\/2018, de 5 de diciembre, de Protecci\u00f3n de Datos Personales y garant\u00eda de los derechos digitales que adapta el Reglamento General de Protecci\u00f3n de Datos (RGPD) aprobado por el Parlamento de la Uni\u00f3n Europea, le informamos que sus datos personales quedar\u00e1n incorporados y ser\u00e1n tratados con la m\u00e1s absoluta confidencialidad con la finalidad de remitir la informaci\u00f3n solicitada sobre la C\u00e1tedra del Vino, Sociedad y Sostenibilidad.<\/p>\n<p>Sus datos ser\u00e1n incorporados al fichero de datos de Newsletter de la C\u00e1tedra del Vino, Sociedad y Sostenibilidad, entidad responsable del tratamiento del fichero, pudiendo usted dirigirse para ejercitar los derechos de acceso, rectificaci\u00f3n, cancelaci\u00f3n y oposici\u00f3n mediante escrito a trav\u00e9s del correo electr\u00f3nico: <a href=\"mailto:contacto@ucatedravino.es\">contacto@ucatedravino.es<\/a>.<\/p>\n<p>Los datos recogidos para el estudio estar\u00e1n identificados mediante un c\u00f3digo y s\u00f3lo el personal de la C\u00e1tedra\u00a0podr\u00e1 acceder al fichero de datos. La C\u00e1tedra del Vino, Sociedad y Sostenibilidad conservar\u00e1 los datos recogidos en la mediante este formulario hasta que se solicite su cancelaci\u00f3n o hasta que el fin por el que se realiz\u00f3 la solicitud no est\u00e9 vigente. Se le asegura que sus datos no ser\u00e1n publicados ni remitidos a terceros o utilizados para un fin distinto al descrito en este apartado.<\/p>\n<p>La C\u00e1tedra del Vino, Sociedad y Sostenibilidad garantiza una correcta eliminaci\u00f3n de los datos personales cuando el periodo de conservaci\u00f3n especificado haya finalizado.<\/p>\n<\/div>\n<\/div><\/div> <\/div><div class=\"grve-background-wrapper\"><\/div><\/div>","protected":false},"excerpt":{"rendered":"Texto LOPD Por favor, lea el siguiente texto con atenci\u00f3n: En virtud de lo que se dispone en la Ley Org\u00e1nica 3\/2018, de 5 de diciembre, de Protecci\u00f3n de Datos Personales y garant\u00eda de los derechos digitales que adapta el Reglamento General de Protecci\u00f3n de Datos (RGPD) aprobado por el Parlamento de la Uni\u00f3n Europea, [...]","protected":false},"author":2,"featured_media":17,"parent":0,"menu_order":0,"comment_status":"closed","ping_status":"closed","template":"","meta":{"footnotes":""},"class_list":["post-343","page","type-page","status-publish","has-post-thumbnail","hentry"],"yoast_head":"<!-- This site is optimized with the Yoast SEO plugin v27.4 - https:\/\/yoast.com\/product\/yoast-seo-wordpress\/ -->\n<title>LOPD - C\u00e1tedra Vino, Sociedad y Sostenibilidad<\/title>\n<meta name=\"robots\" content=\"index, follow, max-snippet:-1, max-image-preview:large, max-video-preview:-1\" \/>\n<link rel=\"canonical\" href=\"https:\/\/ucatedravino.es\/en\/texto-lopd\/\" \/>\n<meta property=\"og:locale\" content=\"en_GB\" \/>\n<meta property=\"og:type\" content=\"article\" \/>\n<meta property=\"og:title\" content=\"LOPD - C\u00e1tedra Vino, Sociedad y Sostenibilidad\" \/>\n<meta property=\"og:url\" content=\"https:\/\/ucatedravino.es\/en\/texto-lopd\/\" \/>\n<meta property=\"og:site_name\" content=\"C\u00e1tedra Vino, Sociedad y Sostenibilidad\" \/>\n<meta property=\"article:publisher\" content=\"https:\/\/www.facebook.com\/profile.php?id=61554673476914\" \/>\n<meta property=\"article:modified_time\" content=\"2023-11-03T18:31:12+00:00\" \/>\n<meta property=\"og:image\" content=\"https:\/\/ucatedravino.es\/wp-content\/uploads\/2023\/10\/cropped-favicon_catedraVino.jpg\" \/>\n\t<meta property=\"og:image:width\" content=\"512\" \/>\n\t<meta property=\"og:image:height\" content=\"512\" \/>\n\t<meta property=\"og:image:type\" content=\"image\/jpeg\" \/>\n<meta name=\"twitter:card\" content=\"summary_large_image\" \/>\n<meta name=\"twitter:label1\" content=\"Estimated reading time\" \/>\n\t<meta name=\"twitter:data1\" content=\"1 minute\" \/>\n<script type=\"application\/ld+json\" class=\"yoast-schema-graph\">{\"@context\":\"https:\\\/\\\/schema.org\",\"@graph\":[{\"@type\":\"WebPage\",\"@id\":\"https:\\\/\\\/ucatedravino.es\\\/texto-lopd\\\/\",\"url\":\"https:\\\/\\\/ucatedravino.es\\\/texto-lopd\\\/\",\"name\":\"LOPD - C\u00e1tedra Vino, Sociedad y Sostenibilidad\",\"isPartOf\":{\"@id\":\"https:\\\/\\\/ucatedravino.es\\\/#website\"},\"primaryImageOfPage\":{\"@id\":\"https:\\\/\\\/ucatedravino.es\\\/texto-lopd\\\/#primaryimage\"},\"image\":{\"@id\":\"https:\\\/\\\/ucatedravino.es\\\/texto-lopd\\\/#primaryimage\"},\"thumbnailUrl\":\"https:\\\/\\\/ucatedravino.es\\\/wp-content\\\/uploads\\\/2023\\\/10\\\/cropped-favicon_catedraVino.jpg\",\"datePublished\":\"2023-11-03T18:30:44+00:00\",\"dateModified\":\"2023-11-03T18:31:12+00:00\",\"breadcrumb\":{\"@id\":\"https:\\\/\\\/ucatedravino.es\\\/texto-lopd\\\/#breadcrumb\"},\"inLanguage\":\"en-GB\",\"potentialAction\":[{\"@type\":\"ReadAction\",\"target\":[\"https:\\\/\\\/ucatedravino.es\\\/texto-lopd\\\/\"]}]},{\"@type\":\"ImageObject\",\"inLanguage\":\"en-GB\",\"@id\":\"https:\\\/\\\/ucatedravino.es\\\/texto-lopd\\\/#primaryimage\",\"url\":\"https:\\\/\\\/ucatedravino.es\\\/wp-content\\\/uploads\\\/2023\\\/10\\\/cropped-favicon_catedraVino.jpg\",\"contentUrl\":\"https:\\\/\\\/ucatedravino.es\\\/wp-content\\\/uploads\\\/2023\\\/10\\\/cropped-favicon_catedraVino.jpg\",\"width\":512,\"height\":512},{\"@type\":\"BreadcrumbList\",\"@id\":\"https:\\\/\\\/ucatedravino.es\\\/texto-lopd\\\/#breadcrumb\",\"itemListElement\":[{\"@type\":\"ListItem\",\"position\":1,\"name\":\"Portada\",\"item\":\"https:\\\/\\\/ucatedravino.es\\\/\"},{\"@type\":\"ListItem\",\"position\":2,\"name\":\"LOPD\"}]},{\"@type\":\"WebSite\",\"@id\":\"https:\\\/\\\/ucatedravino.es\\\/#website\",\"url\":\"https:\\\/\\\/ucatedravino.es\\\/\",\"name\":\"C\u00e1tedra Vino, Sociedad y Sostenibilidad\",\"description\":\"Facultad de CCSS y de la Comunicaci\u00f3n. Universidad de C\u00e1diz\",\"publisher\":{\"@id\":\"https:\\\/\\\/ucatedravino.es\\\/#organization\"},\"potentialAction\":[{\"@type\":\"SearchAction\",\"target\":{\"@type\":\"EntryPoint\",\"urlTemplate\":\"https:\\\/\\\/ucatedravino.es\\\/?s={search_term_string}\"},\"query-input\":{\"@type\":\"PropertyValueSpecification\",\"valueRequired\":true,\"valueName\":\"search_term_string\"}}],\"inLanguage\":\"en-GB\"},{\"@type\":\"Organization\",\"@id\":\"https:\\\/\\\/ucatedravino.es\\\/#organization\",\"name\":\"C\u00e1tedra Vino, Sociedad y Sostenibilidad\",\"url\":\"https:\\\/\\\/ucatedravino.es\\\/\",\"logo\":{\"@type\":\"ImageObject\",\"inLanguage\":\"en-GB\",\"@id\":\"https:\\\/\\\/ucatedravino.es\\\/#\\\/schema\\\/logo\\\/image\\\/\",\"url\":\"https:\\\/\\\/ucatedravino.es\\\/wp-content\\\/uploads\\\/2023\\\/11\\\/logo_catedraVino.png\",\"contentUrl\":\"https:\\\/\\\/ucatedravino.es\\\/wp-content\\\/uploads\\\/2023\\\/11\\\/logo_catedraVino.png\",\"width\":200,\"height\":93,\"caption\":\"C\u00e1tedra Vino, Sociedad y Sostenibilidad\"},\"image\":{\"@id\":\"https:\\\/\\\/ucatedravino.es\\\/#\\\/schema\\\/logo\\\/image\\\/\"},\"sameAs\":[\"https:\\\/\\\/www.facebook.com\\\/profile.php?id=61554673476914\",\"https:\\\/\\\/www.instagram.com\\\/ucatedravino\\\/\"]}]}<\/script>\n<!-- \/ Yoast SEO plugin. -->","yoast_head_json":{"title":"LOPD - C\u00e1tedra Vino, Sociedad y Sostenibilidad","robots":{"index":"index","follow":"follow","max-snippet":"max-snippet:-1","max-image-preview":"max-image-preview:large","max-video-preview":"max-video-preview:-1"},"canonical":"https:\/\/ucatedravino.es\/en\/texto-lopd\/","og_locale":"en_GB","og_type":"article","og_title":"LOPD - C\u00e1tedra Vino, Sociedad y Sostenibilidad","og_url":"https:\/\/ucatedravino.es\/en\/texto-lopd\/","og_site_name":"C\u00e1tedra Vino, Sociedad y Sostenibilidad","article_publisher":"https:\/\/www.facebook.com\/profile.php?id=61554673476914","article_modified_time":"2023-11-03T18:31:12+00:00","og_image":[{"width":512,"height":512,"url":"https:\/\/ucatedravino.es\/wp-content\/uploads\/2023\/10\/cropped-favicon_catedraVino.jpg","type":"image\/jpeg"}],"twitter_card":"summary_large_image","twitter_misc":{"Estimated reading time":"1 minute"},"schema":{"@context":"https:\/\/schema.org","@graph":[{"@type":"WebPage","@id":"https:\/\/ucatedravino.es\/texto-lopd\/","url":"https:\/\/ucatedravino.es\/texto-lopd\/","name":"LOPD - C\u00e1tedra Vino, Sociedad y Sostenibilidad","isPartOf":{"@id":"https:\/\/ucatedravino.es\/#website"},"primaryImageOfPage":{"@id":"https:\/\/ucatedravino.es\/texto-lopd\/#primaryimage"},"image":{"@id":"https:\/\/ucatedravino.es\/texto-lopd\/#primaryimage"},"thumbnailUrl":"https:\/\/ucatedravino.es\/wp-content\/uploads\/2023\/10\/cropped-favicon_catedraVino.jpg","datePublished":"2023-11-03T18:30:44+00:00","dateModified":"2023-11-03T18:31:12+00:00","breadcrumb":{"@id":"https:\/\/ucatedravino.es\/texto-lopd\/#breadcrumb"},"inLanguage":"en-GB","potentialAction":[{"@type":"ReadAction","target":["https:\/\/ucatedravino.es\/texto-lopd\/"]}]},{"@type":"ImageObject","inLanguage":"en-GB","@id":"https:\/\/ucatedravino.es\/texto-lopd\/#primaryimage","url":"https:\/\/ucatedravino.es\/wp-content\/uploads\/2023\/10\/cropped-favicon_catedraVino.jpg","contentUrl":"https:\/\/ucatedravino.es\/wp-content\/uploads\/2023\/10\/cropped-favicon_catedraVino.jpg","width":512,"height":512},{"@type":"BreadcrumbList","@id":"https:\/\/ucatedravino.es\/texto-lopd\/#breadcrumb","itemListElement":[{"@type":"ListItem","position":1,"name":"Portada","item":"https:\/\/ucatedravino.es\/"},{"@type":"ListItem","position":2,"name":"LOPD"}]},{"@type":"WebSite","@id":"https:\/\/ucatedravino.es\/#website","url":"https:\/\/ucatedravino.es\/","name":"C\u00e1tedra Vino, Sociedad y Sostenibilidad","description":"Facultad de CCSS y de la Comunicaci\u00f3n. Universidad de C\u00e1diz","publisher":{"@id":"https:\/\/ucatedravino.es\/#organization"},"potentialAction":[{"@type":"SearchAction","target":{"@type":"EntryPoint","urlTemplate":"https:\/\/ucatedravino.es\/?s={search_term_string}"},"query-input":{"@type":"PropertyValueSpecification","valueRequired":true,"valueName":"search_term_string"}}],"inLanguage":"en-GB"},{"@type":"Organization","@id":"https:\/\/ucatedravino.es\/#organization","name":"C\u00e1tedra Vino, Sociedad y Sostenibilidad","url":"https:\/\/ucatedravino.es\/","logo":{"@type":"ImageObject","inLanguage":"en-GB","@id":"https:\/\/ucatedravino.es\/#\/schema\/logo\/image\/","url":"https:\/\/ucatedravino.es\/wp-content\/uploads\/2023\/11\/logo_catedraVino.png","contentUrl":"https:\/\/ucatedravino.es\/wp-content\/uploads\/2023\/11\/logo_catedraVino.png","width":200,"height":93,"caption":"C\u00e1tedra Vino, Sociedad y Sostenibilidad"},"image":{"@id":"https:\/\/ucatedravino.es\/#\/schema\/logo\/image\/"},"sameAs":["https:\/\/www.facebook.com\/profile.php?id=61554673476914","https:\/\/www.instagram.com\/ucatedravino\/"]}]}},"_links":{"self":[{"href":"https:\/\/ucatedravino.es\/en\/wp-json\/wp\/v2\/pages\/343","targetHints":{"allow":["GET"]}}],"collection":[{"href":"https:\/\/ucatedravino.es\/en\/wp-json\/wp\/v2\/pages"}],"about":[{"href":"https:\/\/ucatedravino.es\/en\/wp-json\/wp\/v2\/types\/page"}],"author":[{"embeddable":true,"href":"https:\/\/ucatedravino.es\/en\/wp-json\/wp\/v2\/users\/2"}],"replies":[{"embeddable":true,"href":"https:\/\/ucatedravino.es\/en\/wp-json\/wp\/v2\/comments?post=343"}],"version-history":[{"count":2,"href":"https:\/\/ucatedravino.es\/en\/wp-json\/wp\/v2\/pages\/343\/revisions"}],"predecessor-version":[{"id":345,"href":"https:\/\/ucatedravino.es\/en\/wp-json\/wp\/v2\/pages\/343\/revisions\/345"}],"wp:featuredmedia":[{"embeddable":true,"href":"https:\/\/ucatedravino.es\/en\/wp-json\/wp\/v2\/media\/17"}],"wp:attachment":[{"href":"https:\/\/ucatedravino.es\/en\/wp-json\/wp\/v2\/media?parent=343"}],"curies":[{"name":"wp","href":"https:\/\/api.w.org\/{rel}","templated":true}]}}