{"id":358,"date":"2023-11-06T19:12:55","date_gmt":"2023-11-06T18:12:55","guid":{"rendered":"https:\/\/ucatedravino.es\/?page_id=358"},"modified":"2024-03-29T19:35:29","modified_gmt":"2024-03-29T18:35:29","slug":"dra-ana-merchan-clavellino","status":"publish","type":"page","link":"https:\/\/ucatedravino.es\/en\/dra-ana-merchan-clavellino\/","title":{"rendered":"Dra. Ana Merch\u00e1n Clavellino"},"content":{"rendered":"<div class=\"grve-section\" data-section-title=\"\" data-section-type=\"fullwidth-background\" data-image-type=\"none\" data-full-height=\"no\"><div class=\"grve-row grve-bookmark\"><div class=\"wpb_column grve-column grve-bookmark grve-column-1\"><h1 class=\"grve-element grve-align-center grve-title-double-bottom-line grve-h1\" style=\"\"><span>Dra. Ana Merch\u00e1n Clavellino<\/span><\/h1><div class=\"grve-element grve-text\"><p style=\"text-align: center;\">Email: <a href=\"mailto:ana.merchan@uca.es\"><span data-sheets-formula-bar-text-style=\"font-size:13px;color:#000000;font-weight:normal;text-decoration:none;font-family:'Arial';font-style:normal;text-decoration-skip-ink:none;\">ana.merchan@uca.es<\/span><\/a><\/p>\n<\/div><\/div> <\/div><div class=\"grve-background-wrapper\"><\/div><\/div><div class=\"grve-section\" data-section-title=\"\" data-section-type=\"fullwidth-background\" data-image-type=\"none\" data-full-height=\"no\"  style=\"background-color:#e5e5e5;padding-top: 50px;padding-bottom: 50px;\"><div class=\"grve-row grve-bookmark\"><div class=\"wpb_column grve-column grve-bookmark grve-column-1-2\"><div class=\"grve-element grve-image grve-align-left\" style=\"\"><img loading=\"lazy\" decoding=\"async\" width=\"500\" height=\"500\" src=\"https:\/\/ucatedravino.es\/wp-content\/uploads\/2023\/11\/ana_catedravino.jpg\" class=\"attachment-full size-full\" alt=\"\" srcset=\"https:\/\/ucatedravino.es\/wp-content\/uploads\/2023\/11\/ana_catedravino.jpg 500w, https:\/\/ucatedravino.es\/wp-content\/uploads\/2023\/11\/ana_catedravino-300x300.jpg 300w, https:\/\/ucatedravino.es\/wp-content\/uploads\/2023\/11\/ana_catedravino-150x150.jpg 150w, https:\/\/ucatedravino.es\/wp-content\/uploads\/2023\/11\/ana_catedravino-12x12.jpg 12w, https:\/\/ucatedravino.es\/wp-content\/uploads\/2023\/11\/ana_catedravino-80x80.jpg 80w\" sizes=\"auto, (max-width: 500px) 100vw, 500px\" \/><\/div><div class=\"vc_empty_space\"   style=\"height: 15px\"><span class=\"vc_empty_space_inner\"><\/span><\/div><\/div><div class=\"wpb_column grve-column grve-bookmark grve-column-1-2\"><h5 class=\"grve-element grve-align-left grve-title-line grve-h5\" style=\"\"><span>Curr\u00edculum<\/span><\/h5><div class=\"grve-element grve-text\"><p style=\"text-align: justify;\">Doctora en Psicolog\u00eda por la Universidad de Huelva, cuenta adem\u00e1s con varios m\u00e1steres universitarios y t\u00edtulos expertos sobre Salud y Calidad de Vida, Psicolog\u00eda de la Salud y An\u00e1lisis Funcional Aplicado, M\u00e1ster en Psicolog\u00eda General Sanitaria, M\u00e1ster en Docencia Universitaria y Experta Universitaria en Coordinaci\u00f3n de Parentalidad. A lo largo de su trayectoria ha ejercido su labor docente en la Escuela Universitaria Adscrita de Trabajo Social, Relaciones Laborales y Turismo en la Universidad de C\u00e1diz y ha disfrutado de dos becas de investigaci\u00f3n, una predoctoral FPDI y otra Postdoctoral, ambas concedidas por la Junta de Andaluc\u00eda, en la Universidad de Huelva. Fruto de su investigaci\u00f3n ha realizado dos estancias en centros universitarios de alto prestigio, concretamente en el laboratorio de Neuro- psicofisiolog\u00eda en la facultad de Psicolog\u00eda y Ciencias de la Educaci\u00f3n de la Universidad de Oporto, donde colabor\u00f3 en l\u00edneas de investigaci\u00f3n sobre procesos cognitivos, afectivos y neurociencias sociales. De igual modo, realiz\u00f3 otra estancia en el grupo de investigaci\u00f3n E0A3-01 Psicobiolog\u00eda y Neurobiolog\u00eda del Comportamiento de Jos\u00e9 Mar\u00eda Mart\u00ednez Selva, catedr\u00e1tico de Psicobiolog\u00eda e investigador de la Universidad de Murcia (UMU) y del Instituto Murciano de Investigaci\u00f3n Biosanitaria (IMIB), participando en investigaciones centradas en neurobiolog\u00eda de la emoci\u00f3n, neurociencia social, neuropsicolog\u00eda y diagn\u00f3stico y rehabilitaci\u00f3n neuropsicol\u00f3gica. Actualmente es Profesora Contratada Doctora en la Universidad de C\u00e1diz. Es miembro del Instituto de Investigaci\u00f3n para el Desarrollo Social Sostenible (INDESS) y del Instituto de Investigaci\u00f3n e Innovaci\u00f3n de Ciencias Biom\u00e9dicas de C\u00e1diz (INIBICA). Ha participado en proyectos de investigaci\u00f3n con financiaci\u00f3n sobre efectos neuropsicol\u00f3gicos asociados a conductas adictivas, financiado por la Universidad de C\u00e1diz, y, sobre e-Health aplicada a la promoci\u00f3n de la salud y calidad de vida en pacientes de oncolog\u00eda mamaria, financiado por la Consejer\u00eda de Salud. Derivado de su investigaci\u00f3n, cuenta con publicaciones cient\u00edficas en revistas de alto impacto, la mayor\u00eda espec\u00edficas en procesos emocionales, consumo de sustancias y toma de decisiones.<\/p>\n<\/div><\/div><div class=\"wpb_column grve-column grve-bookmark grve-column-1\"><\/div> <\/div><div class=\"grve-background-wrapper\"><\/div><\/div><div class=\"grve-section\" data-section-title=\"\" data-section-type=\"fullwidth-background\" data-image-type=\"none\" data-full-height=\"no\"><div class=\"grve-row grve-bookmark\"><div class=\"wpb_column grve-column grve-bookmark grve-column-1-6\"><div class=\"grve-element grve-align-center\"><a class=\"grve-btn grve-btn-medium grve-round grve-bg-primary-1\" href=\"https:\/\/produccioncientifica.uca.es\/investigadores\/113000\/detalle\" target=\"_blank\" style=\"\"><span>Web<\/span><\/a><\/div><\/div><div class=\"wpb_column grve-column grve-bookmark grve-column-1-6\"><div class=\"grve-element grve-align-center\"><a class=\"grve-btn grve-btn-medium grve-round grve-bg-primary-1\" href=\"https:\/\/orcid.org\/0000-0002-0094-3100\" target=\"_blank\" style=\"\"><span>Orcid<\/span><\/a><\/div><\/div><div class=\"wpb_column grve-column grve-bookmark grve-column-1-6\"><div class=\"grve-element grve-align-center\"><a class=\"grve-btn grve-btn-medium grve-round grve-bg-primary-1\" href=\"https:\/\/scholar.google.com\/citations?user=g2P55OQAAAAJ\" target=\"_blank\" style=\"\"><span>Google Scholar<\/span><\/a><\/div><\/div><div class=\"wpb_column grve-column grve-bookmark grve-column-1-6\"><div class=\"grve-element grve-align-center\"><a class=\"grve-btn grve-btn-medium grve-round grve-bg-primary-1\" href=\"https:\/\/www.researchgate.net\/profile\/Ana-Merchan-Clavellino\" target=\"_blank\" style=\"\"><span>Research<br \/>\nGate<\/span><\/a><\/div><\/div><div class=\"wpb_column grve-column grve-bookmark grve-column-1-6\"><div class=\"grve-element grve-align-center\"><a class=\"grve-btn grve-btn-medium grve-round grve-bg-primary-1\" href=\"https:\/\/www.scopus.com\/authid\/detail.uri?authorId=56326230500\" target=\"_blank\" style=\"\"><span>Scopus<\/span><\/a><\/div><\/div><div class=\"wpb_column grve-column grve-bookmark grve-column-1-6\"><\/div> <\/div><div class=\"grve-background-wrapper\"><\/div><\/div>","protected":false},"excerpt":{"rendered":"Dra. Ana Merch\u00e1n ClavellinoEmail: ana.merchan@uca.es Curr\u00edculumDoctora en Psicolog\u00eda por la Universidad de Huelva, cuenta adem\u00e1s con varios m\u00e1steres universitarios y t\u00edtulos expertos sobre Salud y Calidad de Vida, Psicolog\u00eda de la Salud y An\u00e1lisis Funcional Aplicado, M\u00e1ster en Psicolog\u00eda General Sanitaria, M\u00e1ster en Docencia Universitaria y Experta Universitaria en Coordinaci\u00f3n de Parentalidad. A lo largo [...]","protected":false},"author":2,"featured_media":356,"parent":0,"menu_order":0,"comment_status":"closed","ping_status":"closed","template":"","meta":{"footnotes":""},"class_list":["post-358","page","type-page","status-publish","has-post-thumbnail","hentry"],"yoast_head":"<!-- This site is optimized with the Yoast SEO plugin v27.4 - https:\/\/yoast.com\/product\/yoast-seo-wordpress\/ -->\n<title>Dra. Ana Merch\u00e1n Clavellino - C\u00e1tedra Vino, Sociedad y Sostenibilidad<\/title>\n<meta name=\"robots\" content=\"index, follow, max-snippet:-1, max-image-preview:large, max-video-preview:-1\" \/>\n<link rel=\"canonical\" href=\"https:\/\/ucatedravino.es\/en\/dra-ana-merchan-clavellino\/\" \/>\n<meta property=\"og:locale\" content=\"en_GB\" \/>\n<meta property=\"og:type\" content=\"article\" \/>\n<meta property=\"og:title\" content=\"Dra. Ana Merch\u00e1n Clavellino - C\u00e1tedra Vino, Sociedad y Sostenibilidad\" \/>\n<meta property=\"og:url\" content=\"https:\/\/ucatedravino.es\/en\/dra-ana-merchan-clavellino\/\" \/>\n<meta property=\"og:site_name\" content=\"C\u00e1tedra Vino, Sociedad y Sostenibilidad\" \/>\n<meta property=\"article:publisher\" content=\"https:\/\/www.facebook.com\/profile.php?id=61554673476914\" \/>\n<meta property=\"article:modified_time\" content=\"2024-03-29T18:35:29+00:00\" \/>\n<meta property=\"og:image\" content=\"https:\/\/ucatedravino.es\/wp-content\/uploads\/2023\/11\/ana_catedravino.jpg\" \/>\n\t<meta property=\"og:image:width\" content=\"500\" \/>\n\t<meta property=\"og:image:height\" content=\"500\" \/>\n\t<meta property=\"og:image:type\" content=\"image\/jpeg\" \/>\n<meta name=\"twitter:card\" content=\"summary_large_image\" \/>\n<meta name=\"twitter:label1\" content=\"Estimated reading time\" \/>\n\t<meta name=\"twitter:data1\" content=\"3 minutes\" \/>\n<script type=\"application\/ld+json\" class=\"yoast-schema-graph\">{\"@context\":\"https:\\\/\\\/schema.org\",\"@graph\":[{\"@type\":\"WebPage\",\"@id\":\"https:\\\/\\\/ucatedravino.es\\\/dra-ana-merchan-clavellino\\\/\",\"url\":\"https:\\\/\\\/ucatedravino.es\\\/dra-ana-merchan-clavellino\\\/\",\"name\":\"Dra. Ana Merch\u00e1n Clavellino - C\u00e1tedra Vino, Sociedad y Sostenibilidad\",\"isPartOf\":{\"@id\":\"https:\\\/\\\/ucatedravino.es\\\/#website\"},\"primaryImageOfPage\":{\"@id\":\"https:\\\/\\\/ucatedravino.es\\\/dra-ana-merchan-clavellino\\\/#primaryimage\"},\"image\":{\"@id\":\"https:\\\/\\\/ucatedravino.es\\\/dra-ana-merchan-clavellino\\\/#primaryimage\"},\"thumbnailUrl\":\"https:\\\/\\\/ucatedravino.es\\\/wp-content\\\/uploads\\\/2023\\\/11\\\/ana_catedravino.jpg\",\"datePublished\":\"2023-11-06T18:12:55+00:00\",\"dateModified\":\"2024-03-29T18:35:29+00:00\",\"breadcrumb\":{\"@id\":\"https:\\\/\\\/ucatedravino.es\\\/dra-ana-merchan-clavellino\\\/#breadcrumb\"},\"inLanguage\":\"en-GB\",\"potentialAction\":[{\"@type\":\"ReadAction\",\"target\":[\"https:\\\/\\\/ucatedravino.es\\\/dra-ana-merchan-clavellino\\\/\"]}]},{\"@type\":\"ImageObject\",\"inLanguage\":\"en-GB\",\"@id\":\"https:\\\/\\\/ucatedravino.es\\\/dra-ana-merchan-clavellino\\\/#primaryimage\",\"url\":\"https:\\\/\\\/ucatedravino.es\\\/wp-content\\\/uploads\\\/2023\\\/11\\\/ana_catedravino.jpg\",\"contentUrl\":\"https:\\\/\\\/ucatedravino.es\\\/wp-content\\\/uploads\\\/2023\\\/11\\\/ana_catedravino.jpg\",\"width\":500,\"height\":500},{\"@type\":\"BreadcrumbList\",\"@id\":\"https:\\\/\\\/ucatedravino.es\\\/dra-ana-merchan-clavellino\\\/#breadcrumb\",\"itemListElement\":[{\"@type\":\"ListItem\",\"position\":1,\"name\":\"Portada\",\"item\":\"https:\\\/\\\/ucatedravino.es\\\/\"},{\"@type\":\"ListItem\",\"position\":2,\"name\":\"Dra. Ana Merch\u00e1n Clavellino\"}]},{\"@type\":\"WebSite\",\"@id\":\"https:\\\/\\\/ucatedravino.es\\\/#website\",\"url\":\"https:\\\/\\\/ucatedravino.es\\\/\",\"name\":\"C\u00e1tedra Vino, Sociedad y Sostenibilidad\",\"description\":\"Facultad de CCSS y de la Comunicaci\u00f3n. Universidad de C\u00e1diz\",\"publisher\":{\"@id\":\"https:\\\/\\\/ucatedravino.es\\\/#organization\"},\"potentialAction\":[{\"@type\":\"SearchAction\",\"target\":{\"@type\":\"EntryPoint\",\"urlTemplate\":\"https:\\\/\\\/ucatedravino.es\\\/?s={search_term_string}\"},\"query-input\":{\"@type\":\"PropertyValueSpecification\",\"valueRequired\":true,\"valueName\":\"search_term_string\"}}],\"inLanguage\":\"en-GB\"},{\"@type\":\"Organization\",\"@id\":\"https:\\\/\\\/ucatedravino.es\\\/#organization\",\"name\":\"C\u00e1tedra Vino, Sociedad y Sostenibilidad\",\"url\":\"https:\\\/\\\/ucatedravino.es\\\/\",\"logo\":{\"@type\":\"ImageObject\",\"inLanguage\":\"en-GB\",\"@id\":\"https:\\\/\\\/ucatedravino.es\\\/#\\\/schema\\\/logo\\\/image\\\/\",\"url\":\"https:\\\/\\\/ucatedravino.es\\\/wp-content\\\/uploads\\\/2023\\\/11\\\/logo_catedraVino.png\",\"contentUrl\":\"https:\\\/\\\/ucatedravino.es\\\/wp-content\\\/uploads\\\/2023\\\/11\\\/logo_catedraVino.png\",\"width\":200,\"height\":93,\"caption\":\"C\u00e1tedra Vino, Sociedad y Sostenibilidad\"},\"image\":{\"@id\":\"https:\\\/\\\/ucatedravino.es\\\/#\\\/schema\\\/logo\\\/image\\\/\"},\"sameAs\":[\"https:\\\/\\\/www.facebook.com\\\/profile.php?id=61554673476914\",\"https:\\\/\\\/www.instagram.com\\\/ucatedravino\\\/\"]}]}<\/script>\n<!-- \/ Yoast SEO plugin. -->","yoast_head_json":{"title":"Dra. Ana Merch\u00e1n Clavellino - C\u00e1tedra Vino, Sociedad y Sostenibilidad","robots":{"index":"index","follow":"follow","max-snippet":"max-snippet:-1","max-image-preview":"max-image-preview:large","max-video-preview":"max-video-preview:-1"},"canonical":"https:\/\/ucatedravino.es\/en\/dra-ana-merchan-clavellino\/","og_locale":"en_GB","og_type":"article","og_title":"Dra. Ana Merch\u00e1n Clavellino - C\u00e1tedra Vino, Sociedad y Sostenibilidad","og_url":"https:\/\/ucatedravino.es\/en\/dra-ana-merchan-clavellino\/","og_site_name":"C\u00e1tedra Vino, Sociedad y Sostenibilidad","article_publisher":"https:\/\/www.facebook.com\/profile.php?id=61554673476914","article_modified_time":"2024-03-29T18:35:29+00:00","og_image":[{"width":500,"height":500,"url":"https:\/\/ucatedravino.es\/wp-content\/uploads\/2023\/11\/ana_catedravino.jpg","type":"image\/jpeg"}],"twitter_card":"summary_large_image","twitter_misc":{"Estimated reading time":"3 minutes"},"schema":{"@context":"https:\/\/schema.org","@graph":[{"@type":"WebPage","@id":"https:\/\/ucatedravino.es\/dra-ana-merchan-clavellino\/","url":"https:\/\/ucatedravino.es\/dra-ana-merchan-clavellino\/","name":"Dra. Ana Merch\u00e1n Clavellino - C\u00e1tedra Vino, Sociedad y Sostenibilidad","isPartOf":{"@id":"https:\/\/ucatedravino.es\/#website"},"primaryImageOfPage":{"@id":"https:\/\/ucatedravino.es\/dra-ana-merchan-clavellino\/#primaryimage"},"image":{"@id":"https:\/\/ucatedravino.es\/dra-ana-merchan-clavellino\/#primaryimage"},"thumbnailUrl":"https:\/\/ucatedravino.es\/wp-content\/uploads\/2023\/11\/ana_catedravino.jpg","datePublished":"2023-11-06T18:12:55+00:00","dateModified":"2024-03-29T18:35:29+00:00","breadcrumb":{"@id":"https:\/\/ucatedravino.es\/dra-ana-merchan-clavellino\/#breadcrumb"},"inLanguage":"en-GB","potentialAction":[{"@type":"ReadAction","target":["https:\/\/ucatedravino.es\/dra-ana-merchan-clavellino\/"]}]},{"@type":"ImageObject","inLanguage":"en-GB","@id":"https:\/\/ucatedravino.es\/dra-ana-merchan-clavellino\/#primaryimage","url":"https:\/\/ucatedravino.es\/wp-content\/uploads\/2023\/11\/ana_catedravino.jpg","contentUrl":"https:\/\/ucatedravino.es\/wp-content\/uploads\/2023\/11\/ana_catedravino.jpg","width":500,"height":500},{"@type":"BreadcrumbList","@id":"https:\/\/ucatedravino.es\/dra-ana-merchan-clavellino\/#breadcrumb","itemListElement":[{"@type":"ListItem","position":1,"name":"Portada","item":"https:\/\/ucatedravino.es\/"},{"@type":"ListItem","position":2,"name":"Dra. Ana Merch\u00e1n Clavellino"}]},{"@type":"WebSite","@id":"https:\/\/ucatedravino.es\/#website","url":"https:\/\/ucatedravino.es\/","name":"C\u00e1tedra Vino, Sociedad y Sostenibilidad","description":"Facultad de CCSS y de la Comunicaci\u00f3n. Universidad de C\u00e1diz","publisher":{"@id":"https:\/\/ucatedravino.es\/#organization"},"potentialAction":[{"@type":"SearchAction","target":{"@type":"EntryPoint","urlTemplate":"https:\/\/ucatedravino.es\/?s={search_term_string}"},"query-input":{"@type":"PropertyValueSpecification","valueRequired":true,"valueName":"search_term_string"}}],"inLanguage":"en-GB"},{"@type":"Organization","@id":"https:\/\/ucatedravino.es\/#organization","name":"C\u00e1tedra Vino, Sociedad y Sostenibilidad","url":"https:\/\/ucatedravino.es\/","logo":{"@type":"ImageObject","inLanguage":"en-GB","@id":"https:\/\/ucatedravino.es\/#\/schema\/logo\/image\/","url":"https:\/\/ucatedravino.es\/wp-content\/uploads\/2023\/11\/logo_catedraVino.png","contentUrl":"https:\/\/ucatedravino.es\/wp-content\/uploads\/2023\/11\/logo_catedraVino.png","width":200,"height":93,"caption":"C\u00e1tedra Vino, Sociedad y Sostenibilidad"},"image":{"@id":"https:\/\/ucatedravino.es\/#\/schema\/logo\/image\/"},"sameAs":["https:\/\/www.facebook.com\/profile.php?id=61554673476914","https:\/\/www.instagram.com\/ucatedravino\/"]}]}},"_links":{"self":[{"href":"https:\/\/ucatedravino.es\/en\/wp-json\/wp\/v2\/pages\/358","targetHints":{"allow":["GET"]}}],"collection":[{"href":"https:\/\/ucatedravino.es\/en\/wp-json\/wp\/v2\/pages"}],"about":[{"href":"https:\/\/ucatedravino.es\/en\/wp-json\/wp\/v2\/types\/page"}],"author":[{"embeddable":true,"href":"https:\/\/ucatedravino.es\/en\/wp-json\/wp\/v2\/users\/2"}],"replies":[{"embeddable":true,"href":"https:\/\/ucatedravino.es\/en\/wp-json\/wp\/v2\/comments?post=358"}],"version-history":[{"count":3,"href":"https:\/\/ucatedravino.es\/en\/wp-json\/wp\/v2\/pages\/358\/revisions"}],"predecessor-version":[{"id":422,"href":"https:\/\/ucatedravino.es\/en\/wp-json\/wp\/v2\/pages\/358\/revisions\/422"}],"wp:featuredmedia":[{"embeddable":true,"href":"https:\/\/ucatedravino.es\/en\/wp-json\/wp\/v2\/media\/356"}],"wp:attachment":[{"href":"https:\/\/ucatedravino.es\/en\/wp-json\/wp\/v2\/media?parent=358"}],"curies":[{"name":"wp","href":"https:\/\/api.w.org\/{rel}","templated":true}]}}