{"id":406,"date":"2024-03-29T19:16:41","date_gmt":"2024-03-29T18:16:41","guid":{"rendered":"https:\/\/ucatedravino.es\/?page_id=406"},"modified":"2024-03-29T19:31:01","modified_gmt":"2024-03-29T18:31:01","slug":"dr-pedro-pablo-marin-duenas","status":"publish","type":"page","link":"https:\/\/ucatedravino.es\/en\/dr-pedro-pablo-marin-duenas\/","title":{"rendered":"Dr. Pedro Pablo Mar\u00edn Due\u00f1as"},"content":{"rendered":"<div class=\"grve-section\" data-section-title=\"\" data-section-type=\"fullwidth-background\" data-image-type=\"none\" data-full-height=\"no\"><div class=\"grve-row grve-bookmark\"><div class=\"wpb_column grve-column grve-bookmark grve-column-1\"><h1 class=\"grve-element grve-align-center grve-title-double-bottom-line grve-h1\" style=\"\"><span>Dr. Pedro Pablo Mar\u00edn Due\u00f1as<\/span><\/h1><div class=\"grve-element grve-text\"><p style=\"text-align: center;\">Email: <a href=\"mailto:pablo.marin@uca.es\">pablo.marin@uca.es<\/a><\/p>\n<\/div><\/div> <\/div><div class=\"grve-background-wrapper\"><\/div><\/div><div class=\"grve-section\" data-section-title=\"\" data-section-type=\"fullwidth-background\" data-image-type=\"none\" data-full-height=\"no\"  style=\"background-color:#e5e5e5;\"><div class=\"grve-row grve-bookmark\"><div class=\"wpb_column grve-column grve-bookmark grve-column-1-2\"><div class=\"grve-element grve-image grve-align-left\" style=\"\"><img loading=\"lazy\" decoding=\"async\" width=\"500\" height=\"500\" src=\"https:\/\/ucatedravino.es\/wp-content\/uploads\/2024\/03\/FOTO_PERFIL-removebg-preview.png\" class=\"attachment-full size-full\" alt=\"\" srcset=\"https:\/\/ucatedravino.es\/wp-content\/uploads\/2024\/03\/FOTO_PERFIL-removebg-preview.png 500w, https:\/\/ucatedravino.es\/wp-content\/uploads\/2024\/03\/FOTO_PERFIL-removebg-preview-300x300.png 300w, https:\/\/ucatedravino.es\/wp-content\/uploads\/2024\/03\/FOTO_PERFIL-removebg-preview-150x150.png 150w, https:\/\/ucatedravino.es\/wp-content\/uploads\/2024\/03\/FOTO_PERFIL-removebg-preview-12x12.png 12w, https:\/\/ucatedravino.es\/wp-content\/uploads\/2024\/03\/FOTO_PERFIL-removebg-preview-80x80.png 80w\" sizes=\"auto, (max-width: 500px) 100vw, 500px\" \/><\/div><div class=\"vc_empty_space\"   style=\"height: 15px\"><span class=\"vc_empty_space_inner\"><\/span><\/div><\/div><div class=\"wpb_column grve-column grve-bookmark grve-column-1-2\"><h5 class=\"grve-element grve-align-left grve-title-line grve-h5\" style=\"\"><span>Curr\u00edculum<\/span><\/h5><div class=\"grve-element grve-text\"><p style=\"font-weight: 400;\">Doctor por la Univ. de C\u00e1diz, Licenciado en Administraci\u00f3n y Direcci\u00f3n de Empresas y Licenciado en Publicidad y Relaciones P\u00fablicas por la Univ. De C\u00e1diz. Master en Direcci\u00f3n de Empresas por la Univ. De C\u00e1diz. Especialista en Comunicaci\u00f3n, Protocolo y Relaciones P\u00fablicas por la UNED y Experto en Marketing por la UNED.<\/p>\n<p>Profesor Titular de Universidad en el \u00e1rea de Comercializaci\u00f3n e Investigaci\u00f3n de Mercados -Departamento de Marketing y Comunicaci\u00f3n- de la Universidad de C\u00e1diz, donde desempe\u00f1a su labor como docente, tanto en grados como en masters.<\/p>\n<p>Ha sido coordinador del Grado en Marketing e Investigaci\u00f3n de Mercados y del Doble Grado en Marketing e Investigaci\u00f3n de Mercados y Turismo durante 5 a\u00f1os. Actualmente, es director del Departamento de Marketing y Comunicaci\u00f3n de la Universidad de C\u00e1diz.<\/p>\n<p style=\"font-weight: 400;\">Los resultados de la labor investigadora han permitido hasta el momento la publicaci\u00f3n de 16 art\u00edculos cient\u00edficos en revistas indexadas en bases de datos de primer nivel (JCR o SJR) as\u00ed como 18 art\u00edculos en revistas indexadas en bases de datos de segundo nivel -FECYT, Emerging Source Citation Index de Thomson Reuters (ESCI), Journal Citation Indicator de Clarivitate (JCI), RESH, DICE, Latindex, etc-. Tambi\u00e9n destacar la publicaci\u00f3n de m\u00e1s de 40 cap\u00edtulos de libros en editoriales de prestigio como McGraw-Hill, Tirant Lo Blanc, Vision, Dykinson, Tecnos, Fragua, Gedisa o Springer, as\u00ed como la participaci\u00f3n como ponente en congresos nacionales e internacionales, jornadas, workshops, seminarios cient\u00edficos y cursos de especializaci\u00f3n. Igualmente ha participado bien como IP o bien como miembro del equipo de investigaci\u00f3n en distintos proyectos de investigaci\u00f3n y proyectos de transferencia.<\/p>\n<p style=\"font-weight: 400;\">Finalmente, es miembro del grupo de investigaci\u00f3n \u00abInnovaci\u00f3n Social en Marketing\u00bb SEJ482 y del Instituto Universitario de Investigaci\u00f3n para el Desarrollo Social <span style=\"font-weight: 400;\">Sostenible (INDESS)<\/span><\/p>\n<\/div><\/div> <\/div><div class=\"grve-background-wrapper\"><\/div><\/div><div class=\"grve-section\" data-section-title=\"\" data-section-type=\"fullwidth-background\" data-image-type=\"none\" data-full-height=\"no\"><div class=\"grve-row grve-bookmark\"><div class=\"wpb_column grve-column grve-bookmark grve-column-1-6\"><div class=\"grve-element grve-align-center\"><a class=\"grve-btn grve-btn-medium grve-round grve-bg-primary-1\" href=\"https:\/\/produccioncientifica.uca.es\/investigadores\/112928\/detalle\" target=\"_blank\" style=\"\"><span>Web<\/span><\/a><\/div><\/div><div class=\"wpb_column grve-column grve-bookmark grve-column-1-6\"><div class=\"grve-element grve-align-center\"><a class=\"grve-btn grve-btn-medium grve-round grve-bg-primary-1\" href=\"https:\/\/produccioncientifica.uca.es\/investigadores\/112928\/detalle\" target=\"_blank\" style=\"\"><span>Orcid<\/span><\/a><\/div><\/div><div class=\"wpb_column grve-column grve-bookmark grve-column-1-5\"><div class=\"grve-element grve-align-center\"><a class=\"grve-btn grve-btn-medium grve-round grve-bg-primary-1\" href=\"https:\/\/scholar.google.es\/citations?user=AeVklW4AAAAJ&#038;hl=es\" target=\"_blank\" style=\"\"><span>Google Scholar<\/span><\/a><\/div><\/div><div class=\"wpb_column grve-column grve-bookmark grve-column-1-5\"><div class=\"grve-element grve-align-center\"><a class=\"grve-btn grve-btn-medium grve-round grve-bg-primary-1\" href=\"https:\/\/www.scopus.com\/authid\/detail.uri?authorId=57188582584\" target=\"_blank\" style=\"\"><span>Scopus<\/span><\/a><\/div><\/div><div class=\"wpb_column grve-column grve-bookmark grve-column-1-5\"><div class=\"grve-element grve-align-center\"><a class=\"grve-btn grve-btn-medium grve-round grve-bg-primary-1\" href=\"https:\/\/www.researchgate.net\/profile\/Pedro-Marin-Duenas\" target=\"_blank\" style=\"\"><span>ResearchGate<\/span><\/a><\/div><\/div> <\/div><div class=\"grve-background-wrapper\"><\/div><\/div>","protected":false},"excerpt":{"rendered":"Dr. Pedro Pablo Mar\u00edn Due\u00f1asEmail: pablo.marin@uca.es Curr\u00edculumDoctor por la Univ. de C\u00e1diz, Licenciado en Administraci\u00f3n y Direcci\u00f3n de Empresas y Licenciado en Publicidad y Relaciones P\u00fablicas por la Univ. De C\u00e1diz. Master en Direcci\u00f3n de Empresas por la Univ. De C\u00e1diz. Especialista en Comunicaci\u00f3n, Protocolo y Relaciones P\u00fablicas por la UNED y Experto en Marketing [...]","protected":false},"author":1,"featured_media":407,"parent":0,"menu_order":0,"comment_status":"closed","ping_status":"closed","template":"","meta":{"footnotes":""},"class_list":["post-406","page","type-page","status-publish","has-post-thumbnail","hentry"],"yoast_head":"<!-- This site is optimized with the Yoast SEO plugin v27.4 - https:\/\/yoast.com\/product\/yoast-seo-wordpress\/ -->\n<title>Dr. Pedro Pablo Mar\u00edn Due\u00f1as - C\u00e1tedra Vino, Sociedad y Sostenibilidad<\/title>\n<meta name=\"robots\" content=\"index, follow, max-snippet:-1, max-image-preview:large, max-video-preview:-1\" \/>\n<link rel=\"canonical\" href=\"https:\/\/ucatedravino.es\/en\/dr-pedro-pablo-marin-duenas\/\" \/>\n<meta property=\"og:locale\" content=\"en_GB\" \/>\n<meta property=\"og:type\" content=\"article\" \/>\n<meta property=\"og:title\" content=\"Dr. Pedro Pablo Mar\u00edn Due\u00f1as - C\u00e1tedra Vino, Sociedad y Sostenibilidad\" \/>\n<meta property=\"og:url\" content=\"https:\/\/ucatedravino.es\/en\/dr-pedro-pablo-marin-duenas\/\" \/>\n<meta property=\"og:site_name\" content=\"C\u00e1tedra Vino, Sociedad y Sostenibilidad\" \/>\n<meta property=\"article:publisher\" content=\"https:\/\/www.facebook.com\/profile.php?id=61554673476914\" \/>\n<meta property=\"article:modified_time\" content=\"2024-03-29T18:31:01+00:00\" \/>\n<meta property=\"og:image\" content=\"https:\/\/ucatedravino.es\/wp-content\/uploads\/2024\/03\/FOTO_PERFIL-removebg-preview.png\" \/>\n\t<meta property=\"og:image:width\" content=\"500\" \/>\n\t<meta property=\"og:image:height\" content=\"500\" \/>\n\t<meta property=\"og:image:type\" content=\"image\/png\" \/>\n<meta name=\"twitter:card\" content=\"summary_large_image\" \/>\n<meta name=\"twitter:label1\" content=\"Estimated reading time\" \/>\n\t<meta name=\"twitter:data1\" content=\"3 minutes\" \/>\n<script type=\"application\/ld+json\" class=\"yoast-schema-graph\">{\"@context\":\"https:\\\/\\\/schema.org\",\"@graph\":[{\"@type\":\"WebPage\",\"@id\":\"https:\\\/\\\/ucatedravino.es\\\/dr-pedro-pablo-marin-duenas\\\/\",\"url\":\"https:\\\/\\\/ucatedravino.es\\\/dr-pedro-pablo-marin-duenas\\\/\",\"name\":\"Dr. Pedro Pablo Mar\u00edn Due\u00f1as - C\u00e1tedra Vino, Sociedad y Sostenibilidad\",\"isPartOf\":{\"@id\":\"https:\\\/\\\/ucatedravino.es\\\/#website\"},\"primaryImageOfPage\":{\"@id\":\"https:\\\/\\\/ucatedravino.es\\\/dr-pedro-pablo-marin-duenas\\\/#primaryimage\"},\"image\":{\"@id\":\"https:\\\/\\\/ucatedravino.es\\\/dr-pedro-pablo-marin-duenas\\\/#primaryimage\"},\"thumbnailUrl\":\"https:\\\/\\\/ucatedravino.es\\\/wp-content\\\/uploads\\\/2024\\\/03\\\/FOTO_PERFIL-removebg-preview.png\",\"datePublished\":\"2024-03-29T18:16:41+00:00\",\"dateModified\":\"2024-03-29T18:31:01+00:00\",\"breadcrumb\":{\"@id\":\"https:\\\/\\\/ucatedravino.es\\\/dr-pedro-pablo-marin-duenas\\\/#breadcrumb\"},\"inLanguage\":\"en-GB\",\"potentialAction\":[{\"@type\":\"ReadAction\",\"target\":[\"https:\\\/\\\/ucatedravino.es\\\/dr-pedro-pablo-marin-duenas\\\/\"]}]},{\"@type\":\"ImageObject\",\"inLanguage\":\"en-GB\",\"@id\":\"https:\\\/\\\/ucatedravino.es\\\/dr-pedro-pablo-marin-duenas\\\/#primaryimage\",\"url\":\"https:\\\/\\\/ucatedravino.es\\\/wp-content\\\/uploads\\\/2024\\\/03\\\/FOTO_PERFIL-removebg-preview.png\",\"contentUrl\":\"https:\\\/\\\/ucatedravino.es\\\/wp-content\\\/uploads\\\/2024\\\/03\\\/FOTO_PERFIL-removebg-preview.png\",\"width\":500,\"height\":500},{\"@type\":\"BreadcrumbList\",\"@id\":\"https:\\\/\\\/ucatedravino.es\\\/dr-pedro-pablo-marin-duenas\\\/#breadcrumb\",\"itemListElement\":[{\"@type\":\"ListItem\",\"position\":1,\"name\":\"Portada\",\"item\":\"https:\\\/\\\/ucatedravino.es\\\/\"},{\"@type\":\"ListItem\",\"position\":2,\"name\":\"Dr. Pedro Pablo Mar\u00edn Due\u00f1as\"}]},{\"@type\":\"WebSite\",\"@id\":\"https:\\\/\\\/ucatedravino.es\\\/#website\",\"url\":\"https:\\\/\\\/ucatedravino.es\\\/\",\"name\":\"C\u00e1tedra Vino, Sociedad y Sostenibilidad\",\"description\":\"Facultad de CCSS y de la Comunicaci\u00f3n. Universidad de C\u00e1diz\",\"publisher\":{\"@id\":\"https:\\\/\\\/ucatedravino.es\\\/#organization\"},\"potentialAction\":[{\"@type\":\"SearchAction\",\"target\":{\"@type\":\"EntryPoint\",\"urlTemplate\":\"https:\\\/\\\/ucatedravino.es\\\/?s={search_term_string}\"},\"query-input\":{\"@type\":\"PropertyValueSpecification\",\"valueRequired\":true,\"valueName\":\"search_term_string\"}}],\"inLanguage\":\"en-GB\"},{\"@type\":\"Organization\",\"@id\":\"https:\\\/\\\/ucatedravino.es\\\/#organization\",\"name\":\"C\u00e1tedra Vino, Sociedad y Sostenibilidad\",\"url\":\"https:\\\/\\\/ucatedravino.es\\\/\",\"logo\":{\"@type\":\"ImageObject\",\"inLanguage\":\"en-GB\",\"@id\":\"https:\\\/\\\/ucatedravino.es\\\/#\\\/schema\\\/logo\\\/image\\\/\",\"url\":\"https:\\\/\\\/ucatedravino.es\\\/wp-content\\\/uploads\\\/2023\\\/11\\\/logo_catedraVino.png\",\"contentUrl\":\"https:\\\/\\\/ucatedravino.es\\\/wp-content\\\/uploads\\\/2023\\\/11\\\/logo_catedraVino.png\",\"width\":200,\"height\":93,\"caption\":\"C\u00e1tedra Vino, Sociedad y Sostenibilidad\"},\"image\":{\"@id\":\"https:\\\/\\\/ucatedravino.es\\\/#\\\/schema\\\/logo\\\/image\\\/\"},\"sameAs\":[\"https:\\\/\\\/www.facebook.com\\\/profile.php?id=61554673476914\",\"https:\\\/\\\/www.instagram.com\\\/ucatedravino\\\/\"]}]}<\/script>\n<!-- \/ Yoast SEO plugin. -->","yoast_head_json":{"title":"Dr. Pedro Pablo Mar\u00edn Due\u00f1as - C\u00e1tedra Vino, Sociedad y Sostenibilidad","robots":{"index":"index","follow":"follow","max-snippet":"max-snippet:-1","max-image-preview":"max-image-preview:large","max-video-preview":"max-video-preview:-1"},"canonical":"https:\/\/ucatedravino.es\/en\/dr-pedro-pablo-marin-duenas\/","og_locale":"en_GB","og_type":"article","og_title":"Dr. Pedro Pablo Mar\u00edn Due\u00f1as - C\u00e1tedra Vino, Sociedad y Sostenibilidad","og_url":"https:\/\/ucatedravino.es\/en\/dr-pedro-pablo-marin-duenas\/","og_site_name":"C\u00e1tedra Vino, Sociedad y Sostenibilidad","article_publisher":"https:\/\/www.facebook.com\/profile.php?id=61554673476914","article_modified_time":"2024-03-29T18:31:01+00:00","og_image":[{"width":500,"height":500,"url":"https:\/\/ucatedravino.es\/wp-content\/uploads\/2024\/03\/FOTO_PERFIL-removebg-preview.png","type":"image\/png"}],"twitter_card":"summary_large_image","twitter_misc":{"Estimated reading time":"3 minutes"},"schema":{"@context":"https:\/\/schema.org","@graph":[{"@type":"WebPage","@id":"https:\/\/ucatedravino.es\/dr-pedro-pablo-marin-duenas\/","url":"https:\/\/ucatedravino.es\/dr-pedro-pablo-marin-duenas\/","name":"Dr. Pedro Pablo Mar\u00edn Due\u00f1as - C\u00e1tedra Vino, Sociedad y Sostenibilidad","isPartOf":{"@id":"https:\/\/ucatedravino.es\/#website"},"primaryImageOfPage":{"@id":"https:\/\/ucatedravino.es\/dr-pedro-pablo-marin-duenas\/#primaryimage"},"image":{"@id":"https:\/\/ucatedravino.es\/dr-pedro-pablo-marin-duenas\/#primaryimage"},"thumbnailUrl":"https:\/\/ucatedravino.es\/wp-content\/uploads\/2024\/03\/FOTO_PERFIL-removebg-preview.png","datePublished":"2024-03-29T18:16:41+00:00","dateModified":"2024-03-29T18:31:01+00:00","breadcrumb":{"@id":"https:\/\/ucatedravino.es\/dr-pedro-pablo-marin-duenas\/#breadcrumb"},"inLanguage":"en-GB","potentialAction":[{"@type":"ReadAction","target":["https:\/\/ucatedravino.es\/dr-pedro-pablo-marin-duenas\/"]}]},{"@type":"ImageObject","inLanguage":"en-GB","@id":"https:\/\/ucatedravino.es\/dr-pedro-pablo-marin-duenas\/#primaryimage","url":"https:\/\/ucatedravino.es\/wp-content\/uploads\/2024\/03\/FOTO_PERFIL-removebg-preview.png","contentUrl":"https:\/\/ucatedravino.es\/wp-content\/uploads\/2024\/03\/FOTO_PERFIL-removebg-preview.png","width":500,"height":500},{"@type":"BreadcrumbList","@id":"https:\/\/ucatedravino.es\/dr-pedro-pablo-marin-duenas\/#breadcrumb","itemListElement":[{"@type":"ListItem","position":1,"name":"Portada","item":"https:\/\/ucatedravino.es\/"},{"@type":"ListItem","position":2,"name":"Dr. Pedro Pablo Mar\u00edn Due\u00f1as"}]},{"@type":"WebSite","@id":"https:\/\/ucatedravino.es\/#website","url":"https:\/\/ucatedravino.es\/","name":"C\u00e1tedra Vino, Sociedad y Sostenibilidad","description":"Facultad de CCSS y de la Comunicaci\u00f3n. Universidad de C\u00e1diz","publisher":{"@id":"https:\/\/ucatedravino.es\/#organization"},"potentialAction":[{"@type":"SearchAction","target":{"@type":"EntryPoint","urlTemplate":"https:\/\/ucatedravino.es\/?s={search_term_string}"},"query-input":{"@type":"PropertyValueSpecification","valueRequired":true,"valueName":"search_term_string"}}],"inLanguage":"en-GB"},{"@type":"Organization","@id":"https:\/\/ucatedravino.es\/#organization","name":"C\u00e1tedra Vino, Sociedad y Sostenibilidad","url":"https:\/\/ucatedravino.es\/","logo":{"@type":"ImageObject","inLanguage":"en-GB","@id":"https:\/\/ucatedravino.es\/#\/schema\/logo\/image\/","url":"https:\/\/ucatedravino.es\/wp-content\/uploads\/2023\/11\/logo_catedraVino.png","contentUrl":"https:\/\/ucatedravino.es\/wp-content\/uploads\/2023\/11\/logo_catedraVino.png","width":200,"height":93,"caption":"C\u00e1tedra Vino, Sociedad y Sostenibilidad"},"image":{"@id":"https:\/\/ucatedravino.es\/#\/schema\/logo\/image\/"},"sameAs":["https:\/\/www.facebook.com\/profile.php?id=61554673476914","https:\/\/www.instagram.com\/ucatedravino\/"]}]}},"_links":{"self":[{"href":"https:\/\/ucatedravino.es\/en\/wp-json\/wp\/v2\/pages\/406","targetHints":{"allow":["GET"]}}],"collection":[{"href":"https:\/\/ucatedravino.es\/en\/wp-json\/wp\/v2\/pages"}],"about":[{"href":"https:\/\/ucatedravino.es\/en\/wp-json\/wp\/v2\/types\/page"}],"author":[{"embeddable":true,"href":"https:\/\/ucatedravino.es\/en\/wp-json\/wp\/v2\/users\/1"}],"replies":[{"embeddable":true,"href":"https:\/\/ucatedravino.es\/en\/wp-json\/wp\/v2\/comments?post=406"}],"version-history":[{"count":6,"href":"https:\/\/ucatedravino.es\/en\/wp-json\/wp\/v2\/pages\/406\/revisions"}],"predecessor-version":[{"id":417,"href":"https:\/\/ucatedravino.es\/en\/wp-json\/wp\/v2\/pages\/406\/revisions\/417"}],"wp:featuredmedia":[{"embeddable":true,"href":"https:\/\/ucatedravino.es\/en\/wp-json\/wp\/v2\/media\/407"}],"wp:attachment":[{"href":"https:\/\/ucatedravino.es\/en\/wp-json\/wp\/v2\/media?parent=406"}],"curies":[{"name":"wp","href":"https:\/\/api.w.org\/{rel}","templated":true}]}}