{"id":42,"date":"2023-10-16T21:22:50","date_gmt":"2023-10-16T19:22:50","guid":{"rendered":"https:\/\/ucatedravino.es\/?page_id=42"},"modified":"2023-11-02T19:22:53","modified_gmt":"2023-11-02T18:22:53","slug":"servicios","status":"publish","type":"page","link":"https:\/\/ucatedravino.es\/en\/servicios\/","title":{"rendered":"Services"},"content":{"rendered":"<div class=\"grve-section\" data-section-title=\"\" data-section-type=\"fullwidth-element\" data-image-type=\"none\" data-full-height=\"no\"><div class=\"grve-row grve-bookmark\"><div class=\"wpb_column grve-column grve-bookmark grve-column-1\"><div class=\"grve-row grve-bookmark\"><div class=\"wpb_column grve-column grve-bookmark grve-column-1-2\"><div class=\"grve-element grve-box-icon grve-align-center\" style=\"\"><div class=\"grve-icon grve-medium grve-simple grve-no-shape grve-color-primary-1 grve-image-icon\"><img loading=\"lazy\" decoding=\"async\" width=\"25\" height=\"41\" src=\"https:\/\/ucatedravino.es\/wp-content\/uploads\/2023\/10\/marker-icon-violet.png\" class=\"attachment-full size-full\" alt=\"\" srcset=\"https:\/\/ucatedravino.es\/wp-content\/uploads\/2023\/10\/marker-icon-violet.png 25w, https:\/\/ucatedravino.es\/wp-content\/uploads\/2023\/10\/marker-icon-violet-7x12.png 7w\" sizes=\"auto, (max-width: 25px) 100vw, 25px\" \/><\/div>  <div class=\"grve-box-content\"><h5 class=\"grve-box-title\"><span>Bodegas Inscritas en la denominaci\u00f3n<br \/>\nde origen del Marco de Jerez<\/span><\/h5>    <p class=\"\">Denominaciones de Origen \u00abJerez-X\u00e9r\u00e8s-Sherry\u00bb y \u00abManzanilla &#8211; Sanl\u00facar de Barrameda &#8211; Vinagre de Jerez.<\/p>  <\/div><\/div><\/div><div class=\"wpb_column grve-column grve-bookmark grve-column-1-2\"><div class=\"grve-element grve-box-icon grve-align-center\" style=\"\"><div class=\"grve-icon grve-medium grve-simple grve-no-shape grve-color-primary-1 grve-image-icon\"><img loading=\"lazy\" decoding=\"async\" width=\"25\" height=\"41\" src=\"https:\/\/ucatedravino.es\/wp-content\/uploads\/2023\/10\/marker-icon-green.png\" class=\"attachment-full size-full\" alt=\"\" srcset=\"https:\/\/ucatedravino.es\/wp-content\/uploads\/2023\/10\/marker-icon-green.png 25w, https:\/\/ucatedravino.es\/wp-content\/uploads\/2023\/10\/marker-icon-green-7x12.png 7w\" sizes=\"auto, (max-width: 25px) 100vw, 25px\" \/><\/div>  <div class=\"grve-box-content\"><h5 class=\"grve-box-title\"><span>Bodegas Adscritas<br \/>\na la Ruta del Vino y el Brandy<\/span><\/h5>    <p class=\"\">Bodegas adscritas a la Ruta del Vino y el Brandy del Marco de Jerez<\/p>  <\/div><\/div><\/div><\/div><div class=\"vc_empty_space\"   style=\"height: 50px\"><span class=\"vc_empty_space_inner\"><\/span><\/div>\n\t<div class=\"wpb_raw_code wpb_content_element wpb_raw_html\" >\n\t\t<div class=\"wpb_wrapper\">\n\t\t\t<iframe loading=\"lazy\" src=\"https:\/\/script.google.com\/a\/macros\/gm.uca.es\/s\/AKfycbwO6up7Mk8MmkBb1qQEiv8r91OTivmntIm_bNtn31E2Z2Z5qjPR6wYbc8ZEyUviA-Ib\/exec\" width=\"100%\" height=\"500\" frameborder=\"0\" scrolling=\"no\"><\/iframe>\n\t\t<\/div>\n\t<\/div>\n<\/div> <\/div><div class=\"grve-background-wrapper\"><\/div><\/div><div class=\"grve-section\" data-section-title=\"\" data-section-type=\"fullwidth-background\" data-image-type=\"none\" data-full-height=\"no\"  style=\"padding-top: 75px;padding-bottom: 75px;\"><div class=\"grve-row grve-bookmark\"><div class=\"wpb_column grve-column grve-bookmark grve-column-1\"><h2 class=\"grve-element grve-align-center grve-title-line grve-h2\" style=\"\"><span>Entidades Patronas<\/span><\/h2><div class=\"vc_empty_space\"   style=\"height: 32px\"><span class=\"vc_empty_space_inner\"><\/span><\/div><div class=\"grve-row grve-bookmark\"><div class=\"wpb_column grve-column grve-bookmark grve-column-1-4\"><div class=\"grve-element grve-image grve-align-center\" style=\"\"><a href=\"https:\/\/fundacioncajaruraldelsur.com\/\" target=\"_blank\"><img loading=\"lazy\" decoding=\"async\" width=\"350\" height=\"200\" src=\"https:\/\/ucatedravino.es\/wp-content\/uploads\/2023\/10\/cajarural_ucavino.jpg\" class=\"attachment-full size-full\" alt=\"\" srcset=\"https:\/\/ucatedravino.es\/wp-content\/uploads\/2023\/10\/cajarural_ucavino.jpg 350w, https:\/\/ucatedravino.es\/wp-content\/uploads\/2023\/10\/cajarural_ucavino-300x171.jpg 300w, https:\/\/ucatedravino.es\/wp-content\/uploads\/2023\/10\/cajarural_ucavino-18x10.jpg 18w\" sizes=\"auto, (max-width: 350px) 100vw, 350px\" \/><\/a><\/div><\/div><div class=\"wpb_column grve-column grve-bookmark grve-column-1-4\"><div class=\"grve-element grve-image grve-align-center\" style=\"\"><a href=\"https:\/\/ccsociales.uca.es\/\" target=\"_blank\"><img loading=\"lazy\" decoding=\"async\" width=\"350\" height=\"200\" src=\"https:\/\/ucatedravino.es\/wp-content\/uploads\/2023\/10\/facultad_ucavino.jpg\" class=\"attachment-full size-full\" alt=\"\" srcset=\"https:\/\/ucatedravino.es\/wp-content\/uploads\/2023\/10\/facultad_ucavino.jpg 350w, https:\/\/ucatedravino.es\/wp-content\/uploads\/2023\/10\/facultad_ucavino-300x171.jpg 300w, https:\/\/ucatedravino.es\/wp-content\/uploads\/2023\/10\/facultad_ucavino-18x10.jpg 18w\" sizes=\"auto, (max-width: 350px) 100vw, 350px\" \/><\/a><\/div><\/div><div class=\"wpb_column grve-column grve-bookmark grve-column-1-4\"><div class=\"grve-element grve-image grve-align-center\" style=\"\"><a href=\"https:\/\/indess.uca.es\/\" target=\"_blank\"><img loading=\"lazy\" decoding=\"async\" width=\"350\" height=\"200\" src=\"https:\/\/ucatedravino.es\/wp-content\/uploads\/2023\/10\/indess_ucavino.jpg\" class=\"attachment-full size-full\" alt=\"\" srcset=\"https:\/\/ucatedravino.es\/wp-content\/uploads\/2023\/10\/indess_ucavino.jpg 350w, https:\/\/ucatedravino.es\/wp-content\/uploads\/2023\/10\/indess_ucavino-300x171.jpg 300w, https:\/\/ucatedravino.es\/wp-content\/uploads\/2023\/10\/indess_ucavino-18x10.jpg 18w\" sizes=\"auto, (max-width: 350px) 100vw, 350px\" \/><\/a><\/div><\/div><div class=\"wpb_column grve-column grve-bookmark grve-column-1-4\"><div class=\"grve-element grve-image grve-align-center\" style=\"\"><a href=\"https:\/\/www.uca.es\/los-campus\/jerez\/\" target=\"_blank\"><img loading=\"lazy\" decoding=\"async\" width=\"350\" height=\"200\" src=\"https:\/\/ucatedravino.es\/wp-content\/uploads\/2023\/10\/uca_ucavino.jpg\" class=\"attachment-full size-full\" alt=\"\" srcset=\"https:\/\/ucatedravino.es\/wp-content\/uploads\/2023\/10\/uca_ucavino.jpg 350w, https:\/\/ucatedravino.es\/wp-content\/uploads\/2023\/10\/uca_ucavino-300x171.jpg 300w, https:\/\/ucatedravino.es\/wp-content\/uploads\/2023\/10\/uca_ucavino-18x10.jpg 18w\" sizes=\"auto, (max-width: 350px) 100vw, 350px\" \/><\/a><\/div><\/div><\/div><\/div> <\/div><div class=\"grve-background-wrapper\"><\/div><\/div>","protected":false},"excerpt":{"rendered":"Bodegas Inscritas en la denominaci\u00f3n de origen del Marco de Jerez Denominaciones de Origen \"Jerez-X\u00e9r\u00e8s-Sherry\" y \"Manzanilla - Sanl\u00facar de Barrameda - Vinagre de Jerez. Bodegas Adscritas a la Ruta del Vino y el Brandy Bodegas adscritas a la Ruta del Vino y el Brandy del Marco de Jerez Entidades Patronas","protected":false},"author":2,"featured_media":0,"parent":0,"menu_order":0,"comment_status":"closed","ping_status":"closed","template":"","meta":{"footnotes":""},"class_list":["post-42","page","type-page","status-publish","hentry"],"yoast_head":"<!-- This site is optimized with the Yoast SEO plugin v27.4 - https:\/\/yoast.com\/product\/yoast-seo-wordpress\/ -->\n<title>Servicios - C\u00e1tedra Vino, Sociedad y Sostenibilidad<\/title>\n<meta name=\"robots\" content=\"index, follow, max-snippet:-1, max-image-preview:large, max-video-preview:-1\" \/>\n<link rel=\"canonical\" href=\"https:\/\/ucatedravino.es\/en\/servicios\/\" \/>\n<meta property=\"og:locale\" content=\"en_GB\" \/>\n<meta property=\"og:type\" content=\"article\" \/>\n<meta property=\"og:title\" content=\"Servicios - C\u00e1tedra Vino, Sociedad y Sostenibilidad\" \/>\n<meta property=\"og:url\" content=\"https:\/\/ucatedravino.es\/en\/servicios\/\" \/>\n<meta property=\"og:site_name\" content=\"C\u00e1tedra Vino, Sociedad y Sostenibilidad\" \/>\n<meta property=\"article:publisher\" content=\"https:\/\/www.facebook.com\/profile.php?id=61554673476914\" \/>\n<meta property=\"article:modified_time\" content=\"2023-11-02T18:22:53+00:00\" \/>\n<meta name=\"twitter:card\" content=\"summary_large_image\" \/>\n<meta name=\"twitter:label1\" content=\"Estimated reading time\" \/>\n\t<meta name=\"twitter:data1\" content=\"2 minutes\" \/>\n<script type=\"application\/ld+json\" class=\"yoast-schema-graph\">{\"@context\":\"https:\\\/\\\/schema.org\",\"@graph\":[{\"@type\":\"WebPage\",\"@id\":\"https:\\\/\\\/ucatedravino.es\\\/servicios\\\/\",\"url\":\"https:\\\/\\\/ucatedravino.es\\\/servicios\\\/\",\"name\":\"Servicios - C\u00e1tedra Vino, Sociedad y Sostenibilidad\",\"isPartOf\":{\"@id\":\"https:\\\/\\\/ucatedravino.es\\\/#website\"},\"datePublished\":\"2023-10-16T19:22:50+00:00\",\"dateModified\":\"2023-11-02T18:22:53+00:00\",\"breadcrumb\":{\"@id\":\"https:\\\/\\\/ucatedravino.es\\\/servicios\\\/#breadcrumb\"},\"inLanguage\":\"en-GB\",\"potentialAction\":[{\"@type\":\"ReadAction\",\"target\":[\"https:\\\/\\\/ucatedravino.es\\\/servicios\\\/\"]}]},{\"@type\":\"BreadcrumbList\",\"@id\":\"https:\\\/\\\/ucatedravino.es\\\/servicios\\\/#breadcrumb\",\"itemListElement\":[{\"@type\":\"ListItem\",\"position\":1,\"name\":\"Portada\",\"item\":\"https:\\\/\\\/ucatedravino.es\\\/\"},{\"@type\":\"ListItem\",\"position\":2,\"name\":\"Servicios\"}]},{\"@type\":\"WebSite\",\"@id\":\"https:\\\/\\\/ucatedravino.es\\\/#website\",\"url\":\"https:\\\/\\\/ucatedravino.es\\\/\",\"name\":\"C\u00e1tedra Vino, Sociedad y Sostenibilidad\",\"description\":\"Facultad de CCSS y de la Comunicaci\u00f3n. Universidad de C\u00e1diz\",\"publisher\":{\"@id\":\"https:\\\/\\\/ucatedravino.es\\\/#organization\"},\"potentialAction\":[{\"@type\":\"SearchAction\",\"target\":{\"@type\":\"EntryPoint\",\"urlTemplate\":\"https:\\\/\\\/ucatedravino.es\\\/?s={search_term_string}\"},\"query-input\":{\"@type\":\"PropertyValueSpecification\",\"valueRequired\":true,\"valueName\":\"search_term_string\"}}],\"inLanguage\":\"en-GB\"},{\"@type\":\"Organization\",\"@id\":\"https:\\\/\\\/ucatedravino.es\\\/#organization\",\"name\":\"C\u00e1tedra Vino, Sociedad y Sostenibilidad\",\"url\":\"https:\\\/\\\/ucatedravino.es\\\/\",\"logo\":{\"@type\":\"ImageObject\",\"inLanguage\":\"en-GB\",\"@id\":\"https:\\\/\\\/ucatedravino.es\\\/#\\\/schema\\\/logo\\\/image\\\/\",\"url\":\"https:\\\/\\\/ucatedravino.es\\\/wp-content\\\/uploads\\\/2023\\\/11\\\/logo_catedraVino.png\",\"contentUrl\":\"https:\\\/\\\/ucatedravino.es\\\/wp-content\\\/uploads\\\/2023\\\/11\\\/logo_catedraVino.png\",\"width\":200,\"height\":93,\"caption\":\"C\u00e1tedra Vino, Sociedad y Sostenibilidad\"},\"image\":{\"@id\":\"https:\\\/\\\/ucatedravino.es\\\/#\\\/schema\\\/logo\\\/image\\\/\"},\"sameAs\":[\"https:\\\/\\\/www.facebook.com\\\/profile.php?id=61554673476914\",\"https:\\\/\\\/www.instagram.com\\\/ucatedravino\\\/\"]}]}<\/script>\n<!-- \/ Yoast SEO plugin. -->","yoast_head_json":{"title":"Servicios - C\u00e1tedra Vino, Sociedad y Sostenibilidad","robots":{"index":"index","follow":"follow","max-snippet":"max-snippet:-1","max-image-preview":"max-image-preview:large","max-video-preview":"max-video-preview:-1"},"canonical":"https:\/\/ucatedravino.es\/en\/servicios\/","og_locale":"en_GB","og_type":"article","og_title":"Servicios - C\u00e1tedra Vino, Sociedad y Sostenibilidad","og_url":"https:\/\/ucatedravino.es\/en\/servicios\/","og_site_name":"C\u00e1tedra Vino, Sociedad y Sostenibilidad","article_publisher":"https:\/\/www.facebook.com\/profile.php?id=61554673476914","article_modified_time":"2023-11-02T18:22:53+00:00","twitter_card":"summary_large_image","twitter_misc":{"Estimated reading time":"2 minutes"},"schema":{"@context":"https:\/\/schema.org","@graph":[{"@type":"WebPage","@id":"https:\/\/ucatedravino.es\/servicios\/","url":"https:\/\/ucatedravino.es\/servicios\/","name":"Servicios - C\u00e1tedra Vino, Sociedad y Sostenibilidad","isPartOf":{"@id":"https:\/\/ucatedravino.es\/#website"},"datePublished":"2023-10-16T19:22:50+00:00","dateModified":"2023-11-02T18:22:53+00:00","breadcrumb":{"@id":"https:\/\/ucatedravino.es\/servicios\/#breadcrumb"},"inLanguage":"en-GB","potentialAction":[{"@type":"ReadAction","target":["https:\/\/ucatedravino.es\/servicios\/"]}]},{"@type":"BreadcrumbList","@id":"https:\/\/ucatedravino.es\/servicios\/#breadcrumb","itemListElement":[{"@type":"ListItem","position":1,"name":"Portada","item":"https:\/\/ucatedravino.es\/"},{"@type":"ListItem","position":2,"name":"Servicios"}]},{"@type":"WebSite","@id":"https:\/\/ucatedravino.es\/#website","url":"https:\/\/ucatedravino.es\/","name":"C\u00e1tedra Vino, Sociedad y Sostenibilidad","description":"Facultad de CCSS y de la Comunicaci\u00f3n. Universidad de C\u00e1diz","publisher":{"@id":"https:\/\/ucatedravino.es\/#organization"},"potentialAction":[{"@type":"SearchAction","target":{"@type":"EntryPoint","urlTemplate":"https:\/\/ucatedravino.es\/?s={search_term_string}"},"query-input":{"@type":"PropertyValueSpecification","valueRequired":true,"valueName":"search_term_string"}}],"inLanguage":"en-GB"},{"@type":"Organization","@id":"https:\/\/ucatedravino.es\/#organization","name":"C\u00e1tedra Vino, Sociedad y Sostenibilidad","url":"https:\/\/ucatedravino.es\/","logo":{"@type":"ImageObject","inLanguage":"en-GB","@id":"https:\/\/ucatedravino.es\/#\/schema\/logo\/image\/","url":"https:\/\/ucatedravino.es\/wp-content\/uploads\/2023\/11\/logo_catedraVino.png","contentUrl":"https:\/\/ucatedravino.es\/wp-content\/uploads\/2023\/11\/logo_catedraVino.png","width":200,"height":93,"caption":"C\u00e1tedra Vino, Sociedad y Sostenibilidad"},"image":{"@id":"https:\/\/ucatedravino.es\/#\/schema\/logo\/image\/"},"sameAs":["https:\/\/www.facebook.com\/profile.php?id=61554673476914","https:\/\/www.instagram.com\/ucatedravino\/"]}]}},"_links":{"self":[{"href":"https:\/\/ucatedravino.es\/en\/wp-json\/wp\/v2\/pages\/42","targetHints":{"allow":["GET"]}}],"collection":[{"href":"https:\/\/ucatedravino.es\/en\/wp-json\/wp\/v2\/pages"}],"about":[{"href":"https:\/\/ucatedravino.es\/en\/wp-json\/wp\/v2\/types\/page"}],"author":[{"embeddable":true,"href":"https:\/\/ucatedravino.es\/en\/wp-json\/wp\/v2\/users\/2"}],"replies":[{"embeddable":true,"href":"https:\/\/ucatedravino.es\/en\/wp-json\/wp\/v2\/comments?post=42"}],"version-history":[{"count":35,"href":"https:\/\/ucatedravino.es\/en\/wp-json\/wp\/v2\/pages\/42\/revisions"}],"predecessor-version":[{"id":278,"href":"https:\/\/ucatedravino.es\/en\/wp-json\/wp\/v2\/pages\/42\/revisions\/278"}],"wp:attachment":[{"href":"https:\/\/ucatedravino.es\/en\/wp-json\/wp\/v2\/media?parent=42"}],"curies":[{"name":"wp","href":"https:\/\/api.w.org\/{rel}","templated":true}]}}