{"id":472,"date":"2024-05-05T11:56:27","date_gmt":"2024-05-05T09:56:27","guid":{"rendered":"https:\/\/ucatedravino.es\/?page_id=472"},"modified":"2024-05-05T12:01:24","modified_gmt":"2024-05-05T10:01:24","slug":"dra-maria-del-rosario-diaz-ortega","status":"publish","type":"page","link":"https:\/\/ucatedravino.es\/en\/dra-maria-del-rosario-diaz-ortega\/","title":{"rendered":"Dra. Mar\u00eda del Rosario D\u00edaz Ortega"},"content":{"rendered":"<div class=\"grve-section\" data-section-title=\"\" data-section-type=\"fullwidth-background\" data-image-type=\"none\" data-full-height=\"no\"><div class=\"grve-row grve-bookmark\"><div class=\"wpb_column grve-column grve-bookmark grve-column-1\"><h1 class=\"grve-element grve-align-center grve-title-double-bottom-line grve-h1\" style=\"\"><span>Dra. Mar\u00eda del Rosario D\u00edaz Ortega<\/span><\/h1><div class=\"grve-element grve-text\"><p style=\"text-align: center;\">Email: <a href=\"\/en\/rosario.diaz@uca.es\/\">rosario.diaz@uca.es<\/a><\/p>\n<\/div><\/div> <\/div><div class=\"grve-background-wrapper\"><\/div><\/div><div class=\"grve-section grve-feature-footer\" data-section-title=\"\" data-section-type=\"fullwidth-background\" data-image-type=\"none\" data-full-height=\"no\"  style=\"background-color:#e5e5e5;padding-top: 50px;padding-bottom: 50px;\"><div class=\"grve-row grve-bookmark\"><div class=\"wpb_column grve-column grve-bookmark grve-column-1-2\"><div class=\"grve-element grve-image grve-align-left\" style=\"\"><img loading=\"lazy\" decoding=\"async\" width=\"500\" height=\"500\" src=\"https:\/\/ucatedravino.es\/wp-content\/uploads\/2024\/05\/mariarosario_catedravino.jpg\" class=\"attachment-full size-full\" alt=\"\" srcset=\"https:\/\/ucatedravino.es\/wp-content\/uploads\/2024\/05\/mariarosario_catedravino.jpg 500w, https:\/\/ucatedravino.es\/wp-content\/uploads\/2024\/05\/mariarosario_catedravino-300x300.jpg 300w, https:\/\/ucatedravino.es\/wp-content\/uploads\/2024\/05\/mariarosario_catedravino-150x150.jpg 150w, https:\/\/ucatedravino.es\/wp-content\/uploads\/2024\/05\/mariarosario_catedravino-12x12.jpg 12w, https:\/\/ucatedravino.es\/wp-content\/uploads\/2024\/05\/mariarosario_catedravino-80x80.jpg 80w\" sizes=\"auto, (max-width: 500px) 100vw, 500px\" \/><\/div><div class=\"vc_empty_space\"   style=\"height: 15px\"><span class=\"vc_empty_space_inner\"><\/span><\/div><\/div><div class=\"wpb_column grve-column grve-bookmark grve-column-1-2\"><h5 class=\"grve-element grve-align-left grve-title-line grve-h5\" style=\"\"><span>Curr\u00edculum<\/span><\/h5><div class=\"grve-element grve-text\"><p>Doctora en Turismo por la Universidad de C\u00e1diz en el a\u00f1o 2023. Licenciada en Ciencias Econ\u00f3micas y Empresariales en el a\u00f1o 1989 por la Facultad de Ciencias Econ\u00f3micas y Empresariales de la Universidad de Sevilla. Estudios de Tercer Ciclo en el programa de Doctorado: \u201cTecnolog\u00eda y Sector P\u00fablico en Contabilidad\u201d y Master Oficial en Agroalimentaci\u00f3n en el a\u00f1o 2010.<br \/>\nEn la actualidad profesora Titular de Universidad del \u00e1rea de conocimiento de \u201cEconom\u00eda Financiera y Contabilidad\u201d y Secretaria Acad\u00e9mica de la Facultad de Ciencias Sociales y de la Comunicaci\u00f3n. Las asignaturas impartidas durante su docencia han sido en la Escuela Universitaria de Estudios Empresariales y posteriormente en la Facultad de Ciencias Sociales y de la Comunicaci\u00f3n de la UCA desde el a\u00f1o 1989. Ha dirigido Trabajos Fin de Grado y Pr\u00e1cticas en Empresas. Ha participado como profesora en el Curso Superior de Director de Seguridad en el m\u00f3dulo de Gesti\u00f3n de Recursos.<br \/>\nHa sido coordinadora de diversas Jornadas y Congresos y participado en Proyectos de \u00c1mbito Andaluz de formaci\u00f3n del profesorado universitario. Ha obtenido el reconocimiento de profesor innovador por parte del Vicerrectorado de Tecnolog\u00edas de la Informaci\u00f3n e Innovaci\u00f3n docente de la Universidad de C\u00e1diz. Ha pertenecido al Claustro Sector profesores no doctores con vinculaci\u00f3n permanente de la UCA. Ha participado en las comisiones t\u00e9cnicas del centro para la elaboraci\u00f3n de las memorias de los grados de diferentes titulaciones y en la elaboraci\u00f3n del Plan Director del Centro. Adem\u00e1s, intervino en el proceso de evaluaci\u00f3n intermedio del II Plan Estrat\u00e9gico de la UCA. Ha colaborado en las Jornadas de Orientaci\u00f3n Universitaria organizadas por el Vicerrectorado de alumnos de la UCA y en las Jornadas de Orientaci\u00f3n Vocacional de los Centros Concertados.<br \/>\nHa intervenido como ponente en diferentes cursos y seminarios y publicado varios art\u00edculos y cap\u00edtulos de libros e igualmente ha participado en diferentes proyectos de investigaci\u00f3n en convocatorias europeas y nacionales.<br \/>\nHa realizado una estancia de Investigaci\u00f3n en la Facultad de Turismo de la Universidad Layca Eloy Alfaro de Manab\u00ed en Manta (Ecuador) dentro del proyecto de cooperaci\u00f3n de la Agencia Andaluza de Cooperaci\u00f3n Internacional para el desarrollo (AACID) dentro del programa \u201cLa Universidad como sujeto dinamizador del desarrollo territorial del Cant\u00f3n de Puerto L\u00f3pez en la provincia de Manab\u00ed\u201d. Adem\u00e1s, ha sido miembro del Grupo de Investigaci\u00f3n SEJ- 503 \u201cProspectiva Tur\u00edstica\u201d.<\/p>\n<\/div><\/div><div class=\"wpb_column grve-column grve-bookmark grve-column-1\"><\/div> <\/div><div class=\"grve-background-wrapper\"><\/div><\/div>","protected":false},"excerpt":{"rendered":"Dra. Mar\u00eda del Rosario D\u00edaz OrtegaEmail: rosario.diaz@uca.es Curr\u00edculumDoctora en Turismo por la Universidad de C\u00e1diz en el a\u00f1o 2023. Licenciada en Ciencias Econ\u00f3micas y Empresariales en el a\u00f1o 1989 por la Facultad de Ciencias Econ\u00f3micas y Empresariales de la Universidad de Sevilla. Estudios de Tercer Ciclo en el programa de Doctorado: \u201cTecnolog\u00eda y Sector P\u00fablico [...]","protected":false},"author":2,"featured_media":0,"parent":0,"menu_order":0,"comment_status":"closed","ping_status":"closed","template":"","meta":{"footnotes":""},"class_list":["post-472","page","type-page","status-publish","hentry"],"yoast_head":"<!-- This site is optimized with the Yoast SEO plugin v27.4 - https:\/\/yoast.com\/product\/yoast-seo-wordpress\/ -->\n<title>Dra. Mar\u00eda del Rosario D\u00edaz Ortega - C\u00e1tedra Vino, Sociedad y Sostenibilidad<\/title>\n<meta name=\"robots\" content=\"index, follow, max-snippet:-1, max-image-preview:large, max-video-preview:-1\" \/>\n<link rel=\"canonical\" href=\"https:\/\/ucatedravino.es\/en\/dra-maria-del-rosario-diaz-ortega\/\" \/>\n<meta property=\"og:locale\" content=\"en_GB\" \/>\n<meta property=\"og:type\" content=\"article\" \/>\n<meta property=\"og:title\" content=\"Dra. Mar\u00eda del Rosario D\u00edaz Ortega - C\u00e1tedra Vino, Sociedad y Sostenibilidad\" \/>\n<meta property=\"og:url\" content=\"https:\/\/ucatedravino.es\/en\/dra-maria-del-rosario-diaz-ortega\/\" \/>\n<meta property=\"og:site_name\" content=\"C\u00e1tedra Vino, Sociedad y Sostenibilidad\" \/>\n<meta property=\"article:publisher\" content=\"https:\/\/www.facebook.com\/profile.php?id=61554673476914\" \/>\n<meta property=\"article:modified_time\" content=\"2024-05-05T10:01:24+00:00\" \/>\n<meta name=\"twitter:card\" content=\"summary_large_image\" \/>\n<meta name=\"twitter:label1\" content=\"Estimated reading time\" \/>\n\t<meta name=\"twitter:data1\" content=\"3 minutes\" \/>\n<script type=\"application\/ld+json\" class=\"yoast-schema-graph\">{\"@context\":\"https:\\\/\\\/schema.org\",\"@graph\":[{\"@type\":\"WebPage\",\"@id\":\"https:\\\/\\\/ucatedravino.es\\\/dra-maria-del-rosario-diaz-ortega\\\/\",\"url\":\"https:\\\/\\\/ucatedravino.es\\\/dra-maria-del-rosario-diaz-ortega\\\/\",\"name\":\"Dra. Mar\u00eda del Rosario D\u00edaz Ortega - C\u00e1tedra Vino, Sociedad y Sostenibilidad\",\"isPartOf\":{\"@id\":\"https:\\\/\\\/ucatedravino.es\\\/#website\"},\"datePublished\":\"2024-05-05T09:56:27+00:00\",\"dateModified\":\"2024-05-05T10:01:24+00:00\",\"breadcrumb\":{\"@id\":\"https:\\\/\\\/ucatedravino.es\\\/dra-maria-del-rosario-diaz-ortega\\\/#breadcrumb\"},\"inLanguage\":\"en-GB\",\"potentialAction\":[{\"@type\":\"ReadAction\",\"target\":[\"https:\\\/\\\/ucatedravino.es\\\/dra-maria-del-rosario-diaz-ortega\\\/\"]}]},{\"@type\":\"BreadcrumbList\",\"@id\":\"https:\\\/\\\/ucatedravino.es\\\/dra-maria-del-rosario-diaz-ortega\\\/#breadcrumb\",\"itemListElement\":[{\"@type\":\"ListItem\",\"position\":1,\"name\":\"Portada\",\"item\":\"https:\\\/\\\/ucatedravino.es\\\/\"},{\"@type\":\"ListItem\",\"position\":2,\"name\":\"Dra. Mar\u00eda del Rosario D\u00edaz Ortega\"}]},{\"@type\":\"WebSite\",\"@id\":\"https:\\\/\\\/ucatedravino.es\\\/#website\",\"url\":\"https:\\\/\\\/ucatedravino.es\\\/\",\"name\":\"C\u00e1tedra Vino, Sociedad y Sostenibilidad\",\"description\":\"Facultad de CCSS y de la Comunicaci\u00f3n. Universidad de C\u00e1diz\",\"publisher\":{\"@id\":\"https:\\\/\\\/ucatedravino.es\\\/#organization\"},\"potentialAction\":[{\"@type\":\"SearchAction\",\"target\":{\"@type\":\"EntryPoint\",\"urlTemplate\":\"https:\\\/\\\/ucatedravino.es\\\/?s={search_term_string}\"},\"query-input\":{\"@type\":\"PropertyValueSpecification\",\"valueRequired\":true,\"valueName\":\"search_term_string\"}}],\"inLanguage\":\"en-GB\"},{\"@type\":\"Organization\",\"@id\":\"https:\\\/\\\/ucatedravino.es\\\/#organization\",\"name\":\"C\u00e1tedra Vino, Sociedad y Sostenibilidad\",\"url\":\"https:\\\/\\\/ucatedravino.es\\\/\",\"logo\":{\"@type\":\"ImageObject\",\"inLanguage\":\"en-GB\",\"@id\":\"https:\\\/\\\/ucatedravino.es\\\/#\\\/schema\\\/logo\\\/image\\\/\",\"url\":\"https:\\\/\\\/ucatedravino.es\\\/wp-content\\\/uploads\\\/2023\\\/11\\\/logo_catedraVino.png\",\"contentUrl\":\"https:\\\/\\\/ucatedravino.es\\\/wp-content\\\/uploads\\\/2023\\\/11\\\/logo_catedraVino.png\",\"width\":200,\"height\":93,\"caption\":\"C\u00e1tedra Vino, Sociedad y Sostenibilidad\"},\"image\":{\"@id\":\"https:\\\/\\\/ucatedravino.es\\\/#\\\/schema\\\/logo\\\/image\\\/\"},\"sameAs\":[\"https:\\\/\\\/www.facebook.com\\\/profile.php?id=61554673476914\",\"https:\\\/\\\/www.instagram.com\\\/ucatedravino\\\/\"]}]}<\/script>\n<!-- \/ Yoast SEO plugin. -->","yoast_head_json":{"title":"Dra. Mar\u00eda del Rosario D\u00edaz Ortega - C\u00e1tedra Vino, Sociedad y Sostenibilidad","robots":{"index":"index","follow":"follow","max-snippet":"max-snippet:-1","max-image-preview":"max-image-preview:large","max-video-preview":"max-video-preview:-1"},"canonical":"https:\/\/ucatedravino.es\/en\/dra-maria-del-rosario-diaz-ortega\/","og_locale":"en_GB","og_type":"article","og_title":"Dra. Mar\u00eda del Rosario D\u00edaz Ortega - C\u00e1tedra Vino, Sociedad y Sostenibilidad","og_url":"https:\/\/ucatedravino.es\/en\/dra-maria-del-rosario-diaz-ortega\/","og_site_name":"C\u00e1tedra Vino, Sociedad y Sostenibilidad","article_publisher":"https:\/\/www.facebook.com\/profile.php?id=61554673476914","article_modified_time":"2024-05-05T10:01:24+00:00","twitter_card":"summary_large_image","twitter_misc":{"Estimated reading time":"3 minutes"},"schema":{"@context":"https:\/\/schema.org","@graph":[{"@type":"WebPage","@id":"https:\/\/ucatedravino.es\/dra-maria-del-rosario-diaz-ortega\/","url":"https:\/\/ucatedravino.es\/dra-maria-del-rosario-diaz-ortega\/","name":"Dra. Mar\u00eda del Rosario D\u00edaz Ortega - C\u00e1tedra Vino, Sociedad y Sostenibilidad","isPartOf":{"@id":"https:\/\/ucatedravino.es\/#website"},"datePublished":"2024-05-05T09:56:27+00:00","dateModified":"2024-05-05T10:01:24+00:00","breadcrumb":{"@id":"https:\/\/ucatedravino.es\/dra-maria-del-rosario-diaz-ortega\/#breadcrumb"},"inLanguage":"en-GB","potentialAction":[{"@type":"ReadAction","target":["https:\/\/ucatedravino.es\/dra-maria-del-rosario-diaz-ortega\/"]}]},{"@type":"BreadcrumbList","@id":"https:\/\/ucatedravino.es\/dra-maria-del-rosario-diaz-ortega\/#breadcrumb","itemListElement":[{"@type":"ListItem","position":1,"name":"Portada","item":"https:\/\/ucatedravino.es\/"},{"@type":"ListItem","position":2,"name":"Dra. Mar\u00eda del Rosario D\u00edaz Ortega"}]},{"@type":"WebSite","@id":"https:\/\/ucatedravino.es\/#website","url":"https:\/\/ucatedravino.es\/","name":"C\u00e1tedra Vino, Sociedad y Sostenibilidad","description":"Facultad de CCSS y de la Comunicaci\u00f3n. Universidad de C\u00e1diz","publisher":{"@id":"https:\/\/ucatedravino.es\/#organization"},"potentialAction":[{"@type":"SearchAction","target":{"@type":"EntryPoint","urlTemplate":"https:\/\/ucatedravino.es\/?s={search_term_string}"},"query-input":{"@type":"PropertyValueSpecification","valueRequired":true,"valueName":"search_term_string"}}],"inLanguage":"en-GB"},{"@type":"Organization","@id":"https:\/\/ucatedravino.es\/#organization","name":"C\u00e1tedra Vino, Sociedad y Sostenibilidad","url":"https:\/\/ucatedravino.es\/","logo":{"@type":"ImageObject","inLanguage":"en-GB","@id":"https:\/\/ucatedravino.es\/#\/schema\/logo\/image\/","url":"https:\/\/ucatedravino.es\/wp-content\/uploads\/2023\/11\/logo_catedraVino.png","contentUrl":"https:\/\/ucatedravino.es\/wp-content\/uploads\/2023\/11\/logo_catedraVino.png","width":200,"height":93,"caption":"C\u00e1tedra Vino, Sociedad y Sostenibilidad"},"image":{"@id":"https:\/\/ucatedravino.es\/#\/schema\/logo\/image\/"},"sameAs":["https:\/\/www.facebook.com\/profile.php?id=61554673476914","https:\/\/www.instagram.com\/ucatedravino\/"]}]}},"_links":{"self":[{"href":"https:\/\/ucatedravino.es\/en\/wp-json\/wp\/v2\/pages\/472","targetHints":{"allow":["GET"]}}],"collection":[{"href":"https:\/\/ucatedravino.es\/en\/wp-json\/wp\/v2\/pages"}],"about":[{"href":"https:\/\/ucatedravino.es\/en\/wp-json\/wp\/v2\/types\/page"}],"author":[{"embeddable":true,"href":"https:\/\/ucatedravino.es\/en\/wp-json\/wp\/v2\/users\/2"}],"replies":[{"embeddable":true,"href":"https:\/\/ucatedravino.es\/en\/wp-json\/wp\/v2\/comments?post=472"}],"version-history":[{"count":3,"href":"https:\/\/ucatedravino.es\/en\/wp-json\/wp\/v2\/pages\/472\/revisions"}],"predecessor-version":[{"id":478,"href":"https:\/\/ucatedravino.es\/en\/wp-json\/wp\/v2\/pages\/472\/revisions\/478"}],"wp:attachment":[{"href":"https:\/\/ucatedravino.es\/en\/wp-json\/wp\/v2\/media?parent=472"}],"curies":[{"name":"wp","href":"https:\/\/api.w.org\/{rel}","templated":true}]}}